{"id":986038,"date":"2024-10-14T13:28:19","date_gmt":"2024-10-14T11:28:19","guid":{"rendered":"https:\/\/www.claret.cat\/llibre\/cristianos-en-la-encrucijada-9788432136702\/"},"modified":"2024-10-14T13:28:25","modified_gmt":"2024-10-14T11:28:25","slug":"cristianos-en-la-encrucijada-9788432136702","status":"publish","type":"product","link":"https:\/\/www.claret.cat\/es\/libro\/cristianos-en-la-encrucijada-9788432136702\/","title":{"rendered":"CRISTIANOS EN LA ENCRUCIJADA"},"content":{"rendered":"<p>La crisis de la cultura occidental -y en particular, de la europea- est\u00e1 a los ojos de todos. El inter\u00e9s por contribuir a la soluci\u00f3n de muchos de los problemas que aquejan a nuestras sociedades desesperanzadas, ha impulsado al autor a indagar en el per\u00edodo de entreguerras, cuando en circunstancias an\u00e1logas, diversos intelectuales cristianos avanzaron propuestas para superar la crisis. Quiz\u00e1 algunas de las luces sirvan hoy para iluminar los rincones oscuros de nuestra cultura europea<\/p>\n","protected":false},"excerpt":{"rendered":"<p>FAZIO, MARIANO<\/p>\n","protected":false},"featured_media":0,"template":"","meta":{"_acf_changed":false,"om_disable_all_campaigns":false,"rs_blank_template":"","rs_page_bg_color":"","slide_template_v7":"","inline_featured_image":false,"_monsterinsights_skip_tracking":false,"_monsterinsights_sitenote_active":false,"_monsterinsights_sitenote_note":"","_monsterinsights_sitenote_category":0},"product_brand":[],"product_cat":[291,517,170,441,491,241,437,163],"product_tag":[],"class_list":{"0":"post-986038","1":"product","2":"type-product","3":"status-publish","5":"product_cat-moral-social-i-politica","6":"product_cat-moral-social-y-politica","7":"product_cat-politica-i-social","8":"product_cat-politica-y-social","9":"product_cat-testimonios","10":"product_cat-testimonis","11":"product_cat-valores-y-convivencia","12":"product_cat-valors-i-convivencia","14":"first","15":"instock","16":"taxable","17":"shipping-taxable","18":"purchasable","19":"product-type-simple"},"acf":{"autor":"FAZIO, MARIANO","codart":"843213670","libros-coleccion":"","ediciones":"1","encuadernacion":"R\u00fastica","fecha_de_publicacion":"17\/03\/2008","novedad":"0","paginas":"298","subtitulo":"LOS INTELECTUALES CRISTIANOS EN EL PER\u00cdODO DE ENTREGUERRAS","orden":"999","portada":"0","idioma":"spa","editorial":[{"ID":6348,"post_author":"3","post_date":"2022-07-28 17:50:16","post_date_gmt":"2022-07-28 15:50:16","post_content":"","post_title":"Rialp","post_excerpt":"","post_status":"publish","comment_status":"closed","ping_status":"closed","post_password":"","post_name":"rialp","to_ping":"","pinged":"","post_modified":"2022-07-28 17:50:16","post_modified_gmt":"2022-07-28 15:50:16","post_content_filtered":"","post_parent":0,"guid":"http:\/\/dev.claret.cat\/editorial\/rialp\/","menu_order":0,"post_type":"editorial","post_mime_type":"","comment_count":"0","filter":"raw"}],"autores-libros":[{"ID":163852,"post_author":"3","post_date":"2022-10-14 17:42:22","post_date_gmt":"2022-10-14 15:42:22","post_content":"","post_title":"MARIANO FAZIO","post_excerpt":"","post_status":"publish","comment_status":"closed","ping_status":"closed","post_password":"","post_name":"mariano-fazio","to_ping":"","pinged":"","post_modified":"2022-10-14 17:42:22","post_modified_gmt":"2022-10-14 15:42:22","post_content_filtered":"","post_parent":0,"guid":"http:\/\/dev.claret.cat\/autor\/mariano-fazio\/","menu_order":0,"post_type":"autor","post_mime_type":"","comment_count":"0","filter":"raw"}]},"aioseo_notices":[],"_links":{"self":[{"href":"https:\/\/www.claret.cat\/es\/wp-json\/wp\/v2\/product\/986038","targetHints":{"allow":["GET"]}}],"collection":[{"href":"https:\/\/www.claret.cat\/es\/wp-json\/wp\/v2\/product"}],"about":[{"href":"https:\/\/www.claret.cat\/es\/wp-json\/wp\/v2\/types\/product"}],"wp:attachment":[{"href":"https:\/\/www.claret.cat\/es\/wp-json\/wp\/v2\/media?parent=986038"}],"wp:term":[{"taxonomy":"product_brand","embeddable":true,"href":"https:\/\/www.claret.cat\/es\/wp-json\/wp\/v2\/product_brand?post=986038"},{"taxonomy":"product_cat","embeddable":true,"href":"https:\/\/www.claret.cat\/es\/wp-json\/wp\/v2\/product_cat?post=986038"},{"taxonomy":"product_tag","embeddable":true,"href":"https:\/\/www.claret.cat\/es\/wp-json\/wp\/v2\/product_tag?post=986038"}],"curies":[{"name":"wp","href":"https:\/\/api.w.org\/{rel}","templated":true}]}}