{"id":98607,"date":"2022-10-12T07:27:59","date_gmt":"2022-10-12T05:27:59","guid":{"rendered":"http:\/\/dev.claret.cat\/producte\/la-hora-de-las-gaviotas\/"},"modified":"2023-01-28T16:16:33","modified_gmt":"2023-01-28T15:16:33","slug":"la-hora-de-las-gaviotas-9788401025655","status":"publish","type":"product","link":"https:\/\/www.claret.cat\/es\/libro\/la-hora-de-las-gaviotas-9788401025655\/","title":{"rendered":"LA HORA DE LAS GAVIOTAS"},"content":{"rendered":"<p>Nadie como Ibon Mart\u00edn para sumergirnos en uno de los enclaves m\u00e1s sobrecogedores de la costa vasca. El odio es el enemigo m\u00e1s peligroso.  Las gaviotas sobrevuelan inquietas la ciudad marinera de Hondarribia,  que se ha vestido con sus mejores galas para celebrar un d\u00eda especial.  Sus graznidos compiten con los alegres sonidos que inundan las calles,  donde los vecinos se preparan para disfrutar de la fiesta ajenos a la terrible amenaza que se cierne sobre ellos.  En mitad del desfile se desata el horror. Una pu\u00f1alada salvaje y certera  riega con sangre el fr\u00edo suelo de piedra. Una mujer ha muerto asesinada.  Y no ser\u00e1 la \u00faltima. La suboficial Ane Cestero y su unidad especial  tendr\u00e1n que dar caza a un asesino feroz e implacable, capaz de ocultarse a la vista de todo un pueblo.  La hora de las gaviotas es un thriller sinuoso, magn\u00e9tico e  impecable que nos enfrenta al peor de los enemigos: el odio visceral que late escondido en todos nosotros. Rese\u00f1a:<br \/>\u00abIbon Mart\u00edn parece ser el s\u00f3lido heredero natural de alguien como  Henning Mankell [&#8230;] Un escritorazo como la copa de un pino. Hay en \u00e9l  la sabidur\u00eda que proviene de observar el paisaje, para introducirlo en  el alma del texto. Y es de los que dejan la sensaci\u00f3n de que naturaleza  y mito est\u00e1n vivos, alerta y a punto de saltarnos encima. Un descubrimiento&#8230;\u00bb<br \/>Xurxo Fern\u00e1ndez, El Correo Gallego<\/p>\n","protected":false},"excerpt":{"rendered":"<p>MART\u00cdN, IBON<\/p>\n","protected":false},"featured_media":98608,"template":"","meta":{"_acf_changed":false,"om_disable_all_campaigns":false,"rs_blank_template":"","rs_page_bg_color":"","slide_template_v7":"","inline_featured_image":false,"_monsterinsights_skip_tracking":false,"_monsterinsights_sitenote_active":false,"_monsterinsights_sitenote_note":"","_monsterinsights_sitenote_category":0},"product_brand":[],"product_cat":[127],"product_tag":[],"class_list":{"0":"post-98607","1":"product","2":"type-product","3":"status-publish","4":"has-post-thumbnail","6":"product_cat-novella-contemporania","8":"first","9":"instock","10":"taxable","11":"shipping-taxable","12":"purchasable","13":"product-type-simple"},"acf":{"editorial":[{"ID":6332,"post_author":"3","post_date":"2022-07-28 17:49:55","post_date_gmt":"2022-07-28 15:49:55","post_content":"","post_title":"PLAZA JANES, S.A.","post_excerpt":"","post_status":"publish","comment_status":"closed","ping_status":"closed","post_password":"","post_name":"plaza-janes-s-a","to_ping":"","pinged":"","post_modified":"2022-07-28 17:49:55","post_modified_gmt":"2022-07-28 15:49:55","post_content_filtered":"","post_parent":0,"guid":"http:\/\/dev.claret.cat\/editorial\/plaza-janes-s-a\/","menu_order":0,"post_type":"editorial","post_mime_type":"","comment_count":"0","filter":"raw"}],"autores-libros":[{"ID":157726,"post_author":"3","post_date":"2022-10-14 15:31:08","post_date_gmt":"2022-10-14 13:31:08","post_content":"","post_title":"IBON MARTIN","post_excerpt":"","post_status":"publish","comment_status":"closed","ping_status":"closed","post_password":"","post_name":"ibon-martin","to_ping":"","pinged":"","post_modified":"2022-10-14 15:31:08","post_modified_gmt":"2022-10-14 13:31:08","post_content_filtered":"","post_parent":0,"guid":"http:\/\/dev.claret.cat\/autor\/ibon-martin\/","menu_order":0,"post_type":"autor","post_mime_type":"","comment_count":"0","filter":"raw"}],"autor":"MART\u00cdN, IBON","codart":"840102565","libros-coleccion":"\u00c9XITOS","ediciones":"1","encuadernacion":"R\u00fastica","fecha_de_publicacion":"01\/01\/2021","novedad":"1","paginas":"464","subtitulo":"","orden":"0","portada":"0","idioma":"spa"},"aioseo_notices":[],"_links":{"self":[{"href":"https:\/\/www.claret.cat\/es\/wp-json\/wp\/v2\/product\/98607","targetHints":{"allow":["GET"]}}],"collection":[{"href":"https:\/\/www.claret.cat\/es\/wp-json\/wp\/v2\/product"}],"about":[{"href":"https:\/\/www.claret.cat\/es\/wp-json\/wp\/v2\/types\/product"}],"wp:featuredmedia":[{"embeddable":true,"href":"https:\/\/www.claret.cat\/es\/wp-json\/wp\/v2\/media\/98608"}],"wp:attachment":[{"href":"https:\/\/www.claret.cat\/es\/wp-json\/wp\/v2\/media?parent=98607"}],"wp:term":[{"taxonomy":"product_brand","embeddable":true,"href":"https:\/\/www.claret.cat\/es\/wp-json\/wp\/v2\/product_brand?post=98607"},{"taxonomy":"product_cat","embeddable":true,"href":"https:\/\/www.claret.cat\/es\/wp-json\/wp\/v2\/product_cat?post=98607"},{"taxonomy":"product_tag","embeddable":true,"href":"https:\/\/www.claret.cat\/es\/wp-json\/wp\/v2\/product_tag?post=98607"}],"curies":[{"name":"wp","href":"https:\/\/api.w.org\/{rel}","templated":true}]}}