{"id":98610,"date":"2022-10-12T07:28:01","date_gmt":"2022-10-12T05:28:01","guid":{"rendered":"http:\/\/dev.claret.cat\/producte\/suenos-por-cumplir-la-diversion-de-martina-10\/"},"modified":"2023-01-28T11:19:30","modified_gmt":"2023-01-28T10:19:30","slug":"suenos-por-cumplir-la-diversion-de-martina-10-9788418318450","status":"publish","type":"product","link":"https:\/\/www.claret.cat\/es\/libro\/suenos-por-cumplir-la-diversion-de-martina-10-9788418318450\/","title":{"rendered":"SUE\u00d1OS POR CUMPLIR (LA DIVERSI\u00d3N DE MARTINA 10)"},"content":{"rendered":"<p>\u00a1No te pierdas esta nueva aventura de #LaDiversionDeMartina! No puedo estar m\u00e1s feliz, y es que este a\u00f1o voy a cumplir uno de los  sue\u00f1os m\u00e1s incre\u00edbles de mi vida: ir con todos mis amigos a \u00a1Florida! Es literalmente uno de los mejores lugares del mundo: playa, sol,  m\u00fasica&#8230; lo \u00fanico que lo hace todav\u00eda mejor es compartir este viaje con  Hugo, pero no puedo evitar estar un poco triste porque no sabemos si este puede ser el \u00faltimo curso que estemos juntos# Aunque no me voy a quedar esperando a que el destino decida por nosotros# \u00a1Voy a escribir mi propio camino!<\/p>\n","protected":false},"excerpt":{"rendered":"<p>D&#8217;ANTIOCHIA, MARTINA<\/p>\n","protected":false},"featured_media":98611,"template":"","meta":{"_acf_changed":false,"om_disable_all_campaigns":false,"rs_blank_template":"","rs_page_bg_color":"","slide_template_v7":"","inline_featured_image":false,"_monsterinsights_skip_tracking":false,"_monsterinsights_sitenote_active":false,"_monsterinsights_sitenote_note":"","_monsterinsights_sitenote_category":0},"product_brand":[],"product_cat":[16],"product_tag":[],"class_list":{"0":"post-98610","1":"product","2":"type-product","3":"status-publish","4":"has-post-thumbnail","6":"product_cat-sense-categoria","8":"first","9":"instock","10":"taxable","11":"shipping-taxable","12":"purchasable","13":"product-type-simple"},"acf":{"editorial":[{"ID":6310,"post_author":"3","post_date":"2022-07-28 17:49:26","post_date_gmt":"2022-07-28 15:49:26","post_content":"","post_title":"MONTENA","post_excerpt":"","post_status":"publish","comment_status":"closed","ping_status":"closed","post_password":"","post_name":"montena","to_ping":"","pinged":"","post_modified":"2022-07-28 17:49:26","post_modified_gmt":"2022-07-28 15:49:26","post_content_filtered":"","post_parent":0,"guid":"http:\/\/dev.claret.cat\/editorial\/montena\/","menu_order":0,"post_type":"editorial","post_mime_type":"","comment_count":"0","filter":"raw"}],"autor":"D'ANTIOCHIA, MARTINA","codart":"841831845","libros-coleccion":"La diversi\u00f3n de Martina","ediciones":"1","encuadernacion":"Carton\u00e9","fecha_de_publicacion":"01\/01\/2021","novedad":"1","paginas":"0","subtitulo":"","orden":"0","portada":"0","idioma":"spa","autores-libros":[{"ID":164327,"post_author":"3","post_date":"2022-10-14 17:46:11","post_date_gmt":"2022-10-14 15:46:11","post_content":"","post_title":"MARTINA D\u00b4ANTIOCHIA","post_excerpt":"","post_status":"publish","comment_status":"closed","ping_status":"closed","post_password":"","post_name":"martina-dantiochia-2","to_ping":"","pinged":"","post_modified":"2022-10-14 17:46:11","post_modified_gmt":"2022-10-14 15:46:11","post_content_filtered":"","post_parent":0,"guid":"http:\/\/dev.claret.cat\/autor\/martina-dantiochia-2\/","menu_order":0,"post_type":"autor","post_mime_type":"","comment_count":"0","filter":"raw"}]},"aioseo_notices":[],"_links":{"self":[{"href":"https:\/\/www.claret.cat\/es\/wp-json\/wp\/v2\/product\/98610","targetHints":{"allow":["GET"]}}],"collection":[{"href":"https:\/\/www.claret.cat\/es\/wp-json\/wp\/v2\/product"}],"about":[{"href":"https:\/\/www.claret.cat\/es\/wp-json\/wp\/v2\/types\/product"}],"wp:featuredmedia":[{"embeddable":true,"href":"https:\/\/www.claret.cat\/es\/wp-json\/wp\/v2\/media\/98611"}],"wp:attachment":[{"href":"https:\/\/www.claret.cat\/es\/wp-json\/wp\/v2\/media?parent=98610"}],"wp:term":[{"taxonomy":"product_brand","embeddable":true,"href":"https:\/\/www.claret.cat\/es\/wp-json\/wp\/v2\/product_brand?post=98610"},{"taxonomy":"product_cat","embeddable":true,"href":"https:\/\/www.claret.cat\/es\/wp-json\/wp\/v2\/product_cat?post=98610"},{"taxonomy":"product_tag","embeddable":true,"href":"https:\/\/www.claret.cat\/es\/wp-json\/wp\/v2\/product_tag?post=98610"}],"curies":[{"name":"wp","href":"https:\/\/api.w.org\/{rel}","templated":true}]}}