{"id":986159,"date":"2024-10-14T15:45:47","date_gmt":"2024-10-14T13:45:47","guid":{"rendered":"https:\/\/www.claret.cat\/llibre\/todo-lo-que-hay-que-saber-dinosaurios-9788482988733\/"},"modified":"2025-02-04T17:23:54","modified_gmt":"2025-02-04T16:23:54","slug":"todo-lo-que-hay-que-saber-dinosaurios-9788482988733","status":"publish","type":"product","link":"https:\/\/www.claret.cat\/es\/libro\/todo-lo-que-hay-que-saber-dinosaurios-9788482988733\/","title":{"rendered":"TODO LO QUE HAY QUE SABER &#8211; DINOSAURIOS"},"content":{"rendered":"<p>El libro que te descubre todos los secretos y curiosidades sobre estos animales prehist\u00f3ricos. Ad\u00e9ntrate en el fascinante mundo de los dinosaurios con este libro que te ense\u00f1ar\u00e1 a identificar f\u00f3siles y te llevar\u00e1 a pasear junto a herb\u00edvoros gigantes y a enzarzarte con los depredadores m\u00e1s fieros que recorrieron la Tierra. Con m\u00e1s de 100 im\u00e1genes a todo color, datos curiosos, mapas, an\u00e9cdotas de expertos en el tema, diagramas e infograf\u00edas, este impresionante volumen har\u00e1 las delicias de los futuros paleont\u00f3logos.<\/p>\n","protected":false},"excerpt":{"rendered":"<p>HOENA, BLAKE<\/p>\n","protected":false},"featured_media":986160,"template":"","meta":{"_acf_changed":false,"om_disable_all_campaigns":false,"rs_blank_template":"","rs_page_bg_color":"","slide_template_v7":"","inline_featured_image":false,"_monsterinsights_skip_tracking":false,"_monsterinsights_sitenote_active":false,"_monsterinsights_sitenote_note":"","_monsterinsights_sitenote_category":0},"product_brand":[],"product_cat":[131,132,361,362],"product_tag":[],"class_list":{"0":"post-986159","1":"product","2":"type-product","3":"status-publish","4":"has-post-thumbnail","6":"product_cat-contes-per-infants-0-6-anys","7":"product_cat-lectures-per-preadolescents-6-12-anys","8":"product_cat-cuentos-para-ninos-0-6-anos","9":"product_cat-libros-preadolescentes-6-12-anos","11":"first","12":"instock","13":"taxable","14":"shipping-taxable","15":"purchasable","16":"product-type-simple"},"acf":{"autor":"HOENA, BLAKE","codart":"848298873","libros-coleccion":"FORA DE COL.LECCI\u00d3","ediciones":"1","encuadernacion":"Carton\u00e9","fecha_de_publicacion":"01\/10\/2024","novedad":"1","paginas":"61","subtitulo":"AD\u00c9NTRATE EN UN MUNDO PREHIST\u00d3RICO LLENO DE IM\u00c1GENES, DATOS Y DIVERSI\u00d3N","orden":"0","portada":"0","idioma":"spa","editorial":[{"ID":148560,"post_author":"3","post_date":"2022-10-14 11:59:12","post_date_gmt":"2022-10-14 09:59:12","post_content":"","post_title":"National Geographic","post_excerpt":"","post_status":"publish","comment_status":"closed","ping_status":"closed","post_password":"","post_name":"national-geographic","to_ping":"","pinged":"","post_modified":"2022-10-14 11:59:12","post_modified_gmt":"2022-10-14 09:59:12","post_content_filtered":"","post_parent":0,"guid":"http:\/\/dev.claret.cat\/editorial\/national-geographic\/","menu_order":0,"post_type":"editorial","post_mime_type":"","comment_count":"0","filter":"raw"}]},"aioseo_notices":[],"_links":{"self":[{"href":"https:\/\/www.claret.cat\/es\/wp-json\/wp\/v2\/product\/986159","targetHints":{"allow":["GET"]}}],"collection":[{"href":"https:\/\/www.claret.cat\/es\/wp-json\/wp\/v2\/product"}],"about":[{"href":"https:\/\/www.claret.cat\/es\/wp-json\/wp\/v2\/types\/product"}],"wp:featuredmedia":[{"embeddable":true,"href":"https:\/\/www.claret.cat\/es\/wp-json\/wp\/v2\/media\/986160"}],"wp:attachment":[{"href":"https:\/\/www.claret.cat\/es\/wp-json\/wp\/v2\/media?parent=986159"}],"wp:term":[{"taxonomy":"product_brand","embeddable":true,"href":"https:\/\/www.claret.cat\/es\/wp-json\/wp\/v2\/product_brand?post=986159"},{"taxonomy":"product_cat","embeddable":true,"href":"https:\/\/www.claret.cat\/es\/wp-json\/wp\/v2\/product_cat?post=986159"},{"taxonomy":"product_tag","embeddable":true,"href":"https:\/\/www.claret.cat\/es\/wp-json\/wp\/v2\/product_tag?post=986159"}],"curies":[{"name":"wp","href":"https:\/\/api.w.org\/{rel}","templated":true}]}}