{"id":986276,"date":"2024-10-15T12:00:16","date_gmt":"2024-10-15T10:00:16","guid":{"rendered":"https:\/\/www.claret.cat\/llibre\/la-dimension-pneumatologica-en-la-espiritualidad-misionera-de-juan-esquerda-bifet-9788412837476\/"},"modified":"2024-10-15T12:15:24","modified_gmt":"2024-10-15T10:15:24","slug":"la-dimension-pneumatologica-en-la-espiritualidad-misionera-de-juan-esquerda-bifet-9788412837476","status":"publish","type":"product","link":"https:\/\/www.claret.cat\/es\/libro\/la-dimension-pneumatologica-en-la-espiritualidad-misionera-de-juan-esquerda-bifet-9788412837476\/","title":{"rendered":"LA DIMENSI\u00d3N PNEUMAT\u00d3LOGICA EN LA ESPIRITUALIDAD MISIONERA DE JUAN ESQUERDA BIFET"},"content":{"rendered":"<p>El presente estudio aborda la aportaci\u00f3n esencial de Juan Esquerda para situar la Espiritualidad Misionera en el centro de los estudios teol\u00f3gicos y de la vida de la Iglesia. Partiendo del Concilio Vaticano II analiza c\u00f3mo Esquerda profundiza y enriquece los documentos misioneros del magisterio postconciliar. <\/p>\n","protected":false},"excerpt":{"rendered":"<p>SOLER RIBAS, JOAN<\/p>\n","protected":false},"featured_media":986298,"template":"","meta":{"_acf_changed":false,"om_disable_all_campaigns":false,"rs_blank_template":"","rs_page_bg_color":"","slide_template_v7":"","inline_featured_image":false,"_monsterinsights_skip_tracking":false,"_monsterinsights_sitenote_active":false,"_monsterinsights_sitenote_note":"","_monsterinsights_sitenote_category":0},"product_brand":[],"product_cat":[92,542],"product_tag":[],"class_list":{"0":"post-986276","1":"product","2":"type-product","3":"status-publish","4":"has-post-thumbnail","6":"product_cat-vida-religiosa","7":"product_cat-vida-religiosa-1_espiritualidad-spa","9":"first","10":"instock","11":"taxable","12":"shipping-taxable","13":"purchasable","14":"product-type-simple"},"acf":{"autor":"SOLER RIBAS, JOAN","codart":"841283747","libros-coleccion":"","ediciones":"1","encuadernacion":"R\u00fastica","fecha_de_publicacion":"15\/10\/2024","novedad":"1","paginas":"425","subtitulo":"RECEPCI\u00d3N Y PROFUNDIZACI\u00d3N DEL MAGISTERIO ECLESIAL MISIONERO ","orden":"0","portada":"1","idioma":"spa","editorial":[{"ID":6253,"post_author":"3","post_date":"2022-07-28 17:48:14","post_date_gmt":"2022-07-28 15:48:14","post_content":"","post_title":"Facultat Teologia de Catalunya","post_excerpt":"","post_status":"publish","comment_status":"closed","ping_status":"closed","post_password":"","post_name":"facultat-teologia-de-catalunya","to_ping":"","pinged":"","post_modified":"2022-07-28 17:48:14","post_modified_gmt":"2022-07-28 15:48:14","post_content_filtered":"","post_parent":0,"guid":"http:\/\/dev.claret.cat\/editorial\/facultat-teologia-de-catalunya\/","menu_order":0,"post_type":"editorial","post_mime_type":"","comment_count":"0","filter":"raw"}]},"aioseo_notices":[],"_links":{"self":[{"href":"https:\/\/www.claret.cat\/es\/wp-json\/wp\/v2\/product\/986276","targetHints":{"allow":["GET"]}}],"collection":[{"href":"https:\/\/www.claret.cat\/es\/wp-json\/wp\/v2\/product"}],"about":[{"href":"https:\/\/www.claret.cat\/es\/wp-json\/wp\/v2\/types\/product"}],"wp:featuredmedia":[{"embeddable":true,"href":"https:\/\/www.claret.cat\/es\/wp-json\/wp\/v2\/media\/986298"}],"wp:attachment":[{"href":"https:\/\/www.claret.cat\/es\/wp-json\/wp\/v2\/media?parent=986276"}],"wp:term":[{"taxonomy":"product_brand","embeddable":true,"href":"https:\/\/www.claret.cat\/es\/wp-json\/wp\/v2\/product_brand?post=986276"},{"taxonomy":"product_cat","embeddable":true,"href":"https:\/\/www.claret.cat\/es\/wp-json\/wp\/v2\/product_cat?post=986276"},{"taxonomy":"product_tag","embeddable":true,"href":"https:\/\/www.claret.cat\/es\/wp-json\/wp\/v2\/product_tag?post=986276"}],"curies":[{"name":"wp","href":"https:\/\/api.w.org\/{rel}","templated":true}]}}