{"id":986320,"date":"2024-10-15T15:40:06","date_gmt":"2024-10-15T13:40:06","guid":{"rendered":"https:\/\/www.claret.cat\/llibre\/mina-trolina-3-missio-cupido-9788413493435\/"},"modified":"2024-10-15T15:40:44","modified_gmt":"2024-10-15T13:40:44","slug":"mina-trolina-3-missio-cupido-9788413493435","status":"publish","type":"product","link":"https:\/\/www.claret.cat\/es\/libro\/mina-trolina-3-missio-cupido-9788413493435\/","title":{"rendered":"MINA TROLINA, 3. MISSI\u00d3 CUPIDO"},"content":{"rendered":"<p>La Mina Trolina \u00e9s divertida com un trol i m\u00e0gica com una fada!<br \/> A l&#8221;escola de fades hi arriba un nou alumne: en Jacint. L&#8221;Ol\u00edvia, la millor amiga de la Mina Trolina, se n&#8221;enamora perdudament aix\u00ed que el veu, per\u00f2 cada cop que hi parla es posa vermella com un pebrot i no pot dir ni piu. La Mina s&#8221;ocupar\u00e0 de resoldre el problema! La petita trol \u00e9s un geni fent encanteris per parlar sense vergonya, o almenys aix\u00f2 \u00e9s el que ella creu&#8230; Aconseguir\u00e0 l&#8221;Ol\u00edvia cridar l&#8221;atenci\u00f3 d&#8221;en Jacint, o la Mina far\u00e0 una altra de les seves malifetes?<\/p>\n","protected":false},"excerpt":{"rendered":"<p>VILLETTA, AMELIA<\/p>\n","protected":false},"featured_media":986321,"template":"","meta":{"_acf_changed":false,"om_disable_all_campaigns":false,"rs_blank_template":"","rs_page_bg_color":"","slide_template_v7":"","inline_featured_image":false,"_monsterinsights_skip_tracking":false,"_monsterinsights_sitenote_active":false,"_monsterinsights_sitenote_note":"","_monsterinsights_sitenote_category":0},"product_brand":[],"product_cat":[132,362],"product_tag":[],"class_list":{"0":"post-986320","1":"product","2":"type-product","3":"status-publish","4":"has-post-thumbnail","6":"product_cat-lectures-per-preadolescents-6-12-anys","7":"product_cat-libros-preadolescentes-6-12-anos","9":"first","10":"instock","11":"taxable","12":"shipping-taxable","13":"purchasable","14":"product-type-simple"},"acf":{"autor":"VILLETTA, AMELIA","codart":"841349343","libros-coleccion":"Catal\u00e1 - A Partir De 6 Anys - Personatge","ediciones":"1","encuadernacion":"R\u00fastica","fecha_de_publicacion":"01\/10\/2024","novedad":"1","paginas":"117","subtitulo":"DIVERTIDA COM UN TROL, M\u00c0GICA COM UNA FADA","orden":"0","portada":"0","idioma":"cat","editorial":[{"ID":147936,"post_author":"3","post_date":"2022-10-14 11:54:22","post_date_gmt":"2022-10-14 09:54:22","post_content":"","post_title":"Editorial Bru\u00f1o","post_excerpt":"","post_status":"publish","comment_status":"closed","ping_status":"closed","post_password":"","post_name":"editorial-bruno","to_ping":"","pinged":"","post_modified":"2022-10-14 11:54:22","post_modified_gmt":"2022-10-14 09:54:22","post_content_filtered":"","post_parent":0,"guid":"http:\/\/dev.claret.cat\/editorial\/editorial-bruno\/","menu_order":0,"post_type":"editorial","post_mime_type":"","comment_count":"0","filter":"raw"}]},"aioseo_notices":[],"_links":{"self":[{"href":"https:\/\/www.claret.cat\/es\/wp-json\/wp\/v2\/product\/986320","targetHints":{"allow":["GET"]}}],"collection":[{"href":"https:\/\/www.claret.cat\/es\/wp-json\/wp\/v2\/product"}],"about":[{"href":"https:\/\/www.claret.cat\/es\/wp-json\/wp\/v2\/types\/product"}],"wp:featuredmedia":[{"embeddable":true,"href":"https:\/\/www.claret.cat\/es\/wp-json\/wp\/v2\/media\/986321"}],"wp:attachment":[{"href":"https:\/\/www.claret.cat\/es\/wp-json\/wp\/v2\/media?parent=986320"}],"wp:term":[{"taxonomy":"product_brand","embeddable":true,"href":"https:\/\/www.claret.cat\/es\/wp-json\/wp\/v2\/product_brand?post=986320"},{"taxonomy":"product_cat","embeddable":true,"href":"https:\/\/www.claret.cat\/es\/wp-json\/wp\/v2\/product_cat?post=986320"},{"taxonomy":"product_tag","embeddable":true,"href":"https:\/\/www.claret.cat\/es\/wp-json\/wp\/v2\/product_tag?post=986320"}],"curies":[{"name":"wp","href":"https:\/\/api.w.org\/{rel}","templated":true}]}}