{"id":986491,"date":"2024-10-16T11:40:21","date_gmt":"2024-10-16T09:40:21","guid":{"rendered":"https:\/\/www.claret.cat\/llibre\/fechas-que-hicieron-historia-9788433927323\/"},"modified":"2025-09-22T18:46:17","modified_gmt":"2025-09-22T16:46:17","slug":"fechas-que-hicieron-historia-9788433927323","status":"publish","type":"product","link":"https:\/\/www.claret.cat\/es\/libro\/fechas-que-hicieron-historia-9788433927323\/","title":{"rendered":"FECHAS QUE HICIERON HISTORIA"},"content":{"rendered":"<p>Un iluminador libro\u00a0que nos ilustra, y en algunos casos nos advierte, sobre c\u00f3mo se escribe, y a veces se borra, la historia. \u00bfDe qu\u00e9 hablamos cuando hablamos de acontecimiento hist\u00f3rico? \u00bfC\u00f3mo han llegado a establecerse en los manuales de historia algunas fechas que damos por supuestas? \u00bfC\u00f3mo se han instalado en nuestra memoria colectiva?Este libro, un ejemplo de alta divulgaci\u00f3n, se propone explorar estas cuestiones a partir de treinta hechos hist\u00f3ricos que abarcan todas las \u00e9pocas y todos los rincones del mundo: del descubrimiento de las pinturas rupestres en la cueva de Lascaux a la liberaci\u00f3n de Nelson Mandela, de las grandes batallas en Asia central a la conquista del Polo Sur. Cada acontecimiento, sea m\u00e1s o menos c\u00e9lebre, aparece siempre como la puerta de entrada a una historia que pretende acoger imaginarios, memorias y emociones diversas, porque, como demuestra Patrick Boucheron, m\u00e1s all\u00e1 de sus implicaciones te\u00f3ricas, la historia afecta de lleno nuestras vidas. Algunos de estos momentos separan de manera n\u00edtida un antes y un despu\u00e9s y nos descubren \u00edntimamente la naturaleza quebradiza del paso del tiempo. Otros son sucesos de consecuencias m\u00e1s inciertas, m\u00e1s huidizas, menos aprehensibles en el presente. Algunos los recordamos por ser fundaciones o refundaciones; otros, por ser cat\u00e1strofes hist\u00f3ricas, otros m\u00e1s por ser batallas que se han convertido en verdaderas liturgias del destino. Y est\u00e1n aquellos que nos recuerdan lo que pudo haber sido y no fue. Al volver sobre ellos, al interrogarlos nuevamente, Patrick Boucheron hace resonar su eco en nuestra memoria y devuelve a la historia su fuerza motriz y su capacidad de sorprendernos siempre.<\/p>\n","protected":false},"excerpt":{"rendered":"<p>BOUCHERON, PATRICK<\/p>\n","protected":false},"featured_media":1012558,"template":"","meta":{"_acf_changed":false,"om_disable_all_campaigns":false,"rs_blank_template":"","rs_page_bg_color":"","slide_template_v7":"","inline_featured_image":false,"_monsterinsights_skip_tracking":false,"_monsterinsights_sitenote_active":false,"_monsterinsights_sitenote_note":"","_monsterinsights_sitenote_category":0},"product_brand":[],"product_cat":[157,370],"product_tag":[],"class_list":{"0":"post-986491","1":"product","2":"type-product","3":"status-publish","4":"has-post-thumbnail","6":"product_cat-investigacio-i-corrents","7":"product_cat-investigacion-y-corrientes","9":"first","10":"instock","11":"taxable","12":"shipping-taxable","13":"purchasable","14":"product-type-simple"},"acf":{"autor":"BOUCHERON, PATRICK","codart":"843392732","libros-coleccion":"Argumentos","ediciones":"1","encuadernacion":"R\u00fastica","fecha_de_publicacion":"01\/10\/2024","novedad":"1","paginas":"541","subtitulo":"DIEZ FORMAS DE CREAR UN ACONTECIMIENTO","orden":"0","portada":"0","idioma":"spa","editorial":[{"ID":147428,"post_author":"3","post_date":"2022-10-14 11:50:30","post_date_gmt":"2022-10-14 09:50:30","post_content":"","post_title":"ANAGRAMA","post_excerpt":"","post_status":"publish","comment_status":"closed","ping_status":"closed","post_password":"","post_name":"anagrama","to_ping":"","pinged":"","post_modified":"2022-10-14 11:50:30","post_modified_gmt":"2022-10-14 09:50:30","post_content_filtered":"","post_parent":0,"guid":"http:\/\/dev.claret.cat\/editorial\/anagrama\/","menu_order":0,"post_type":"editorial","post_mime_type":"","comment_count":"0","filter":"raw"}],"booktrailer":"","resenas":""},"aioseo_notices":[],"_links":{"self":[{"href":"https:\/\/www.claret.cat\/es\/wp-json\/wp\/v2\/product\/986491","targetHints":{"allow":["GET"]}}],"collection":[{"href":"https:\/\/www.claret.cat\/es\/wp-json\/wp\/v2\/product"}],"about":[{"href":"https:\/\/www.claret.cat\/es\/wp-json\/wp\/v2\/types\/product"}],"wp:featuredmedia":[{"embeddable":true,"href":"https:\/\/www.claret.cat\/es\/wp-json\/wp\/v2\/media\/1012558"}],"wp:attachment":[{"href":"https:\/\/www.claret.cat\/es\/wp-json\/wp\/v2\/media?parent=986491"}],"wp:term":[{"taxonomy":"product_brand","embeddable":true,"href":"https:\/\/www.claret.cat\/es\/wp-json\/wp\/v2\/product_brand?post=986491"},{"taxonomy":"product_cat","embeddable":true,"href":"https:\/\/www.claret.cat\/es\/wp-json\/wp\/v2\/product_cat?post=986491"},{"taxonomy":"product_tag","embeddable":true,"href":"https:\/\/www.claret.cat\/es\/wp-json\/wp\/v2\/product_tag?post=986491"}],"curies":[{"name":"wp","href":"https:\/\/api.w.org\/{rel}","templated":true}]}}