{"id":986494,"date":"2024-10-16T11:50:20","date_gmt":"2024-10-16T09:50:20","guid":{"rendered":"https:\/\/www.claret.cat\/llibre\/hablemos-de-los-psicofarmacos-9788410313194\/"},"modified":"2024-10-16T12:06:04","modified_gmt":"2024-10-16T10:06:04","slug":"hablemos-de-los-psicofarmacos-9788410313194","status":"publish","type":"product","link":"https:\/\/www.claret.cat\/es\/libro\/hablemos-de-los-psicofarmacos-9788410313194\/","title":{"rendered":"HABLEMOS DE LOS PSICOF\u00c1RMACOS"},"content":{"rendered":"<p>Qu\u00e9 son realmente los psicof\u00e1rmacos, para qu\u00e9<br \/> sirven, c\u00f3mo act\u00faan y qu\u00e9 efectos secundarios tienen.<\/p>\n<p> \u00bfQui\u00e9n no ha tomado alguna vez un psicof\u00e1rmaco?<br \/> Y, sin embargo, \u00bfqui\u00e9n no alberga alg\u00fan prejuicio<br \/> sobre ellos, sobre quienes los toman o sobre los<br \/> m\u00e9dicos que los prescriben? La enfermedad mental<br \/> no es consecuencia de malas decisiones ni de<br \/> una personalidad d\u00e9bil. La voluntad, los cambios<br \/> de h\u00e1bitos y el mensaje de determinaci\u00f3n de \u00abt\u00fa<br \/> puedes\u00bb que se utilizan para mejorar el bienestar<br \/> emocional no son suficientes para tratar un trastorno<br \/> mental. En estos casos, los tratamientos disponibles<br \/> son la psicoterapia y la medicaci\u00f3n, los cuales se<br \/> complementan muy bien, como afirma el doctor<br \/> David L\u00f3pez en esta gu\u00eda divulgativa sobre los<br \/> tratamientos farmacol\u00f3gicos en salud mental.<br \/> Con rigor y estilo divulgativo, desde su experiencia<br \/> cl\u00ednica como psiquiatra y psicoterapeuta, el autor<br \/> despeja muchas dudas acerca de los cinco grandes<br \/> grupos de psicof\u00e1rmacos: ansiol\u00edticos, antidepresivos,<br \/> estimulantes, antipsic\u00f3ticos y estabilizadores del<br \/> estado de \u00e1nimo. Adem\u00e1s, explica con claridad<br \/> en qu\u00e9 situaciones est\u00e1 indicada la medicaci\u00f3n<br \/> y en cu\u00e1les es m\u00e1s apropiada la psicoterapia<br \/> o la combinaci\u00f3n de ambos tratamientos.<\/p>\n<p> La cr\u00edtica ha dicho&#8230;<\/p>\n<p> \u00ab\u00a1Por fin! Una reveladora mirada hol\u00edstica<br \/> y humanizada de los psicof\u00e1rmacos\u00bb.<br \/> Jos\u00e9 Luis Carrasco<\/p>\n","protected":false},"excerpt":{"rendered":"<p>L\u00d3PEZ G\u00d3MEZ, DAVID<\/p>\n","protected":false},"featured_media":986495,"template":"","meta":{"_acf_changed":false,"om_disable_all_campaigns":false,"rs_blank_template":"","rs_page_bg_color":"","slide_template_v7":"","inline_featured_image":false,"_monsterinsights_skip_tracking":false,"_monsterinsights_sitenote_active":false,"_monsterinsights_sitenote_note":"","_monsterinsights_sitenote_category":0},"product_brand":[],"product_cat":[547,97],"product_tag":[],"class_list":{"0":"post-986494","1":"product","2":"type-product","3":"status-publish","4":"has-post-thumbnail","6":"product_cat-salud","7":"product_cat-salut","9":"first","10":"instock","11":"taxable","12":"shipping-taxable","13":"purchasable","14":"product-type-simple"},"acf":{"autor":"L\u00d3PEZ G\u00d3MEZ, DAVID","codart":"841031319","libros-coleccion":"Psicolog\u00eda","ediciones":"1","encuadernacion":"R\u00fastica","fecha_de_publicacion":"01\/10\/2024","novedad":"1","paginas":"288","subtitulo":"","orden":"0","portada":"0","idioma":"spa","editorial":[{"ID":6127,"post_author":"3","post_date":"2022-07-28 17:45:28","post_date_gmt":"2022-07-28 15:45:28","post_content":"","post_title":"ARPA EDITORES","post_excerpt":"","post_status":"publish","comment_status":"closed","ping_status":"closed","post_password":"","post_name":"arpa-editores","to_ping":"","pinged":"","post_modified":"2022-07-28 17:45:28","post_modified_gmt":"2022-07-28 15:45:28","post_content_filtered":"","post_parent":0,"guid":"http:\/\/dev.claret.cat\/editorial\/arpa-editores\/","menu_order":0,"post_type":"editorial","post_mime_type":"","comment_count":"0","filter":"raw"}]},"aioseo_notices":[],"_links":{"self":[{"href":"https:\/\/www.claret.cat\/es\/wp-json\/wp\/v2\/product\/986494","targetHints":{"allow":["GET"]}}],"collection":[{"href":"https:\/\/www.claret.cat\/es\/wp-json\/wp\/v2\/product"}],"about":[{"href":"https:\/\/www.claret.cat\/es\/wp-json\/wp\/v2\/types\/product"}],"wp:featuredmedia":[{"embeddable":true,"href":"https:\/\/www.claret.cat\/es\/wp-json\/wp\/v2\/media\/986495"}],"wp:attachment":[{"href":"https:\/\/www.claret.cat\/es\/wp-json\/wp\/v2\/media?parent=986494"}],"wp:term":[{"taxonomy":"product_brand","embeddable":true,"href":"https:\/\/www.claret.cat\/es\/wp-json\/wp\/v2\/product_brand?post=986494"},{"taxonomy":"product_cat","embeddable":true,"href":"https:\/\/www.claret.cat\/es\/wp-json\/wp\/v2\/product_cat?post=986494"},{"taxonomy":"product_tag","embeddable":true,"href":"https:\/\/www.claret.cat\/es\/wp-json\/wp\/v2\/product_tag?post=986494"}],"curies":[{"name":"wp","href":"https:\/\/api.w.org\/{rel}","templated":true}]}}