{"id":986518,"date":"2024-10-16T12:00:07","date_gmt":"2024-10-16T10:00:07","guid":{"rendered":"https:\/\/www.claret.cat\/llibre\/les-petites-vampires-9788412833492\/"},"modified":"2025-05-13T10:54:28","modified_gmt":"2025-05-13T08:54:28","slug":"les-petites-vampires-9788412833492","status":"publish","type":"product","link":"https:\/\/www.claret.cat\/es\/libro\/les-petites-vampires-9788412833492\/","title":{"rendered":"LES PETITES VAMPIRES"},"content":{"rendered":"<h1><strong>Llibre nominat al Premi Llibreter 2025 de literatura Catalana<\/strong><\/h1>\n<p>La Nat\u00e0lia t\u00e9 quinze anys i torna al poble, com cada any, per passar-hi l\u2019estiu i veure l\u2019Emma, la seva millor amiga de la infantesa, que t\u00e9 la sang malalta i ha patit des de petita la por i l\u2019hostilitat dels ve\u00efns. Al llarg dels anys, les dues amigues han creat un m\u00f3n propi guiat per les dues passions principals de l\u2019Emma: l\u2019amor a la seva cosina Candela i l\u2019odi cap als forasters que fa temps es van instal\u00b7lar a la masia de Les Agulles. Al mateix autob\u00fas en qu\u00e8 viatja la Nat\u00e0lia cam\u00ed del poble hi puja el Mart\u00edn, un jove universitari que aprofita les vacances per donar un cop de m\u00e0 a la Candela rere la barra del bar familiar: el que ell concep com una aventura per escapar del tedi i l\u2019angoixa vital el porta a endinsar-se en un ambient teixit de relacions estranyes de les quals no compr\u00e8n res. Amb una prosa minimalista i continguda, sense floritures, Maria Guasch ha bastit una novel\u00b7la g\u00f2tica i inquietant, poderosa i pertorbadora, que explora la maldat i la ranc\u00fania que s\u2019amaguen a dins les cases d\u2019un poble petit i claustrof\u00f2bic.<\/p>\n","protected":false},"excerpt":{"rendered":"<p>GUASCH, MARIA<\/p>\n","protected":false},"featured_media":986742,"template":"","meta":{"_acf_changed":false,"om_disable_all_campaigns":false,"rs_blank_template":"","rs_page_bg_color":"","slide_template_v7":"","inline_featured_image":false,"_monsterinsights_skip_tracking":false,"_monsterinsights_sitenote_active":false,"_monsterinsights_sitenote_note":"","_monsterinsights_sitenote_category":0},"product_brand":[],"product_cat":[127,357],"product_tag":[654,657],"class_list":{"0":"post-986518","1":"product","2":"type-product","3":"status-publish","4":"has-post-thumbnail","6":"product_cat-novella-contemporania","7":"product_cat-novela-contemporanea","8":"product_tag-premi-llibreter-2025","9":"product_tag-vampires","11":"first","12":"instock","13":"taxable","14":"shipping-taxable","15":"purchasable","16":"product-type-simple"},"acf":{"autor":"GUASCH, MARIA","codart":"841283349","libros-coleccion":"FORA DE COL.LECCI\u00d3","ediciones":"1","encuadernacion":"R\u00fastica","fecha_de_publicacion":"01\/10\/2024","novedad":"1","paginas":"189","subtitulo":"","orden":"0","portada":"0","idioma":"cat","editorial":[{"ID":8251,"post_author":"3","post_date":"2022-09-30 09:21:29","post_date_gmt":"2022-09-30 07:21:29","post_content":"","post_title":"L'ALTRA EDITORIAL","post_excerpt":"","post_status":"publish","comment_status":"closed","ping_status":"closed","post_password":"","post_name":"laltra-editorial-3","to_ping":"","pinged":"","post_modified":"2022-09-30 09:21:29","post_modified_gmt":"2022-09-30 07:21:29","post_content_filtered":"","post_parent":0,"guid":"http:\/\/dev.claret.cat\/editorial\/laltra-editorial-3\/","menu_order":0,"post_type":"editorial","post_mime_type":"","comment_count":"0","filter":"raw"}],"autores-libros":"","traductores-libros":"","ilustradores-libros":"","formato":"","linkebook":"","precioebook":"","ebookportada":false,"ficha":"","muestra":"","presentacion":"","booktrailer":"","resenas":"","recomendamos":"","mas_vendido":""},"aioseo_notices":[],"_links":{"self":[{"href":"https:\/\/www.claret.cat\/es\/wp-json\/wp\/v2\/product\/986518","targetHints":{"allow":["GET"]}}],"collection":[{"href":"https:\/\/www.claret.cat\/es\/wp-json\/wp\/v2\/product"}],"about":[{"href":"https:\/\/www.claret.cat\/es\/wp-json\/wp\/v2\/types\/product"}],"wp:featuredmedia":[{"embeddable":true,"href":"https:\/\/www.claret.cat\/es\/wp-json\/wp\/v2\/media\/986742"}],"wp:attachment":[{"href":"https:\/\/www.claret.cat\/es\/wp-json\/wp\/v2\/media?parent=986518"}],"wp:term":[{"taxonomy":"product_brand","embeddable":true,"href":"https:\/\/www.claret.cat\/es\/wp-json\/wp\/v2\/product_brand?post=986518"},{"taxonomy":"product_cat","embeddable":true,"href":"https:\/\/www.claret.cat\/es\/wp-json\/wp\/v2\/product_cat?post=986518"},{"taxonomy":"product_tag","embeddable":true,"href":"https:\/\/www.claret.cat\/es\/wp-json\/wp\/v2\/product_tag?post=986518"}],"curies":[{"name":"wp","href":"https:\/\/api.w.org\/{rel}","templated":true}]}}