{"id":98655,"date":"2022-10-12T07:28:39","date_gmt":"2022-10-12T05:28:39","guid":{"rendered":"http:\/\/dev.claret.cat\/producte\/iluminasaurios\/"},"modified":"2026-02-26T14:48:58","modified_gmt":"2026-02-26T13:48:58","slug":"iluminasaurios-9788413185743","status":"publish","type":"product","link":"https:\/\/www.claret.cat\/es\/libro\/iluminasaurios-9788413185743\/","title":{"rendered":"ILUMINASAURIOS"},"content":{"rendered":"<p>\u00bfHas so\u00f1ado alguna vez con viajar a la \u00e9poca de los dinosaurios? Pues despierta y descubre un caleidoscopio de colores con las criaturas prehist\u00f3ricas m\u00e1s fascinantes del mundo.Gracias a los filtros m\u00e1gicos podr\u00e1s ver de cerca todos los secretos de la flora y la fauna del pasado, en una apasionante aventura por el Tri\u00e1sico, el Jur\u00e1sico y el Cret\u00e1cico.<\/p>\n","protected":false},"excerpt":{"rendered":"<p>BROWNRIDGE, LUCY<\/p>\n","protected":false},"featured_media":275748,"template":"","meta":{"_acf_changed":false,"om_disable_all_campaigns":false,"rs_blank_template":"","rs_page_bg_color":"","slide_template_v7":"","inline_featured_image":false,"_monsterinsights_skip_tracking":false,"_monsterinsights_sitenote_active":false,"_monsterinsights_sitenote_note":"","_monsterinsights_sitenote_category":0},"product_brand":[],"product_cat":[90,540],"product_tag":[],"class_list":{"0":"post-98655","1":"product","2":"type-product","3":"status-publish","4":"has-post-thumbnail","6":"product_cat-altres","7":"product_cat-otros","9":"first","10":"instock","11":"taxable","12":"shipping-taxable","13":"purchasable","14":"product-type-simple"},"acf":{"editorial":[{"ID":147854,"post_author":"3","post_date":"2022-10-14 11:53:43","post_date_gmt":"2022-10-14 09:53:43","post_content":"","post_title":"EDICIONES SM","post_excerpt":"","post_status":"publish","comment_status":"closed","ping_status":"closed","post_password":"","post_name":"ediciones-sm","to_ping":"","pinged":"","post_modified":"2022-10-14 11:53:43","post_modified_gmt":"2022-10-14 09:53:43","post_content_filtered":"","post_parent":0,"guid":"http:\/\/dev.claret.cat\/editorial\/ediciones-sm\/","menu_order":0,"post_type":"editorial","post_mime_type":"","comment_count":"0","filter":"raw"}],"autores-libros":[{"ID":162620,"post_author":"3","post_date":"2022-10-14 17:32:28","post_date_gmt":"2022-10-14 15:32:28","post_content":"","post_title":"LUCY BROWNRIDGE","post_excerpt":"","post_status":"publish","comment_status":"closed","ping_status":"closed","post_password":"","post_name":"lucy-brownridge-2","to_ping":"","pinged":"","post_modified":"2022-10-14 17:32:28","post_modified_gmt":"2022-10-14 15:32:28","post_content_filtered":"","post_parent":0,"guid":"http:\/\/dev.claret.cat\/autor\/lucy-brownridge-2\/","menu_order":0,"post_type":"autor","post_mime_type":"","comment_count":"0","filter":"raw"}],"autor":"BROWNRIDGE, LUCY","codart":"841318574","libros-coleccion":"\u00c1lbumes ilustrados","ediciones":"1","encuadernacion":"Carton\u00e9","fecha_de_publicacion":"01\/10\/2020","novedad":"1","paginas":"0","subtitulo":"","orden":"0","portada":"0","idioma":"spa","booktrailer":"","resenas":""},"aioseo_notices":[],"_links":{"self":[{"href":"https:\/\/www.claret.cat\/es\/wp-json\/wp\/v2\/product\/98655","targetHints":{"allow":["GET"]}}],"collection":[{"href":"https:\/\/www.claret.cat\/es\/wp-json\/wp\/v2\/product"}],"about":[{"href":"https:\/\/www.claret.cat\/es\/wp-json\/wp\/v2\/types\/product"}],"wp:featuredmedia":[{"embeddable":true,"href":"https:\/\/www.claret.cat\/es\/wp-json\/wp\/v2\/media\/275748"}],"wp:attachment":[{"href":"https:\/\/www.claret.cat\/es\/wp-json\/wp\/v2\/media?parent=98655"}],"wp:term":[{"taxonomy":"product_brand","embeddable":true,"href":"https:\/\/www.claret.cat\/es\/wp-json\/wp\/v2\/product_brand?post=98655"},{"taxonomy":"product_cat","embeddable":true,"href":"https:\/\/www.claret.cat\/es\/wp-json\/wp\/v2\/product_cat?post=98655"},{"taxonomy":"product_tag","embeddable":true,"href":"https:\/\/www.claret.cat\/es\/wp-json\/wp\/v2\/product_tag?post=98655"}],"curies":[{"name":"wp","href":"https:\/\/api.w.org\/{rel}","templated":true}]}}