{"id":986593,"date":"2024-10-16T12:51:37","date_gmt":"2024-10-16T10:51:37","guid":{"rendered":"https:\/\/www.claret.cat\/llibre\/els-germans-corb-9788418288906\/"},"modified":"2025-11-22T13:54:04","modified_gmt":"2025-11-22T12:54:04","slug":"els-germans-corb-9788418288906","status":"publish","type":"product","link":"https:\/\/www.claret.cat\/es\/libro\/els-germans-corb-9788418288906\/","title":{"rendered":"ELS GERMANS CORB"},"content":{"rendered":"<h1>Llibre guanyador del Premi Llibreter 2025 de Literatura Infantil i Juvenil en Catal\u00e0<\/h1>\n<p>Amb il\u00b7lustracions de<a href='https:\/\/www.claret.cat\/cataleg\/?b=Cristina+Bueno' rel='noopener noreferrer' target='_blank'> <strong>Cristina Bueno<\/strong><\/a>, <em>Els germans Corb<\/em> \u00e9s una <strong>novel\u00b7la infantil plena d\u2019humor i enginy<\/strong> que narra les <strong>aventures divertides de tres germans<\/strong>: <strong>dos corbs<\/strong> i <strong>un porc<\/strong> molt especial.<\/p>\n<p>Enlaira\u2019t amb <strong>els germans corb<\/strong> i riu amb les seves <strong>ocurr\u00e8ncies esbojarrades<\/strong>! Uns <strong>simp\u00e0tics animalons<\/strong> que viuen al <strong>bosc de Samala<\/strong>, un indret m\u00e0gic on <strong>ning\u00fa t\u00e9 pressa per cr\u00e9ixer<\/strong>.<\/p>\n<p>En <strong>Hugin<\/strong> i la <strong>Mugin<\/strong> eren dos <strong>polls rosadets<\/strong>. En n\u00e9ixer, la Mugin va fer un grall i van sentir una resposta al peu de l\u2019arbre. Els dos germans es van abocar damunt del niu&#8230; i van descobrir una criatura igual de rosadeta que ells. Per\u00f2&#8230; <strong>no era un ocell, era un porc<\/strong>! Aix\u00ed comen\u00e7a una <strong>amistat ins\u00f2lita i entranyable<\/strong>.<\/p>\n<p><strong>Primer t\u00edtol d\u2019una nova col\u00b7lecci\u00f3 de narrativa infantil<\/strong>, pensada per a <strong>primers lectors<\/strong> i creada per <strong>Oriol Canosa<\/strong>, un dels <strong>autors catalans m\u00e9s destacats<\/strong> de la <strong>literatura infantil actual<\/strong>.<\/p>\n<p>Ideal per a nens i nenes a partir de <strong>6 anys<\/strong>, amants de les hist\u00f2ries tendres i plenes de <strong>valors com l\u2019amistat, la fam\u00edlia i la difer\u00e8ncia<\/strong>.<\/p>\n","protected":false},"excerpt":{"rendered":"<p>CANOSA, ORIOL<\/p>\n","protected":false},"featured_media":1048427,"template":"","meta":{"_acf_changed":false,"om_disable_all_campaigns":false,"rs_blank_template":"","rs_page_bg_color":"","slide_template_v7":"","inline_featured_image":false,"_monsterinsights_skip_tracking":false,"_monsterinsights_sitenote_active":false,"_monsterinsights_sitenote_note":"","_monsterinsights_sitenote_category":0},"product_brand":[],"product_cat":[132,362],"product_tag":[682,683,654],"class_list":{"0":"post-986593","1":"product","2":"type-product","3":"status-publish","4":"has-post-thumbnail","6":"product_cat-lectures-per-preadolescents-6-12-anys","7":"product_cat-libros-preadolescentes-6-12-anos","8":"product_tag-germans-corb","9":"product_tag-oriol-canosa","10":"product_tag-premi-llibreter-2025","12":"first","13":"instock","14":"taxable","15":"shipping-taxable","16":"purchasable","17":"product-type-simple"},"acf":{"autor":"CANOSA, ORIOL","codart":"841828890","libros-coleccion":"FORA DE COL.LECCI\u00d3","ediciones":"1","encuadernacion":"Carton\u00e9","fecha_de_publicacion":"01\/10\/2024","novedad":"1","paginas":"69","subtitulo":"","orden":"0","portada":"0","idioma":"cat","editorial":[{"ID":6145,"post_author":"3","post_date":"2022-07-28 17:45:51","post_date_gmt":"2022-07-28 15:45:51","post_content":"","post_title":"BINDI BOOKS","post_excerpt":"","post_status":"publish","comment_status":"closed","ping_status":"closed","post_password":"","post_name":"bindi-books","to_ping":"","pinged":"","post_modified":"2022-07-28 17:45:51","post_modified_gmt":"2022-07-28 15:45:51","post_content_filtered":"","post_parent":0,"guid":"http:\/\/dev.claret.cat\/editorial\/bindi-books\/","menu_order":0,"post_type":"editorial","post_mime_type":"","comment_count":"0","filter":"raw"}],"booktrailer":"","linkebook":"","ficha":"","muestra":"","precioebook":"0","presentacion":"","resenas":""},"aioseo_notices":[],"_links":{"self":[{"href":"https:\/\/www.claret.cat\/es\/wp-json\/wp\/v2\/product\/986593","targetHints":{"allow":["GET"]}}],"collection":[{"href":"https:\/\/www.claret.cat\/es\/wp-json\/wp\/v2\/product"}],"about":[{"href":"https:\/\/www.claret.cat\/es\/wp-json\/wp\/v2\/types\/product"}],"wp:featuredmedia":[{"embeddable":true,"href":"https:\/\/www.claret.cat\/es\/wp-json\/wp\/v2\/media\/1048427"}],"wp:attachment":[{"href":"https:\/\/www.claret.cat\/es\/wp-json\/wp\/v2\/media?parent=986593"}],"wp:term":[{"taxonomy":"product_brand","embeddable":true,"href":"https:\/\/www.claret.cat\/es\/wp-json\/wp\/v2\/product_brand?post=986593"},{"taxonomy":"product_cat","embeddable":true,"href":"https:\/\/www.claret.cat\/es\/wp-json\/wp\/v2\/product_cat?post=986593"},{"taxonomy":"product_tag","embeddable":true,"href":"https:\/\/www.claret.cat\/es\/wp-json\/wp\/v2\/product_tag?post=986593"}],"curies":[{"name":"wp","href":"https:\/\/api.w.org\/{rel}","templated":true}]}}