{"id":9866,"date":"2022-09-30T19:45:03","date_gmt":"2022-09-30T17:45:03","guid":{"rendered":"http:\/\/dev.claret.cat\/producte\/terapia-de-aceptacion-y-compromiso-para-parejas\/"},"modified":"2025-09-19T18:30:26","modified_gmt":"2025-09-19T16:30:26","slug":"terapia-de-aceptacion-y-compromiso-para-parejas-9788433030160","status":"publish","type":"product","link":"https:\/\/www.claret.cat\/es\/libro\/terapia-de-aceptacion-y-compromiso-para-parejas-9788433030160\/","title":{"rendered":"TERAPIA DE ACEPTACI\u00d3N Y COMPROMISO PARA PAREJAS"},"content":{"rendered":"<p>Esta obra integra acertadamente dos de las tendencias m\u00e1s innovadoras de las terapias de tercera generaci\u00f3n: la Terapia de Esquemas y la Terapia de Aceptaci\u00f3n y Compromiso. Las relaciones de pareja suponen un considerable reto para muchos clientes que, muchas veces, los lleva a un profundo sufrimiento emocional. Cada vez m\u00e1s datos apuntan a que las causas de los desacuerdos interpersonales radican en los esquemas -historias que los clientes generan sobre s\u00ed mismos y sus relaciones y que desencadenan expectativas negativas-. Entonces, \u00bfde qu\u00e9 manera puede la Terapia de Aceptaci\u00f3n y Compromiso (ACT) ayudar a las parejas a superar sus esquemas disfuncionales y alcanzar soluciones que reflejen las necesidades y valores de ambos miembros de la pareja?<br \/> En este innovador recurso cl\u00ednico, los autores identifican los diez esquemas m\u00e1s frecuentes en las relaciones y ofrecen un enfoque basado en la terapia ACT para superar los sentimientos de dependencia, abandono y desconfianza. Aqu\u00ed encontrar\u00e1s una gu\u00eda de conductas para abordar esquemas disfuncionales, estrategias para ayudar a las parejas a identificar sus valores y habilidades para ayudarles a superar sus barreras cognitivas y emocionales. Utilizando el innovador protocolo en ocho pasos que se ofrece, podr\u00e1s ayudar a tus clientes a desarrollar una relaci\u00f3n m\u00e1s fuerte y saludable que se mantenga toda la vida.El presente manual aborda, adem\u00e1s, un amplio surtido de habilidades \u00fatiles para mejorar la relaci\u00f3n: t\u00e9cnicas de soluci\u00f3n de problemas, de negociaci\u00f3n, comunicaci\u00f3n no violenta, etc., as\u00ed como abundantes ejemplos dialogados extra\u00eddos de sesiones terap\u00e9uticas, que resultan realmente \u00fatiles para aclarar los conceptos.<br \/> Avigail Lev es psicoterapeuta y asesora ejecutiva en San Francisco, CA. Trabaja con parejas y clientes individuales que se enfrentan a problemas interpersonales, ansiedad, traumas y trastornos afectivos. Lev est\u00e1 especializada en la integraci\u00f3n de la terapia de aceptaci\u00f3n y compromiso (ACT) y la terapia de esquemas para fortalecer las relaciones. Es coautora de Acceptance and Commitment Therapy for Interpersonal Problems y de The Interpersonal Problems Workbook. Lev presenta sus investigaciones en conferencias regionales e internacionales y ofrece consultas, entrenamiento y talleres sobre tratamientos basados en evidencias. Para mayor informaci\u00f3n, v\u00e9ase www.bayareacbtcenter.com.<br \/> Matthew McKay es profesor en el Wright Institute en Berkeley, CA. Autor y coautor de numerosos libros, incluyendo The Relaxation and Stress Reduction Workbook, Self-Esteem, Thoughts and Feelings, When Anger Hurts y ACT on Life Not on Anger. Tambi\u00e9n ha escrito dos novelas: Us y Wawona Hotel. McKay se doctor\u00f3 en psicolog\u00eda cl\u00ednica en la California School of Professional Psychology y est\u00e1 especializado en el tratamiento cognitivo-conductual de la ansiedad y depresi\u00f3n. Vive y trabaja en el \u00e1rea de la Bah\u00eda de San Francisco.<\/p>\n","protected":false},"excerpt":{"rendered":"<p>LEV, AVIGAIL; MCKAY, MATTHEW<\/p>\n","protected":false},"featured_media":347073,"template":"","meta":{"_acf_changed":false,"om_disable_all_campaigns":false,"rs_blank_template":"","rs_page_bg_color":"","slide_template_v7":"","inline_featured_image":false,"_monsterinsights_skip_tracking":false,"_monsterinsights_sitenote_active":false,"_monsterinsights_sitenote_note":"","_monsterinsights_sitenote_category":0},"product_brand":[],"product_cat":[81,347],"product_tag":[],"class_list":{"0":"post-9866","1":"product","2":"type-product","3":"status-publish","4":"has-post-thumbnail","6":"product_cat-psicologia","7":"product_cat-psicologia-2_humanidades","9":"first","10":"instock","11":"taxable","12":"shipping-taxable","13":"purchasable","14":"product-type-simple"},"acf":{"autor":"LEV, AVIGAIL; MCKAY, MATTHEW","codart":"843303016","libros-coleccion":"Biblioteca de Psicologia","ediciones":"1","encuadernacion":"R\u00fastica","fecha_de_publicacion":"26\/11\/2018","novedad":"1","paginas":"384","subtitulo":"GU\u00cdA CL\u00cdNICA PARA UTILIZAR MINDFULNESS, VALORES Y CONSCIENCIA DE LOS ESQUEMAS MENTALES PARA RECONSTRUIR LAS RELACIONES","orden":"0","portada":"0","idioma":"spa","editorial":[{"ID":6179,"post_author":"3","post_date":"2022-07-28 17:46:36","post_date_gmt":"2022-07-28 15:46:36","post_content":"","post_title":"DESCLEE DE BROUWER","post_excerpt":"","post_status":"publish","comment_status":"closed","ping_status":"closed","post_password":"","post_name":"desclee-de-brouwer","to_ping":"","pinged":"","post_modified":"2022-07-28 17:46:36","post_modified_gmt":"2022-07-28 15:46:36","post_content_filtered":"","post_parent":0,"guid":"http:\/\/dev.claret.cat\/editorial\/desclee-de-brouwer\/","menu_order":0,"post_type":"editorial","post_mime_type":"","comment_count":"0","filter":"raw"}],"autores-libros":[{"ID":151275,"post_author":"3","post_date":"2022-10-14 14:39:35","post_date_gmt":"2022-10-14 12:39:35","post_content":"","post_title":"AVIGAIL LEV","post_excerpt":"","post_status":"publish","comment_status":"closed","ping_status":"closed","post_password":"","post_name":"avigail-lev","to_ping":"","pinged":"","post_modified":"2022-10-14 14:39:35","post_modified_gmt":"2022-10-14 12:39:35","post_content_filtered":"","post_parent":0,"guid":"http:\/\/dev.claret.cat\/autor\/avigail-lev\/","menu_order":0,"post_type":"autor","post_mime_type":"","comment_count":"0","filter":"raw"},{"ID":164483,"post_author":"3","post_date":"2022-10-14 17:47:26","post_date_gmt":"2022-10-14 15:47:26","post_content":"","post_title":"MATTHEW MCKAY","post_excerpt":"","post_status":"publish","comment_status":"closed","ping_status":"closed","post_password":"","post_name":"matthew-mckay","to_ping":"","pinged":"","post_modified":"2022-10-14 17:47:26","post_modified_gmt":"2022-10-14 15:47:26","post_content_filtered":"","post_parent":0,"guid":"http:\/\/dev.claret.cat\/autor\/matthew-mckay\/","menu_order":0,"post_type":"autor","post_mime_type":"","comment_count":"0","filter":"raw"}],"booktrailer":"","resenas":""},"aioseo_notices":[],"_links":{"self":[{"href":"https:\/\/www.claret.cat\/es\/wp-json\/wp\/v2\/product\/9866","targetHints":{"allow":["GET"]}}],"collection":[{"href":"https:\/\/www.claret.cat\/es\/wp-json\/wp\/v2\/product"}],"about":[{"href":"https:\/\/www.claret.cat\/es\/wp-json\/wp\/v2\/types\/product"}],"wp:featuredmedia":[{"embeddable":true,"href":"https:\/\/www.claret.cat\/es\/wp-json\/wp\/v2\/media\/347073"}],"wp:attachment":[{"href":"https:\/\/www.claret.cat\/es\/wp-json\/wp\/v2\/media?parent=9866"}],"wp:term":[{"taxonomy":"product_brand","embeddable":true,"href":"https:\/\/www.claret.cat\/es\/wp-json\/wp\/v2\/product_brand?post=9866"},{"taxonomy":"product_cat","embeddable":true,"href":"https:\/\/www.claret.cat\/es\/wp-json\/wp\/v2\/product_cat?post=9866"},{"taxonomy":"product_tag","embeddable":true,"href":"https:\/\/www.claret.cat\/es\/wp-json\/wp\/v2\/product_tag?post=9866"}],"curies":[{"name":"wp","href":"https:\/\/api.w.org\/{rel}","templated":true}]}}