{"id":986766,"date":"2024-10-16T19:40:14","date_gmt":"2024-10-16T17:40:14","guid":{"rendered":"https:\/\/www.claret.cat\/llibre\/montserrat-guia-oficial-9788491913238\/"},"modified":"2024-10-17T10:15:33","modified_gmt":"2024-10-17T08:15:33","slug":"montserrat-guia-oficial-9788491913238","status":"publish","type":"product","link":"https:\/\/www.claret.cat\/es\/libro\/montserrat-guia-oficial-9788491913238\/","title":{"rendered":"MONTSERRAT. GUIA OFICIAL"},"content":{"rendered":"<p><span>Visitar Montserrat \u00e9s con\u00e8ixer un dels s\u00edmbols principals de Catalunya.<\/span><\/p>\n<p><span>Visitar Montserrat \u00e9s pujar a una muntanya \u00fanica i admirar-ne la bellesa.<\/span><\/p>\n<p><span>Visitar Montserrat \u00e9s entrar en contacte amb la hist\u00f2ria del poble catal\u00e0.<\/span><\/p>\n<p><span>Visitar Montserrat \u00e9s seguir pas a pas l&#8217;itinerari d&#8217;un santuari.<\/span><\/p>\n<p><span>Visitar Montserrat \u00e9s rebre l&#8217;acolliment per part d&#8217;un monestir benedict\u00ed.<\/span><\/p>\n<p><span>Vosaltres, que molt probablement visiteu Montserrat per primera vegada, participeu de la bellesa i de la vida que aqu\u00ed trobareu, i respecteu-la.<\/span><\/p>\n","protected":false},"excerpt":{"rendered":"<p>MOLAS I RIF\u00c0, JORDI<\/p>\n","protected":false},"featured_media":986767,"template":"","meta":{"_acf_changed":false,"om_disable_all_campaigns":false,"rs_blank_template":"","rs_page_bg_color":"","slide_template_v7":"","inline_featured_image":false,"_monsterinsights_skip_tracking":false,"_monsterinsights_sitenote_active":false,"_monsterinsights_sitenote_note":"","_monsterinsights_sitenote_category":0},"product_brand":[],"product_cat":[90,540],"product_tag":[],"class_list":{"0":"post-986766","1":"product","2":"type-product","3":"status-publish","4":"has-post-thumbnail","6":"product_cat-altres","7":"product_cat-otros","9":"first","10":"instock","11":"taxable","12":"shipping-taxable","13":"purchasable","14":"product-type-simple"},"acf":{"autor":"MOLAS I RIF\u00c0, JORDI","codart":"849191323","libros-coleccion":"","ediciones":"2","encuadernacion":"R\u00fastica","fecha_de_publicacion":"19\/06\/2024","novedad":"1","paginas":"88","subtitulo":"","orden":"0","portada":"0","idioma":"cat","editorial":[{"ID":8266,"post_author":"3","post_date":"2022-09-30 09:21:36","post_date_gmt":"2022-09-30 07:21:36","post_content":"","post_title":"PUBLICACIONS DE L'ABADIA DE MONTSERRAT","post_excerpt":"","post_status":"publish","comment_status":"closed","ping_status":"closed","post_password":"","post_name":"publicacions-de-labadia-de-montserrat-5","to_ping":"","pinged":"","post_modified":"2022-09-30 09:21:36","post_modified_gmt":"2022-09-30 07:21:36","post_content_filtered":"","post_parent":0,"guid":"http:\/\/dev.claret.cat\/editorial\/publicacions-de-labadia-de-montserrat-5\/","menu_order":0,"post_type":"editorial","post_mime_type":"","comment_count":"0","filter":"raw"}]},"aioseo_notices":[],"_links":{"self":[{"href":"https:\/\/www.claret.cat\/es\/wp-json\/wp\/v2\/product\/986766","targetHints":{"allow":["GET"]}}],"collection":[{"href":"https:\/\/www.claret.cat\/es\/wp-json\/wp\/v2\/product"}],"about":[{"href":"https:\/\/www.claret.cat\/es\/wp-json\/wp\/v2\/types\/product"}],"wp:featuredmedia":[{"embeddable":true,"href":"https:\/\/www.claret.cat\/es\/wp-json\/wp\/v2\/media\/986767"}],"wp:attachment":[{"href":"https:\/\/www.claret.cat\/es\/wp-json\/wp\/v2\/media?parent=986766"}],"wp:term":[{"taxonomy":"product_brand","embeddable":true,"href":"https:\/\/www.claret.cat\/es\/wp-json\/wp\/v2\/product_brand?post=986766"},{"taxonomy":"product_cat","embeddable":true,"href":"https:\/\/www.claret.cat\/es\/wp-json\/wp\/v2\/product_cat?post=986766"},{"taxonomy":"product_tag","embeddable":true,"href":"https:\/\/www.claret.cat\/es\/wp-json\/wp\/v2\/product_tag?post=986766"}],"curies":[{"name":"wp","href":"https:\/\/api.w.org\/{rel}","templated":true}]}}