{"id":987294,"date":"2024-10-21T12:10:15","date_gmt":"2024-10-21T10:10:15","guid":{"rendered":"https:\/\/www.claret.cat\/llibre\/animal-vegetal-basura-9788410199705\/"},"modified":"2024-10-21T12:31:37","modified_gmt":"2024-10-21T10:31:37","slug":"animal-vegetal-basura-9788410199705","status":"publish","type":"product","link":"https:\/\/www.claret.cat\/es\/libro\/animal-vegetal-basura-9788410199705\/","title":{"rendered":"ANIMAL, VEGETAL, BASURA"},"content":{"rendered":"<p>La historia del Homo sapiens suele contarse como una historia de tecnolog\u00eda o econom\u00eda. Pero hay un motor m\u00e1s fundamental: la alimentaci\u00f3n. C\u00f3mo caz\u00e1bamos y recolect\u00e1bamos explica nuestra aparici\u00f3n como nueva especie y nuestra tecnolog\u00eda m\u00e1s primitiva; nuestros primeros sistemas alimentarios, del fuego a la agricultura, explican d\u00f3nde nos asentamos y c\u00f3mo se expandieron las civilizaciones. La b\u00fasqueda de alimentos para poblaciones cada vez m\u00e1s numerosas impuls\u00f3 la exploraci\u00f3n, el  colonialismo, la esclavitud e incluso el capitalismo.  Hace un siglo, la alimentaci\u00f3n se industrializ\u00f3. Desde entonces, los nuevos estilos de agricultura y producci\u00f3n de alimentos han escrito un nuevo cap\u00edtulo de la historia de la humanidad, que est\u00e1 impulsando tanto el cambio clim\u00e1tico como las crisis  sanitarias mundiales.  Mark Bittman, una autoridad en alimentaci\u00f3n y superventas, ofrece una visi\u00f3n panor\u00e1mica de la historia y explica c\u00f3mo podemos rescatarnos del giro equivocado moderno    AUTOR    Mark Bittman (1950) es un periodista gastron\u00f3mico estadounidense, antiguo columnista de &#8216;The New York Times&#8217;, y autor de decenas de<\/p>\n","protected":false},"excerpt":{"rendered":"<p>BITTMAN, MARK<\/p>\n","protected":false},"featured_media":987295,"template":"","meta":{"_acf_changed":false,"om_disable_all_campaigns":false,"rs_blank_template":"","rs_page_bg_color":"","slide_template_v7":"","inline_featured_image":false,"_monsterinsights_skip_tracking":false,"_monsterinsights_sitenote_active":false,"_monsterinsights_sitenote_note":"","_monsterinsights_sitenote_category":0},"product_brand":[],"product_cat":[157,370],"product_tag":[],"class_list":{"0":"post-987294","1":"product","2":"type-product","3":"status-publish","4":"has-post-thumbnail","6":"product_cat-investigacio-i-corrents","7":"product_cat-investigacion-y-corrientes","9":"first","10":"instock","11":"taxable","12":"shipping-taxable","13":"purchasable","14":"product-type-simple"},"acf":{"autor":"BITTMAN, MARK","codart":"841019970","libros-coleccion":"ALIMENTACION","ediciones":"1","encuadernacion":"Carpeta","fecha_de_publicacion":"01\/10\/2024","novedad":"1","paginas":"352","subtitulo":"","orden":"0","portada":"0","idioma":"spa","editorial":[{"ID":147919,"post_author":"3","post_date":"2022-10-14 11:54:15","post_date_gmt":"2022-10-14 09:54:15","post_content":"","post_title":"EDITORIAL ALMUZARA","post_excerpt":"","post_status":"publish","comment_status":"closed","ping_status":"closed","post_password":"","post_name":"editorial-almuzara","to_ping":"","pinged":"","post_modified":"2022-10-14 11:54:15","post_modified_gmt":"2022-10-14 09:54:15","post_content_filtered":"","post_parent":0,"guid":"http:\/\/dev.claret.cat\/editorial\/editorial-almuzara\/","menu_order":0,"post_type":"editorial","post_mime_type":"","comment_count":"0","filter":"raw"}]},"aioseo_notices":[],"_links":{"self":[{"href":"https:\/\/www.claret.cat\/es\/wp-json\/wp\/v2\/product\/987294","targetHints":{"allow":["GET"]}}],"collection":[{"href":"https:\/\/www.claret.cat\/es\/wp-json\/wp\/v2\/product"}],"about":[{"href":"https:\/\/www.claret.cat\/es\/wp-json\/wp\/v2\/types\/product"}],"wp:featuredmedia":[{"embeddable":true,"href":"https:\/\/www.claret.cat\/es\/wp-json\/wp\/v2\/media\/987295"}],"wp:attachment":[{"href":"https:\/\/www.claret.cat\/es\/wp-json\/wp\/v2\/media?parent=987294"}],"wp:term":[{"taxonomy":"product_brand","embeddable":true,"href":"https:\/\/www.claret.cat\/es\/wp-json\/wp\/v2\/product_brand?post=987294"},{"taxonomy":"product_cat","embeddable":true,"href":"https:\/\/www.claret.cat\/es\/wp-json\/wp\/v2\/product_cat?post=987294"},{"taxonomy":"product_tag","embeddable":true,"href":"https:\/\/www.claret.cat\/es\/wp-json\/wp\/v2\/product_tag?post=987294"}],"curies":[{"name":"wp","href":"https:\/\/api.w.org\/{rel}","templated":true}]}}