{"id":987530,"date":"2024-10-22T13:45:59","date_gmt":"2024-10-22T11:45:59","guid":{"rendered":"https:\/\/www.claret.cat\/llibre\/la-muntanya-del-tresor-9788466432580\/"},"modified":"2026-03-26T13:15:35","modified_gmt":"2026-03-26T12:15:35","slug":"la-muntanya-del-tresor-9788466432580","status":"publish","type":"product","link":"https:\/\/www.claret.cat\/es\/libro\/la-muntanya-del-tresor-9788466432580\/","title":{"rendered":"LA MUNTANYA DEL TRESOR"},"content":{"rendered":"<p><strong><em>La muntanya del tresor<\/em><\/strong>, de <a href='https:\/\/www.claret.cat\/cataleg\/?a=164254' rel='noopener noreferrer' target='_blank'>Mart\u00ed Gironell<\/a>, ens apropa a un cap\u00edtol poc conegut per\u00f2 vital de la nostra hist\u00f2ria i ens mostra com Montserrat va esdevenir un refugi providencial per a la superviv\u00e8ncia d\u2019un dels s\u00edmbols m\u00e9s estimats de Catalunya.<\/p>\n<p><\/p>\n<p>Quan esclata la <strong>Guerra Civil <\/strong>el juliol del 1936, el jove orfe Benet Nomded\u00e9u, de nom\u00e9s onze anys, es queda a l\u2019escolania de Montserrat mentre els altres monjos i escolanets abandonen la muntanya. Sense un altre lloc on anar, en Benet \u00e9s acollit per Carles Gerhard, el comissari de Montserrat, i la seva fam\u00edlia. L\u2019abadia es transforma en hospital, impremta, centre cultural i lloc de refugi per ordre del govern de la Generalitat de Catalunya. <\/p>\n<p><\/p>\n<p>A mesura que la guerra avan\u00e7a, en Benet es converteix en testimoni de nombroses hist\u00f2ries dins l\u2019abadia: des de les activitats del doctor <strong>Josep Trueta <\/strong>i del poeta soldat<strong> Manuel Altolaguirre<\/strong> fins als moviments secrets de fra Areso. <\/p>\n<p><\/p>\n<p>A trav\u00e9s dels seus ulls, assistim al pas de figures rellevants com el president <strong>Llu\u00eds Companys<\/strong>, l\u2019artista <strong>Bella Dorita<\/strong> i el tenor<strong> Emili Vendrell<\/strong>. Amb l\u2019ajuda de fra Cervera, el monjo m\u00e9s veter\u00e0, en Benet comen\u00e7a a entendre els esdeveniments que l\u2019envolten, al mateix temps que es desplega la seva pr\u00f2pia hist\u00f2ria de creixement, aventures, amors i descobriments. <\/p>\n<p><\/p>\n<p><\/p>\n","protected":false},"excerpt":{"rendered":"<p>GIRONELL GAMERO, MART\u00cd<\/p>\n","protected":false},"featured_media":988274,"template":"","meta":{"_acf_changed":false,"om_disable_all_campaigns":false,"rs_blank_template":"","rs_page_bg_color":"","slide_template_v7":"","inline_featured_image":false,"_monsterinsights_skip_tracking":false,"_monsterinsights_sitenote_active":false,"_monsterinsights_sitenote_note":"","_monsterinsights_sitenote_category":0},"product_brand":[],"product_cat":[307,127,357],"product_tag":[],"class_list":{"0":"post-987530","1":"product","2":"type-product","3":"status-publish","4":"has-post-thumbnail","6":"product_cat-catala","7":"product_cat-novella-contemporania","8":"product_cat-novela-contemporanea","10":"first","11":"instock","12":"taxable","13":"shipping-taxable","14":"purchasable","15":"product-type-simple"},"acf":{"autor":"GIRONELL GAMERO, MART\u00cd","codart":"846643258","libros-coleccion":"Cl\u00e0ssica","ediciones":"1","encuadernacion":"Carton\u00e9","fecha_de_publicacion":"01\/10\/2024","novedad":"1","paginas":"262","subtitulo":"","orden":"8","portada":"1","idioma":"cat","editorial":[{"ID":6166,"post_author":"3","post_date":"2022-07-28 17:46:19","post_date_gmt":"2022-07-28 15:46:19","post_content":"","post_title":"Columna CAT","post_excerpt":"","post_status":"publish","comment_status":"closed","ping_status":"closed","post_password":"","post_name":"columna-cat","to_ping":"","pinged":"","post_modified":"2022-07-28 17:46:19","post_modified_gmt":"2022-07-28 15:46:19","post_content_filtered":"","post_parent":0,"guid":"http:\/\/dev.claret.cat\/editorial\/columna-cat\/","menu_order":0,"post_type":"editorial","post_mime_type":"","comment_count":"0","filter":"raw"}],"booktrailer":"","linkebook":"","ficha":"","muestra":"","precioebook":"0","presentacion":"","resenas":"","autores-libros":"","traductores-libros":"","ilustradores-libros":"","formato":"","ebookportada":false,"recomendamos":"","mas_vendido":""},"aioseo_notices":[],"_links":{"self":[{"href":"https:\/\/www.claret.cat\/es\/wp-json\/wp\/v2\/product\/987530","targetHints":{"allow":["GET"]}}],"collection":[{"href":"https:\/\/www.claret.cat\/es\/wp-json\/wp\/v2\/product"}],"about":[{"href":"https:\/\/www.claret.cat\/es\/wp-json\/wp\/v2\/types\/product"}],"wp:featuredmedia":[{"embeddable":true,"href":"https:\/\/www.claret.cat\/es\/wp-json\/wp\/v2\/media\/988274"}],"wp:attachment":[{"href":"https:\/\/www.claret.cat\/es\/wp-json\/wp\/v2\/media?parent=987530"}],"wp:term":[{"taxonomy":"product_brand","embeddable":true,"href":"https:\/\/www.claret.cat\/es\/wp-json\/wp\/v2\/product_brand?post=987530"},{"taxonomy":"product_cat","embeddable":true,"href":"https:\/\/www.claret.cat\/es\/wp-json\/wp\/v2\/product_cat?post=987530"},{"taxonomy":"product_tag","embeddable":true,"href":"https:\/\/www.claret.cat\/es\/wp-json\/wp\/v2\/product_tag?post=987530"}],"curies":[{"name":"wp","href":"https:\/\/api.w.org\/{rel}","templated":true}]}}