{"id":987533,"date":"2024-10-22T13:46:17","date_gmt":"2024-10-22T11:46:17","guid":{"rendered":"https:\/\/www.claret.cat\/llibre\/sempre-endavant-9788466431705\/"},"modified":"2025-04-04T13:03:05","modified_gmt":"2025-04-04T11:03:05","slug":"sempre-endavant-9788466431705","status":"publish","type":"product","link":"https:\/\/www.claret.cat\/es\/libro\/sempre-endavant-9788466431705\/","title":{"rendered":"SEMPRE ENDAVANT"},"content":{"rendered":"<p>Les esperad\u00edssimes mem\u00f2ries del doctor Valent\u00ed Fuster, un dels cardi\u00f2legs i investigadors actuals m\u00e9s reconeguts internacionalment i un referent per a la classe m\u00e8dica de tot el m\u00f3n.Valent\u00ed Fuster, de petit, somiava ser tenista. I potser, si hagu\u00e9s continuat practicant amb la raqueta, ho hauria aconseguit. Per\u00f2 un incident a l&#x2019;escola i, sobretot, un metge, Pedro Farreras Valent\u00ed, van canviar el seu dest\u00ed per sempre i el van dur a convertir-se en un dels cardi\u00f2legs m\u00e9s influents de la cardiologia moderna.<br \/> A Sempre endavant, Fuster ens revela els seus aprenentatges vitals, com va comen\u00e7ar la seva decisiva investigaci\u00f3 sobre el que provoca l&#x2019;infart &#x2013;que va acabar establint les bases de la salut cardiovascular mundial&#x2013;, narra els seus \u00e8xits, les seves errades i les seves derrotes amb total sinceritat, i ens explica les seves experi\u00e8ncies m\u00e9s personals davant situacions complexes de la seva vida i de la seva feina amb l&#x2019;esperan\u00e7a que puguin resultar inspiradores, sobretot per als joves a l&#x2019;hora d&#x2019;emprendre o orientar el seu cam\u00ed.<br \/> Aquest \u00e9s molt m\u00e9s que un llibre de mem\u00f2ries, \u00e9s un relat emocionant d&#x2019;una traject\u00f2ria entregada amb passi\u00f3 a la investigaci\u00f3 i a les persones. Tota una lli\u00e7\u00f3 de vida que ens deixa uns valors tremendament honestos, de la m\u00e0 d&#x2019;un dels homes m\u00e9s extraordinaris i exemplars.<br \/> \u00a0<br \/> \u00abUna obra commovedora i edificant alhora per a qui senti curiositat per entendre com el cam\u00ed de la vida ens modela, per superar els obstacles que se&#x2019;ns planten al davant. En el meu cas, la seva lectura ha contribu\u00eft a con\u00e8ixer-me millor, a apreciar el que altres persones fan per mi, a perseguir objectius amb optimisme i a contribuir a un m\u00f3n millor\u00bb. (Luis Rojas Marcos)<\/p>\n","protected":false},"excerpt":{"rendered":"<p>FUSTER CARULLA, VALENT\u00cd<\/p>\n","protected":false},"featured_media":987621,"template":"","meta":{"_acf_changed":false,"om_disable_all_campaigns":false,"rs_blank_template":"","rs_page_bg_color":"","slide_template_v7":"","inline_featured_image":false,"_monsterinsights_skip_tracking":false,"_monsterinsights_sitenote_active":false,"_monsterinsights_sitenote_note":"","_monsterinsights_sitenote_category":0},"product_brand":[],"product_cat":[549,99],"product_tag":[],"class_list":{"0":"post-987533","1":"product","2":"type-product","3":"status-publish","4":"has-post-thumbnail","6":"product_cat-biografias","7":"product_cat-biografies","9":"first","10":"instock","11":"taxable","12":"shipping-taxable","13":"purchasable","14":"product-type-simple"},"acf":{"autor":"FUSTER CARULLA, VALENT\u00cd","codart":"846643170","libros-coleccion":"NO FICCI\u00d3 COLUMNA","ediciones":"1","encuadernacion":"Carton\u00e9","fecha_de_publicacion":"01\/10\/2024","novedad":"1","paginas":"256","subtitulo":"","orden":"0","portada":"0","idioma":"cat","editorial":[{"ID":6166,"post_author":"3","post_date":"2022-07-28 17:46:19","post_date_gmt":"2022-07-28 15:46:19","post_content":"","post_title":"Columna CAT","post_excerpt":"","post_status":"publish","comment_status":"closed","ping_status":"closed","post_password":"","post_name":"columna-cat","to_ping":"","pinged":"","post_modified":"2022-07-28 17:46:19","post_modified_gmt":"2022-07-28 15:46:19","post_content_filtered":"","post_parent":0,"guid":"http:\/\/dev.claret.cat\/editorial\/columna-cat\/","menu_order":0,"post_type":"editorial","post_mime_type":"","comment_count":"0","filter":"raw"}]},"aioseo_notices":[],"_links":{"self":[{"href":"https:\/\/www.claret.cat\/es\/wp-json\/wp\/v2\/product\/987533","targetHints":{"allow":["GET"]}}],"collection":[{"href":"https:\/\/www.claret.cat\/es\/wp-json\/wp\/v2\/product"}],"about":[{"href":"https:\/\/www.claret.cat\/es\/wp-json\/wp\/v2\/types\/product"}],"wp:featuredmedia":[{"embeddable":true,"href":"https:\/\/www.claret.cat\/es\/wp-json\/wp\/v2\/media\/987621"}],"wp:attachment":[{"href":"https:\/\/www.claret.cat\/es\/wp-json\/wp\/v2\/media?parent=987533"}],"wp:term":[{"taxonomy":"product_brand","embeddable":true,"href":"https:\/\/www.claret.cat\/es\/wp-json\/wp\/v2\/product_brand?post=987533"},{"taxonomy":"product_cat","embeddable":true,"href":"https:\/\/www.claret.cat\/es\/wp-json\/wp\/v2\/product_cat?post=987533"},{"taxonomy":"product_tag","embeddable":true,"href":"https:\/\/www.claret.cat\/es\/wp-json\/wp\/v2\/product_tag?post=987533"}],"curies":[{"name":"wp","href":"https:\/\/api.w.org\/{rel}","templated":true}]}}