{"id":987578,"date":"2024-10-22T14:20:10","date_gmt":"2024-10-22T12:20:10","guid":{"rendered":"https:\/\/www.claret.cat\/llibre\/la-nostra-historia-la-meva-joia-9788491656425\/"},"modified":"2025-03-24T17:05:11","modified_gmt":"2025-03-24T16:05:11","slug":"la-nostra-historia-la-meva-joia-9788491656425","status":"publish","type":"product","link":"https:\/\/www.claret.cat\/es\/libro\/la-nostra-historia-la-meva-joia-9788491656425\/","title":{"rendered":"LA NOSTRA HIST\u00d2RIA, LA MEVA JOIA"},"content":{"rendered":"<p>Vaig n\u00e9ixer en una ciutat castigada per la viol\u00e8ncia social, la guerra i les seves conseq\u00fc\u00e8ncies de tot ordre, bombardeigs, carestia d\u2019aliments, por i frac\u00e0s comunitari. Vaig cr\u00e9ixer entre els dolors i ressentiments de la postguerra, la prepot\u00e8ncia injusta de la dictadura franquista i la monstruosa proliferaci\u00f3 d\u2019una guerra mundial. Vaig poder rebre recursos comunitaris d\u2019humanisme i de fe cristiana per bandejar el nacionalcatolicisme de la meva ment i el meu cor i em vaig impregnar de l\u2019esperit de la JOC i ACO.<\/p>\n<p>Amb molta gent i grups del Nord i del Sud, de l\u2019Est i l\u2019Oest, hem procurat reeixir enmig de les complexitats i contradiccions de la vida. Encara que sembla que el b\u00e9 \u00e9s m\u00e9s petit i feble que el mal perqu\u00e8 no fa tant de soroll, he pogut continuar fent feina amb esperan\u00e7a i gust de viure. La nostra hist\u00f2ria \u00e9s la meva joia. Vull deixar escrit el meu agra\u00efment a totes les persones i comunitats amb les quals he compartit tantes alegries, penes, consols, resist\u00e8ncies, vida v\u00e0lida i animada!<\/p>\n","protected":false},"excerpt":{"rendered":"<p>HORTET GAUSACHS, JOSEP<\/p>\n","protected":false},"featured_media":987823,"template":"","meta":{"_acf_changed":false,"om_disable_all_campaigns":false,"rs_blank_template":"","rs_page_bg_color":"","slide_template_v7":"","inline_featured_image":false,"_monsterinsights_skip_tracking":false,"_monsterinsights_sitenote_active":false,"_monsterinsights_sitenote_note":"","_monsterinsights_sitenote_category":0},"product_brand":[],"product_cat":[92,542],"product_tag":[],"class_list":{"0":"post-987578","1":"product","2":"type-product","3":"status-publish","4":"has-post-thumbnail","6":"product_cat-vida-religiosa","7":"product_cat-vida-religiosa-1_espiritualidad-spa","9":"first","10":"instock","11":"taxable","12":"shipping-taxable","13":"purchasable","14":"product-type-simple"},"acf":{"autor":"HORTET GAUSACHS, JOSEP","codart":"849165642","libros-coleccion":"","ediciones":"1","encuadernacion":"R\u00fastica","fecha_de_publicacion":"22\/10\/2024","novedad":"1","paginas":"439","subtitulo":"EN SIS CAP\u00cdTOLS:  DE 1937-2024","orden":"999","portada":"1","idioma":"cat","editorial":[{"ID":6172,"post_author":"3","post_date":"2022-07-28 17:46:27","post_date_gmt":"2022-07-28 15:46:27","post_content":"","post_title":"CPL","post_excerpt":"","post_status":"publish","comment_status":"closed","ping_status":"closed","post_password":"","post_name":"cpl","to_ping":"","pinged":"","post_modified":"2022-07-28 17:46:27","post_modified_gmt":"2022-07-28 15:46:27","post_content_filtered":"","post_parent":0,"guid":"http:\/\/dev.claret.cat\/editorial\/cpl\/","menu_order":0,"post_type":"editorial","post_mime_type":"","comment_count":"0","filter":"raw"}]},"aioseo_notices":[],"_links":{"self":[{"href":"https:\/\/www.claret.cat\/es\/wp-json\/wp\/v2\/product\/987578","targetHints":{"allow":["GET"]}}],"collection":[{"href":"https:\/\/www.claret.cat\/es\/wp-json\/wp\/v2\/product"}],"about":[{"href":"https:\/\/www.claret.cat\/es\/wp-json\/wp\/v2\/types\/product"}],"wp:featuredmedia":[{"embeddable":true,"href":"https:\/\/www.claret.cat\/es\/wp-json\/wp\/v2\/media\/987823"}],"wp:attachment":[{"href":"https:\/\/www.claret.cat\/es\/wp-json\/wp\/v2\/media?parent=987578"}],"wp:term":[{"taxonomy":"product_brand","embeddable":true,"href":"https:\/\/www.claret.cat\/es\/wp-json\/wp\/v2\/product_brand?post=987578"},{"taxonomy":"product_cat","embeddable":true,"href":"https:\/\/www.claret.cat\/es\/wp-json\/wp\/v2\/product_cat?post=987578"},{"taxonomy":"product_tag","embeddable":true,"href":"https:\/\/www.claret.cat\/es\/wp-json\/wp\/v2\/product_tag?post=987578"}],"curies":[{"name":"wp","href":"https:\/\/api.w.org\/{rel}","templated":true}]}}