{"id":987766,"date":"2024-10-22T17:00:33","date_gmt":"2024-10-22T15:00:33","guid":{"rendered":"https:\/\/www.claret.cat\/llibre\/aprendizaje-competencial-9788415995722\/"},"modified":"2024-10-25T12:35:37","modified_gmt":"2024-10-25T10:35:37","slug":"aprendizaje-competencial-9788415995722","status":"publish","type":"product","link":"https:\/\/www.claret.cat\/es\/libro\/aprendizaje-competencial-9788415995722\/","title":{"rendered":"APRENDIZAJE COMPETENCIAL"},"content":{"rendered":"<p>El enfoque competencial no supone obviar los contenidos para asumir las competencias. No se trata de abandonar el contenido para abrazar las competencias. Por el contrario, se trata de apoyarnos en los contenidos para alcanzar las competencias que son de alguna manera un objetivo educativo de mayor altura. Por tanto, no existe una lucha entre las competencias y los contenidos, no tiene sentido enfrentar algo que est\u00e1 necesariamente unido. Las competencias no buscan desterrar los contenidos o el aprendizaje memor\u00edstico, sino que vienen a darle un nuevo sentido al aprendizaje de los contenidos. Las competencias vienen a decirnos que los contenidos son importantes, son muy importantes; pero que los contenidos no son lo \u00fanico importante y, sobre todo, los contenidos no son lo m\u00e1s importante. Los contenidos no son el centro de la ense\u00f1anza. Los contenidos son el n\u00facleo sobre los que construir la competencia, el verdadero eje de rotaci\u00f3n del aprendizaje en este mundo del conocimiento esf\u00e9rico.\u00ab&#8230;el proceso de ense\u00f1anza-aprendizaje debe de poner el foco en la resoluci\u00f3n de situaciones complejas contextualizadas\u00bb.<\/p>\n","protected":false},"excerpt":{"rendered":"<p>VALLE, JAVIER M. \/ MANSO, JES\u00daS \/ PI\u00d1ANA, ELENA<\/p>\n","protected":false},"featured_media":988154,"template":"","meta":{"_acf_changed":false,"om_disable_all_campaigns":false,"rs_blank_template":"","rs_page_bg_color":"","slide_template_v7":"","inline_featured_image":false,"_monsterinsights_skip_tracking":false,"_monsterinsights_sitenote_active":false,"_monsterinsights_sitenote_note":"","_monsterinsights_sitenote_category":0},"product_brand":[],"product_cat":[142,575],"product_tag":[],"class_list":{"0":"post-987766","1":"product","2":"type-product","3":"status-publish","4":"has-post-thumbnail","6":"product_cat-orientacio-professional","7":"product_cat-orientacion-profesional-escolar-4_escolar-spa","9":"first","10":"instock","11":"taxable","12":"shipping-taxable","13":"purchasable","14":"product-type-simple"},"acf":{"autor":"VALLE, JAVIER M. \/ MANSO, JES\u00daS \/ PI\u00d1ANA, ELENA","codart":"841599572","libros-coleccion":"Expresiones","ediciones":"1","encuadernacion":"R\u00fastica","fecha_de_publicacion":"01\/09\/2024","novedad":"1","paginas":"384","subtitulo":"TEOR\u00cdA, PR\u00c1CTICA Y EJEMPLOS PARA HACERLO REALIDAD EN EL AULA","orden":"0","portada":"0","idioma":"spa","editorial":[{"ID":148334,"post_author":"3","post_date":"2022-10-14 11:57:26","post_date_gmt":"2022-10-14 09:57:26","post_content":"","post_title":"Khaf (Edelvives)","post_excerpt":"","post_status":"publish","comment_status":"closed","ping_status":"closed","post_password":"","post_name":"khaf-edelvives","to_ping":"","pinged":"","post_modified":"2022-10-14 11:57:26","post_modified_gmt":"2022-10-14 09:57:26","post_content_filtered":"","post_parent":0,"guid":"http:\/\/dev.claret.cat\/editorial\/khaf-edelvives\/","menu_order":0,"post_type":"editorial","post_mime_type":"","comment_count":"0","filter":"raw"}]},"aioseo_notices":[],"_links":{"self":[{"href":"https:\/\/www.claret.cat\/es\/wp-json\/wp\/v2\/product\/987766","targetHints":{"allow":["GET"]}}],"collection":[{"href":"https:\/\/www.claret.cat\/es\/wp-json\/wp\/v2\/product"}],"about":[{"href":"https:\/\/www.claret.cat\/es\/wp-json\/wp\/v2\/types\/product"}],"wp:featuredmedia":[{"embeddable":true,"href":"https:\/\/www.claret.cat\/es\/wp-json\/wp\/v2\/media\/988154"}],"wp:attachment":[{"href":"https:\/\/www.claret.cat\/es\/wp-json\/wp\/v2\/media?parent=987766"}],"wp:term":[{"taxonomy":"product_brand","embeddable":true,"href":"https:\/\/www.claret.cat\/es\/wp-json\/wp\/v2\/product_brand?post=987766"},{"taxonomy":"product_cat","embeddable":true,"href":"https:\/\/www.claret.cat\/es\/wp-json\/wp\/v2\/product_cat?post=987766"},{"taxonomy":"product_tag","embeddable":true,"href":"https:\/\/www.claret.cat\/es\/wp-json\/wp\/v2\/product_tag?post=987766"}],"curies":[{"name":"wp","href":"https:\/\/api.w.org\/{rel}","templated":true}]}}