{"id":987957,"date":"2024-10-23T18:05:09","date_gmt":"2024-10-23T16:05:09","guid":{"rendered":"https:\/\/www.claret.cat\/llibre\/educar-para-la-vida-9788431339753\/"},"modified":"2026-01-19T11:38:32","modified_gmt":"2026-01-19T10:38:32","slug":"educar-para-la-vida-9788431339753","status":"publish","type":"product","link":"https:\/\/www.claret.cat\/es\/libro\/educar-para-la-vida-9788431339753\/","title":{"rendered":"EDUCAR PARA LA VIDA"},"content":{"rendered":"<p>Los profesores de Religi\u00f3n trabajamos en condiciones y circunstancias muy diversas. En algunos colegios las clases de Religi\u00f3n son obligatorias y en otros, optativas. En algunos esta asignatura es prioritaria en el proyecto educativo, y en otros, m\u00e1s bien secundaria. En ocasiones la disciplina est\u00e1 muy bien trabajada y en otras presenta serias deficiencias. Algunos establecimientos apoyan al profesor fuertemente, pero en otros, se siente menos ese respaldo. Este libro est\u00e1 dirigido a todos ellos, sean cuales sean sus circunstancias.<br \/> Religi\u00f3n es la asignatura m\u00e1s importante, porque nuestra misi\u00f3n es ense\u00f1ar a vivir, a conocer la verdad y a encontrar un sentido a la vida. Esta realidad nos inspira para ponernos al servicio de las otras asignaturas y ser responsables para que nuestro desempe\u00f1o docente est\u00e9 a la altura de la enorme misi\u00f3n que tenemos entre manos. Es evidente, entonces, que nuestra labor como profesores implica una gran responsabilidad. En cada una de nuestras clases tenemos una oportunidad, quiz\u00e1s \u00fanica, de transformar vidas. Es verdad que el \u00fanico capaz de convertir a una persona, de transformarla por dentro, es Dios mismo. Tambi\u00e9n lo es que en el proceso de construcci\u00f3n de la propia identidad y de conversi\u00f3n personal, cada alumno es quien debe hacer uso de su libertad dej\u00e1ndose guiar por la gracia de Dios. Pero tambi\u00e9n es clave tener en cuenta que podemos ser instrumentos de Dios e iluminar la inteligencia de nuestros alumnos y fortalecer su voluntad, para que de esta manera puedan elegir libremente y dejarse convertir por su gracia.<\/p>\n","protected":false},"excerpt":{"rendered":"<p>BOWN S., RONALD<\/p>\n","protected":false},"featured_media":987958,"template":"","meta":{"_acf_changed":false,"om_disable_all_campaigns":false,"rs_blank_template":"","rs_page_bg_color":"","slide_template_v7":"","inline_featured_image":false,"_monsterinsights_skip_tracking":false,"_monsterinsights_sitenote_active":false,"_monsterinsights_sitenote_note":"","_monsterinsights_sitenote_category":0},"product_brand":[],"product_cat":[225,483],"product_tag":[],"class_list":{"0":"post-987957","1":"product","2":"type-product","3":"status-publish","4":"has-post-thumbnail","6":"product_cat-catecismes","7":"product_cat-catecismos","9":"first","10":"instock","11":"taxable","12":"shipping-taxable","13":"purchasable","14":"product-type-simple"},"acf":{"autor":"BOWN S., RONALD","codart":"843133975","libros-coleccion":"Astrolabio Religi\u00f3n","ediciones":"1","encuadernacion":"R\u00fastica","fecha_de_publicacion":"01\/10\/2024","novedad":"0","paginas":"0","subtitulo":"EXPERIENCIAS EN LA ENSE\u00d1ANZA DE RELIGI\u00d3N","orden":"0","portada":"0","idioma":"spa","editorial":[{"ID":6251,"post_author":"3","post_date":"2022-07-28 17:48:11","post_date_gmt":"2022-07-28 15:48:11","post_content":"","post_title":"EUNSA. EDICIONES UNIVERSIDAD DE NAVARRA","post_excerpt":"","post_status":"publish","comment_status":"closed","ping_status":"closed","post_password":"","post_name":"eunsa-ediciones-universidad-de-navarra","to_ping":"","pinged":"","post_modified":"2022-07-28 17:48:11","post_modified_gmt":"2022-07-28 15:48:11","post_content_filtered":"","post_parent":0,"guid":"http:\/\/dev.claret.cat\/editorial\/eunsa-ediciones-universidad-de-navarra\/","menu_order":0,"post_type":"editorial","post_mime_type":"","comment_count":"0","filter":"raw"}],"booktrailer":"","resenas":""},"aioseo_notices":[],"_links":{"self":[{"href":"https:\/\/www.claret.cat\/es\/wp-json\/wp\/v2\/product\/987957","targetHints":{"allow":["GET"]}}],"collection":[{"href":"https:\/\/www.claret.cat\/es\/wp-json\/wp\/v2\/product"}],"about":[{"href":"https:\/\/www.claret.cat\/es\/wp-json\/wp\/v2\/types\/product"}],"wp:featuredmedia":[{"embeddable":true,"href":"https:\/\/www.claret.cat\/es\/wp-json\/wp\/v2\/media\/987958"}],"wp:attachment":[{"href":"https:\/\/www.claret.cat\/es\/wp-json\/wp\/v2\/media?parent=987957"}],"wp:term":[{"taxonomy":"product_brand","embeddable":true,"href":"https:\/\/www.claret.cat\/es\/wp-json\/wp\/v2\/product_brand?post=987957"},{"taxonomy":"product_cat","embeddable":true,"href":"https:\/\/www.claret.cat\/es\/wp-json\/wp\/v2\/product_cat?post=987957"},{"taxonomy":"product_tag","embeddable":true,"href":"https:\/\/www.claret.cat\/es\/wp-json\/wp\/v2\/product_tag?post=987957"}],"curies":[{"name":"wp","href":"https:\/\/api.w.org\/{rel}","templated":true}]}}