{"id":987996,"date":"2024-10-24T10:50:30","date_gmt":"2024-10-24T08:50:30","guid":{"rendered":"https:\/\/www.claret.cat\/llibre\/silencio-de-dios-silencio-de-los-hombres-9788413683805\/"},"modified":"2026-01-30T17:26:44","modified_gmt":"2026-01-30T16:26:44","slug":"silencio-de-dios-silencio-de-los-hombres-9788413683805","status":"publish","type":"product","link":"https:\/\/www.claret.cat\/es\/libro\/silencio-de-dios-silencio-de-los-hombres-9788413683805\/","title":{"rendered":"SILENCIO DE DIOS, SILENCIO DE LOS HOMBRES"},"content":{"rendered":"<p>En las epidemias, guerras, cat\u00e1strofes&#8230; \u00bfD\u00f3nde est\u00e1 Dios?<\/p>\n<p> En situaciones dif\u00edciles, los creyentes a menudo se preguntan: \u00ab\u00bfPor qu\u00e9, Se\u00f1or?\u00bb y muchas veces no reciben respuesta. \u00bfEst\u00e1 Dios ausente en esos momentos?<br \/> El autor, bas\u00e1ndose en sus cuarenta a\u00f1os de experiencia como pastor, se esfuerza por acompa\u00f1ar al lector a trav\u00e9s de la crisis que puede experimentar en momentos de especial dificultad y mostrarle un camino hacia la paz interior. Para ello se apoya en textos de la Biblia, de los padres de la Iglesia, de los santos y en  la oraci\u00f3n.<br \/> Silencio de Dios, silencio de los hombres, es una invitaci\u00f3n a adentrarse en el misterio de lo divino y lo humano a trav\u00e9s del silencio, descubriendo as\u00ed una nueva dimensi\u00f3n de la existencia y la espiritualidad.<\/p>\n","protected":false},"excerpt":{"rendered":"<p>CHAUVET, MONS. PATRICK<\/p>\n","protected":false},"featured_media":1080020,"template":"","meta":{"_acf_changed":false,"om_disable_all_campaigns":false,"rs_blank_template":"","rs_page_bg_color":"","slide_template_v7":"","inline_featured_image":false,"_monsterinsights_skip_tracking":false,"_monsterinsights_sitenote_active":false,"_monsterinsights_sitenote_note":"","_monsterinsights_sitenote_category":0},"product_brand":[],"product_cat":[278,508],"product_tag":[],"class_list":{"0":"post-987996","1":"product","2":"type-product","3":"status-publish","4":"has-post-thumbnail","6":"product_cat-misteri-de-deu","7":"product_cat-misterio-de-dios","9":"first","10":"instock","11":"taxable","12":"shipping-taxable","13":"purchasable","14":"product-type-simple"},"acf":{"autor":"CHAUVET, MONS. PATRICK","codart":"841368380","libros-coleccion":"Cuadernos Palabra","ediciones":"1","encuadernacion":"R\u00fastica","fecha_de_publicacion":"01\/10\/2024","novedad":"1","paginas":"160","subtitulo":"","orden":"0","portada":"1","idioma":"spa","editorial":[{"ID":148624,"post_author":"3","post_date":"2022-10-14 11:59:42","post_date_gmt":"2022-10-14 09:59:42","post_content":"","post_title":"PALABRA S.A., EDICIONES","post_excerpt":"","post_status":"publish","comment_status":"closed","ping_status":"closed","post_password":"","post_name":"palabra-s-a-ediciones","to_ping":"","pinged":"","post_modified":"2022-10-14 11:59:42","post_modified_gmt":"2022-10-14 09:59:42","post_content_filtered":"","post_parent":0,"guid":"http:\/\/dev.claret.cat\/editorial\/palabra-s-a-ediciones\/","menu_order":0,"post_type":"editorial","post_mime_type":"","comment_count":"0","filter":"raw"}],"booktrailer":"","resenas":""},"aioseo_notices":[],"_links":{"self":[{"href":"https:\/\/www.claret.cat\/es\/wp-json\/wp\/v2\/product\/987996","targetHints":{"allow":["GET"]}}],"collection":[{"href":"https:\/\/www.claret.cat\/es\/wp-json\/wp\/v2\/product"}],"about":[{"href":"https:\/\/www.claret.cat\/es\/wp-json\/wp\/v2\/types\/product"}],"wp:featuredmedia":[{"embeddable":true,"href":"https:\/\/www.claret.cat\/es\/wp-json\/wp\/v2\/media\/1080020"}],"wp:attachment":[{"href":"https:\/\/www.claret.cat\/es\/wp-json\/wp\/v2\/media?parent=987996"}],"wp:term":[{"taxonomy":"product_brand","embeddable":true,"href":"https:\/\/www.claret.cat\/es\/wp-json\/wp\/v2\/product_brand?post=987996"},{"taxonomy":"product_cat","embeddable":true,"href":"https:\/\/www.claret.cat\/es\/wp-json\/wp\/v2\/product_cat?post=987996"},{"taxonomy":"product_tag","embeddable":true,"href":"https:\/\/www.claret.cat\/es\/wp-json\/wp\/v2\/product_tag?post=987996"}],"curies":[{"name":"wp","href":"https:\/\/api.w.org\/{rel}","templated":true}]}}