{"id":988027,"date":"2024-10-24T12:00:10","date_gmt":"2024-10-24T10:00:10","guid":{"rendered":"https:\/\/www.claret.cat\/llibre\/palabra-de-woody-allen-9788412843279\/"},"modified":"2024-10-24T12:00:48","modified_gmt":"2024-10-24T10:00:48","slug":"palabra-de-woody-allen-9788412843279","status":"publish","type":"product","link":"https:\/\/www.claret.cat\/es\/libro\/palabra-de-woody-allen-9788412843279\/","title":{"rendered":"PALABRA DE WOODY ALLEN"},"content":{"rendered":"<p>No hay muchos directores cinematogr\u00e1ficos que hayan mantenido de forma duradera un ritmo de pro\u00acducci\u00f3n de tipo industrial; son pocos los que, firmando una pel\u00edcula cada a\u00f1o, logran un buen nivel medio; y son poqu\u00edsimos los que con el ritmo de trabajo de Woody Allen pueden exhibir unas cuantas piezas magistrales. Es cierto, sin embargo, que el registro del cineasta neoyorquino resulta limitado o, por decirlo de forma positiva, muy concreto. Su vocaci\u00f3n consiste en reproducir una y otra vez sus sue\u00ac\u00f1os de infancia, hechos de grandes apartamentos en Manhattan, dinero ilimitado, elegancia, clase y m\u00fasica de los a\u00f1os cuarenta. Y fabrica miniaturas, peque\u00f1os objetos preciosos como los huevos de Faberg\u00e9 o los cuentos de Jorge Luis Borges. El adjetivo grandioso no va con \u00e9l. Incluso sus pel\u00edculas m\u00e1s maravillosas son por definici\u00f3n obras menores, pero de una exquisitez suprema. Habla\u00acmos de t\u00edtulos como ?Annie Hall?, ?Manhattan?, ?La rosa p\u00farpura de El Cairo?, ?Hannah y sus hermanas?, ?Delitos y faltas?, ?Match Point?&#8230; El presente libro compila tres d\u00e9cadas de entrevistas y conversaciones, ordenadas cronol\u00f3gicam<\/p>\n","protected":false},"excerpt":{"rendered":"<p>VV. AA.<\/p>\n","protected":false},"featured_media":988028,"template":"","meta":{"_acf_changed":false,"om_disable_all_campaigns":false,"rs_blank_template":"","rs_page_bg_color":"","slide_template_v7":"","inline_featured_image":false,"_monsterinsights_skip_tracking":false,"_monsterinsights_sitenote_active":false,"_monsterinsights_sitenote_note":"","_monsterinsights_sitenote_category":0},"product_brand":[],"product_cat":[549,99],"product_tag":[],"class_list":{"0":"post-988027","1":"product","2":"type-product","3":"status-publish","4":"has-post-thumbnail","6":"product_cat-biografias","7":"product_cat-biografies","9":"first","10":"instock","11":"taxable","12":"shipping-taxable","13":"purchasable","14":"product-type-simple"},"acf":{"autor":"VV. AA.","codart":"841284327","libros-coleccion":"FORA DE COL.LECCI\u00d3","ediciones":"1","encuadernacion":"R\u00fastica","fecha_de_publicacion":"01\/09\/2024","novedad":"1","paginas":"292","subtitulo":"","orden":"0","portada":"0","idioma":"spa","editorial":[{"ID":952117,"post_author":"3","post_date":"2024-02-14 16:10:17","post_date_gmt":"2024-02-14 15:10:17","post_content":"","post_title":"Cult Boks","post_excerpt":"","post_status":"publish","comment_status":"closed","ping_status":"closed","post_password":"","post_name":"cult-boks","to_ping":"","pinged":"","post_modified":"2024-02-14 16:10:17","post_modified_gmt":"2024-02-14 15:10:17","post_content_filtered":"","post_parent":0,"guid":"https:\/\/www.claret.cat\/editorial\/cult-boks\/","menu_order":0,"post_type":"editorial","post_mime_type":"","comment_count":"0","filter":"raw"}]},"aioseo_notices":[],"_links":{"self":[{"href":"https:\/\/www.claret.cat\/es\/wp-json\/wp\/v2\/product\/988027","targetHints":{"allow":["GET"]}}],"collection":[{"href":"https:\/\/www.claret.cat\/es\/wp-json\/wp\/v2\/product"}],"about":[{"href":"https:\/\/www.claret.cat\/es\/wp-json\/wp\/v2\/types\/product"}],"wp:featuredmedia":[{"embeddable":true,"href":"https:\/\/www.claret.cat\/es\/wp-json\/wp\/v2\/media\/988028"}],"wp:attachment":[{"href":"https:\/\/www.claret.cat\/es\/wp-json\/wp\/v2\/media?parent=988027"}],"wp:term":[{"taxonomy":"product_brand","embeddable":true,"href":"https:\/\/www.claret.cat\/es\/wp-json\/wp\/v2\/product_brand?post=988027"},{"taxonomy":"product_cat","embeddable":true,"href":"https:\/\/www.claret.cat\/es\/wp-json\/wp\/v2\/product_cat?post=988027"},{"taxonomy":"product_tag","embeddable":true,"href":"https:\/\/www.claret.cat\/es\/wp-json\/wp\/v2\/product_tag?post=988027"}],"curies":[{"name":"wp","href":"https:\/\/api.w.org\/{rel}","templated":true}]}}