{"id":988068,"date":"2024-10-24T13:15:31","date_gmt":"2024-10-24T11:15:31","guid":{"rendered":"https:\/\/www.claret.cat\/llibre\/adviento-en-camino-hacia-la-navidad-2024-y-el-jubileo-de-2025-9788413792316\/"},"modified":"2025-11-27T20:16:16","modified_gmt":"2025-11-27T19:16:16","slug":"adviento-en-camino-hacia-la-navidad-2024-y-el-jubileo-de-2025-9788413792316","status":"publish","type":"product","link":"https:\/\/www.claret.cat\/es\/libro\/adviento-en-camino-hacia-la-navidad-2024-y-el-jubileo-de-2025-9788413792316\/","title":{"rendered":"ADVIENTO: EN CAMINO HACIA LA NAVIDAD 2024 Y EL JUBILEO DE 2025"},"content":{"rendered":"<p>\u00a1El a\u00f1o 2024 se acaba y se acerca la Navidad! La Iglesia cat\u00f3lica celebrar\u00e1 en todo el mundo el Jubileo 2025 del 24 de diciembre, 2024 al 6 de enero, 2026. El lema ser\u00e1 Peregrinos de Esperanza. El Papa Francisco inici\u00f3 el jubileo con un rito especial para abrir la puerta santa de la Bas\u00edlica de San Pedro en Roma. Se celebra cada 25 a\u00f1os y siempre se comienza en Roma.<\/p>\n<p>El tiempo de Adviento es un tiempo de espera para rezar y prepararse para recibir a Jes\u00fas en el bel\u00e9n, es tiempo de comprometerse y hacer peque\u00f1os esfuerzos para prepararnos a la Navidad. En estas p\u00e1ginas encontrar\u00e1s la Palabra de Dios de cada domingo, acompa\u00f1ada de reflexiones, actividades y propuestas que te ayudar\u00e1n a interiorizar en tu coraz\u00f3n el mensaje del Evangelio.<\/p>\n","protected":false},"excerpt":{"rendered":"<p>BURTIN, S.<\/p>\n","protected":false},"featured_media":988069,"template":"","meta":{"_acf_changed":false,"om_disable_all_campaigns":false,"rs_blank_template":"","rs_page_bg_color":"","slide_template_v7":"","inline_featured_image":false,"_monsterinsights_skip_tracking":false,"_monsterinsights_sitenote_active":false,"_monsterinsights_sitenote_note":"","_monsterinsights_sitenote_category":0},"product_brand":[],"product_cat":[399,253],"product_tag":[],"class_list":{"0":"post-988068","1":"product","2":"type-product","3":"status-publish","4":"has-post-thumbnail","6":"product_cat-any-liturgic-liturgia-1_espiritualidad","7":"product_cat-any-liturgic","9":"first","10":"outofstock","11":"taxable","12":"shipping-taxable","13":"purchasable","14":"product-type-simple"},"acf":{"autor":"BURTIN, S.","codart":"841379231","libros-coleccion":"Tiempos Lit\u00fargicos","ediciones":"0","encuadernacion":"Grapado","fecha_de_publicacion":"24\/10\/2024","novedad":"1","paginas":"48","subtitulo":"","orden":"0","portada":"0","idioma":"spa","editorial":[{"ID":6155,"post_author":"3","post_date":"2022-07-28 17:46:04","post_date_gmt":"2022-07-28 15:46:04","post_content":"","post_title":"Central Catequ\u00edstica Salesiana","post_excerpt":"","post_status":"publish","comment_status":"closed","ping_status":"closed","post_password":"","post_name":"central-catequistica-salesiana","to_ping":"","pinged":"","post_modified":"2022-07-28 17:46:04","post_modified_gmt":"2022-07-28 15:46:04","post_content_filtered":"","post_parent":0,"guid":"http:\/\/dev.claret.cat\/editorial\/central-catequistica-salesiana\/","menu_order":0,"post_type":"editorial","post_mime_type":"","comment_count":"0","filter":"raw"}],"booktrailer":"","resenas":""},"aioseo_notices":[],"_links":{"self":[{"href":"https:\/\/www.claret.cat\/es\/wp-json\/wp\/v2\/product\/988068","targetHints":{"allow":["GET"]}}],"collection":[{"href":"https:\/\/www.claret.cat\/es\/wp-json\/wp\/v2\/product"}],"about":[{"href":"https:\/\/www.claret.cat\/es\/wp-json\/wp\/v2\/types\/product"}],"wp:featuredmedia":[{"embeddable":true,"href":"https:\/\/www.claret.cat\/es\/wp-json\/wp\/v2\/media\/988069"}],"wp:attachment":[{"href":"https:\/\/www.claret.cat\/es\/wp-json\/wp\/v2\/media?parent=988068"}],"wp:term":[{"taxonomy":"product_brand","embeddable":true,"href":"https:\/\/www.claret.cat\/es\/wp-json\/wp\/v2\/product_brand?post=988068"},{"taxonomy":"product_cat","embeddable":true,"href":"https:\/\/www.claret.cat\/es\/wp-json\/wp\/v2\/product_cat?post=988068"},{"taxonomy":"product_tag","embeddable":true,"href":"https:\/\/www.claret.cat\/es\/wp-json\/wp\/v2\/product_tag?post=988068"}],"curies":[{"name":"wp","href":"https:\/\/api.w.org\/{rel}","templated":true}]}}