{"id":988170,"date":"2024-10-25T13:07:45","date_gmt":"2024-10-25T11:07:45","guid":{"rendered":"https:\/\/www.claret.cat\/llibre\/mi-cocina-mexicana-9788410124622\/"},"modified":"2024-10-25T13:11:27","modified_gmt":"2024-10-25T11:11:27","slug":"mi-cocina-mexicana-9788410124622","status":"publish","type":"product","link":"https:\/\/www.claret.cat\/es\/libro\/mi-cocina-mexicana-9788410124622\/","title":{"rendered":"MI COCINA MEXICANA"},"content":{"rendered":"<p>Sue Ch\u00e1vez, chef mexicana que cumpli\u00f3 en Espa\u00f1a su sue\u00f1o de trabajar en un restaurante con estrella Michelin, nos propone un viaje gastron\u00f3mico y cultural por M\u00e9xico que se enriquece con su conocimiento de ambas culturas, de manera que puede adaptar las recetas t\u00edpicas de su pa\u00eds al producto local.No faltan los platos que todo el mundo asocia a la cocina mexicana (enchiladas, tacos, moles, guacamole&#8230;) ni tampoco sus tradicionales aderezos picantes, y en este libro concilia los gustos europeos con la tradici\u00f3n de su pa\u00eds de origen y lo logra mediante sugerentes y originales propuestas.Las fotograf\u00edas de Becky Lawton, habitual colaboradora de Larousse Editorial, nos ofrecen no solo unos acabados muy atractivos de las recetas sino que nos trasladan a los tradicionales mercados callejeros de M\u00e9xico, hasta donde viaj\u00f3 con la autora en busca de los aromas y colores asociados a la cultura de este pa\u00eds.Con pr\u00f3logo de Carme Ruscalleda.<\/p>\n","protected":false},"excerpt":{"rendered":"<p>CH\u00c1VEZ MIRANDA, SUE<\/p>\n","protected":false},"featured_media":988171,"template":"","meta":{"_acf_changed":false,"om_disable_all_campaigns":false,"rs_blank_template":"","rs_page_bg_color":"","slide_template_v7":"","inline_featured_image":false,"_monsterinsights_skip_tracking":false,"_monsterinsights_sitenote_active":false,"_monsterinsights_sitenote_note":"","_monsterinsights_sitenote_category":0},"product_brand":[],"product_cat":[553,103],"product_tag":[],"class_list":{"0":"post-988170","1":"product","2":"type-product","3":"status-publish","4":"has-post-thumbnail","6":"product_cat-cocina","7":"product_cat-cuina","9":"first","10":"instock","11":"taxable","12":"shipping-taxable","13":"purchasable","14":"product-type-simple"},"acf":{"autor":"CH\u00c1VEZ MIRANDA, SUE","codart":"841012462","libros-coleccion":"Larousse - Libros Ilustrados\/ Pr\u00e1cticos","ediciones":"1","encuadernacion":"Carton\u00e9","fecha_de_publicacion":"01\/10\/2024","novedad":"1","paginas":"256","subtitulo":"","orden":"0","portada":"0","idioma":"spa","editorial":[{"ID":148398,"post_author":"3","post_date":"2022-10-14 11:57:56","post_date_gmt":"2022-10-14 09:57:56","post_content":"","post_title":"Larousse","post_excerpt":"","post_status":"publish","comment_status":"closed","ping_status":"closed","post_password":"","post_name":"larousse","to_ping":"","pinged":"","post_modified":"2022-10-14 11:57:56","post_modified_gmt":"2022-10-14 09:57:56","post_content_filtered":"","post_parent":0,"guid":"http:\/\/dev.claret.cat\/editorial\/larousse\/","menu_order":0,"post_type":"editorial","post_mime_type":"","comment_count":"0","filter":"raw"}]},"aioseo_notices":[],"_links":{"self":[{"href":"https:\/\/www.claret.cat\/es\/wp-json\/wp\/v2\/product\/988170","targetHints":{"allow":["GET"]}}],"collection":[{"href":"https:\/\/www.claret.cat\/es\/wp-json\/wp\/v2\/product"}],"about":[{"href":"https:\/\/www.claret.cat\/es\/wp-json\/wp\/v2\/types\/product"}],"wp:featuredmedia":[{"embeddable":true,"href":"https:\/\/www.claret.cat\/es\/wp-json\/wp\/v2\/media\/988171"}],"wp:attachment":[{"href":"https:\/\/www.claret.cat\/es\/wp-json\/wp\/v2\/media?parent=988170"}],"wp:term":[{"taxonomy":"product_brand","embeddable":true,"href":"https:\/\/www.claret.cat\/es\/wp-json\/wp\/v2\/product_brand?post=988170"},{"taxonomy":"product_cat","embeddable":true,"href":"https:\/\/www.claret.cat\/es\/wp-json\/wp\/v2\/product_cat?post=988170"},{"taxonomy":"product_tag","embeddable":true,"href":"https:\/\/www.claret.cat\/es\/wp-json\/wp\/v2\/product_tag?post=988170"}],"curies":[{"name":"wp","href":"https:\/\/api.w.org\/{rel}","templated":true}]}}