{"id":988458,"date":"2024-10-29T16:55:44","date_gmt":"2024-10-29T15:55:44","guid":{"rendered":"https:\/\/www.claret.cat\/llibre\/una-tendra-tendra-tendra-historia-de-nadal-9788413899817\/"},"modified":"2025-12-24T09:42:35","modified_gmt":"2025-12-24T08:42:35","slug":"una-tendra-tendra-tendra-historia-de-nadal-9788413899817","status":"publish","type":"product","link":"https:\/\/www.claret.cat\/es\/libro\/una-tendra-tendra-tendra-historia-de-nadal-9788413899817\/","title":{"rendered":"UNA TENDRA, TENDRA, TENDRA HIST\u00d2RIA DE NADAL"},"content":{"rendered":"<p>Una preciosa aventura d&#8221;en Geronimo! Quina felicitat! \u00c9s la nit de NadalQuina felicitat! \u00c9s la nit de Nadal, a fora neva i a casa ja ho tinc tot a punt per rebre els amics i la fam\u00edlia. Per\u00f2&#8230; escarritx!, de cop tot canvia i descobreixo que passar\u00e9 el Nadal tot sol amb el meu peixet vermell Ann\u00edbal. Estic malenconi\u00f3s, trist, fins i tot desesperat! Per\u00f2 passejant per Ratalona, sota la neu, faig una colla de nous amics, i quan torno a casa em trobo una sorpresa tendra, tendra&#8230; m\u00e9s tendra que el mat\u00f3!<\/p>\n","protected":false},"excerpt":{"rendered":"<p>STILTON, GERONIMO<\/p>\n","protected":false},"featured_media":988742,"template":"","meta":{"_acf_changed":false,"om_disable_all_campaigns":false,"rs_blank_template":"","rs_page_bg_color":"","slide_template_v7":"","inline_featured_image":false,"_monsterinsights_skip_tracking":false,"_monsterinsights_sitenote_active":false,"_monsterinsights_sitenote_note":"","_monsterinsights_sitenote_category":0},"product_brand":[],"product_cat":[132,362],"product_tag":[],"class_list":{"0":"post-988458","1":"product","2":"type-product","3":"status-publish","4":"has-post-thumbnail","6":"product_cat-lectures-per-preadolescents-6-12-anys","7":"product_cat-libros-preadolescentes-6-12-anos","9":"first","10":"instock","11":"taxable","12":"shipping-taxable","13":"purchasable","14":"product-type-simple"},"acf":{"autor":"STILTON, GERONIMO","codart":"841389981","libros-coleccion":"GERONIMO STILTON. ELS GROCS","ediciones":"1","encuadernacion":"Carton\u00e9","fecha_de_publicacion":"01\/10\/2024","novedad":"1","paginas":"45","subtitulo":"","orden":"0","portada":"0","idioma":"cat","editorial":[{"ID":6249,"post_author":"3","post_date":"2022-07-28 17:48:09","post_date_gmt":"2022-07-28 15:48:09","post_content":"","post_title":"Estrella Polar","post_excerpt":"","post_status":"publish","comment_status":"closed","ping_status":"closed","post_password":"","post_name":"estrella-polar","to_ping":"","pinged":"","post_modified":"2022-07-28 17:48:09","post_modified_gmt":"2022-07-28 15:48:09","post_content_filtered":"","post_parent":0,"guid":"http:\/\/dev.claret.cat\/editorial\/estrella-polar\/","menu_order":0,"post_type":"editorial","post_mime_type":"","comment_count":"0","filter":"raw"}],"booktrailer":"","resenas":""},"aioseo_notices":[],"_links":{"self":[{"href":"https:\/\/www.claret.cat\/es\/wp-json\/wp\/v2\/product\/988458","targetHints":{"allow":["GET"]}}],"collection":[{"href":"https:\/\/www.claret.cat\/es\/wp-json\/wp\/v2\/product"}],"about":[{"href":"https:\/\/www.claret.cat\/es\/wp-json\/wp\/v2\/types\/product"}],"wp:featuredmedia":[{"embeddable":true,"href":"https:\/\/www.claret.cat\/es\/wp-json\/wp\/v2\/media\/988742"}],"wp:attachment":[{"href":"https:\/\/www.claret.cat\/es\/wp-json\/wp\/v2\/media?parent=988458"}],"wp:term":[{"taxonomy":"product_brand","embeddable":true,"href":"https:\/\/www.claret.cat\/es\/wp-json\/wp\/v2\/product_brand?post=988458"},{"taxonomy":"product_cat","embeddable":true,"href":"https:\/\/www.claret.cat\/es\/wp-json\/wp\/v2\/product_cat?post=988458"},{"taxonomy":"product_tag","embeddable":true,"href":"https:\/\/www.claret.cat\/es\/wp-json\/wp\/v2\/product_tag?post=988458"}],"curies":[{"name":"wp","href":"https:\/\/api.w.org\/{rel}","templated":true}]}}