{"id":988779,"date":"2024-10-30T13:40:44","date_gmt":"2024-10-30T12:40:44","guid":{"rendered":"https:\/\/www.claret.cat\/llibre\/querido-maestro-9788419958266\/"},"modified":"2024-10-30T13:51:43","modified_gmt":"2024-10-30T12:51:43","slug":"querido-maestro-9788419958266","status":"publish","type":"product","link":"https:\/\/www.claret.cat\/es\/libro\/querido-maestro-9788419958266\/","title":{"rendered":"\u00abQUERIDO MAESTRO\u00bb"},"content":{"rendered":"<p>Esta correspondencia, la primera que abarca toda la vida de Pau Casals, es un documento de valor inestimable: a trav\u00e9s del ingente intercambio epistolar con sus numerosos interlocutores&#x2014;entre los que se cuentan compositores, instrumentistas, poetas, pol\u00edticos e intelectuales del siglo xx&#x2014;, descubrimos la personalidad del m\u00fasico y la relaci\u00f3n inextricable que para \u00e9l exist\u00eda entre el arte y la vida. Observador privilegiado de acontecimientos que marcaron a fuego el mundo contempor\u00e1neo&#x2014;la Primera y la Segunda Guerra Mundial, la Revoluci\u00f3n rusa, la Guerra Civil, la Francia de Vichy&#8230;&#x2014;, estas p\u00e1ginas no so\u00b4lo muestran las ideas, preocupaciones y creencias del gran violonchelista, meticuloso profesor, compositor y director de orquesta, sino tambi\u00e9n al artista comprometido que se erigi\u00f3 en s\u00edmbolo de la paz en todo el mundo.<\/p>\n","protected":false},"excerpt":{"rendered":"<p>CASALS, PAU<\/p>\n","protected":false},"featured_media":988780,"template":"","meta":{"_acf_changed":false,"om_disable_all_campaigns":false,"rs_blank_template":"","rs_page_bg_color":"","slide_template_v7":"","inline_featured_image":false,"_monsterinsights_skip_tracking":false,"_monsterinsights_sitenote_active":false,"_monsterinsights_sitenote_note":"","_monsterinsights_sitenote_category":0},"product_brand":[],"product_cat":[549,99],"product_tag":[],"class_list":{"0":"post-988779","1":"product","2":"type-product","3":"status-publish","4":"has-post-thumbnail","6":"product_cat-biografias","7":"product_cat-biografies","9":"first","10":"instock","11":"taxable","12":"shipping-taxable","13":"purchasable","14":"product-type-simple"},"acf":{"autor":"CASALS, PAU","codart":"841995826","libros-coleccion":"El Acantilado","ediciones":"1","encuadernacion":"R\u00fastica","fecha_de_publicacion":"01\/10\/2024","novedad":"1","paginas":"702","subtitulo":"CORRESPONDENCIA DE PAU CASALS (1893-1973)","orden":"0","portada":"0","idioma":"spa","editorial":[{"ID":6111,"post_author":"3","post_date":"2022-07-28 17:45:08","post_date_gmt":"2022-07-28 15:45:08","post_content":"","post_title":"ACANTILADO","post_excerpt":"","post_status":"publish","comment_status":"closed","ping_status":"closed","post_password":"","post_name":"acantilado","to_ping":"","pinged":"","post_modified":"2022-07-28 17:45:08","post_modified_gmt":"2022-07-28 15:45:08","post_content_filtered":"","post_parent":0,"guid":"http:\/\/dev.claret.cat\/editorial\/acantilado\/","menu_order":0,"post_type":"editorial","post_mime_type":"","comment_count":"0","filter":"raw"}]},"aioseo_notices":[],"_links":{"self":[{"href":"https:\/\/www.claret.cat\/es\/wp-json\/wp\/v2\/product\/988779","targetHints":{"allow":["GET"]}}],"collection":[{"href":"https:\/\/www.claret.cat\/es\/wp-json\/wp\/v2\/product"}],"about":[{"href":"https:\/\/www.claret.cat\/es\/wp-json\/wp\/v2\/types\/product"}],"wp:featuredmedia":[{"embeddable":true,"href":"https:\/\/www.claret.cat\/es\/wp-json\/wp\/v2\/media\/988780"}],"wp:attachment":[{"href":"https:\/\/www.claret.cat\/es\/wp-json\/wp\/v2\/media?parent=988779"}],"wp:term":[{"taxonomy":"product_brand","embeddable":true,"href":"https:\/\/www.claret.cat\/es\/wp-json\/wp\/v2\/product_brand?post=988779"},{"taxonomy":"product_cat","embeddable":true,"href":"https:\/\/www.claret.cat\/es\/wp-json\/wp\/v2\/product_cat?post=988779"},{"taxonomy":"product_tag","embeddable":true,"href":"https:\/\/www.claret.cat\/es\/wp-json\/wp\/v2\/product_tag?post=988779"}],"curies":[{"name":"wp","href":"https:\/\/api.w.org\/{rel}","templated":true}]}}