{"id":988924,"date":"2024-10-30T17:15:10","date_gmt":"2024-10-30T16:15:10","guid":{"rendered":"https:\/\/www.claret.cat\/llibre\/sindrome-1933-9788412912524\/"},"modified":"2025-07-25T10:23:39","modified_gmt":"2025-07-25T08:23:39","slug":"sindrome-1933-9788412912524","status":"publish","type":"product","link":"https:\/\/www.claret.cat\/es\/libro\/sindrome-1933-9788412912524\/","title":{"rendered":"S\u00cdNDROME 1933"},"content":{"rendered":"<p>\u00bfC\u00f3mo se desmorona una democracia? Una lecci\u00f3n de historia sobre lo que pocos vieron venir.<\/p>\n<p> Una campa\u00f1a electoral permanente, acuerdos de coalici\u00f3n ins\u00f3litos, partidos que no son ni de izquierdas ni de derechas sino \u00abdel pueblo\u00bb, voces que se alzan para acallar a la prensa, polarizaci\u00f3n y discursos de odio, pol\u00edticos acusados de traici\u00f3n y un Gobierno demag\u00f3gico e irresponsable. Estos son algunos de los s\u00edntomas de deterioro democr\u00e1tico que allanaron el terreno para que Hitler, un charlat\u00e1n autoritario al que pocos se tomaban en serio, ganara las elecciones alemanas en 1933. S\u00edntomas que, en un inquietante d\u00e9j\u00e0 vu, vuelven a aflorar y amenazan con acercarnos peligrosamente a un pasado que cre\u00edamos haber superado.<\/p>\n<p> Fiel a la sentencia de Santayana de que quien no conoce la historia est\u00e1 condenado a repetirla, y apoy\u00e1ndose en un estudio exhaustivo de las fuentes hist\u00f3ricas y de los peri\u00f3dicos de la \u00e9poca, S\u00edndrome 1933 nos traslada a los meses previos al desmoronamiento de la Rep\u00fablica de Weimar y analiza de manera pormenorizada c\u00f3mo los nazis pudieron conquistar el poder gracias a la colaboraci\u00f3n &#x2014;tal vez ingenua o inconsciente, pero en todo caso imprescindible&#x2014; de los supuestos garantes de la democracia: las instituciones del Estado, la clase pol\u00edtica, la prensa y la sociedad civil.<\/p>\n<p> Con un pie en 1933 y el otro en el siglo XXI, el gran corresponsal italiano Siegmund Ginzberg ofrece en este libro una lecci\u00f3n de historia que nos ayuda a comprender los riesgos que anidan en las democracias liberales de hoy y, quiz\u00e1, a evitar los errores del pasado.<\/p>\n<p> \u00ab\u00bfY si, de repente, una pesadilla de la que hab\u00edamos despertado hace tiempo, que apenas record\u00e1bamos, arremetiera mortalmente contra nosotros?\u00bb Siegmund Ginzberg<\/p>\n<p> La cr\u00edtica ha dicho&#8230;<\/p>\n<p> \u00abEl relato de doce meses decisivos para el destino de Occidente. Cualquier referencia a la actualidad es puramente intencionada.\u00bb La Repubblica<\/p>\n<p> \u00abLas ideolog\u00edas sectarizan, deconstruyen la patria, no construyen. Hay que aprender eso de la historia. En este libro Ginzberg, con mucha delicadeza, hace un parang\u00f3n con lo que est\u00e1 ocurriendo en Europa. Vale la pena leerlo.\u00bb Papa Francisco<\/p>\n<p> \u00abUn libro que se pregunta c\u00f3mo fue posible que, en el pa\u00eds m\u00e1s culto de Europa, llegara al poder un grupo de matones liderados por un cabo medio loco.\u00bb Reyes Mate<\/p>\n","protected":false},"excerpt":{"rendered":"<p>GINZBERG, SIEGMUND<\/p>\n","protected":false},"featured_media":989385,"template":"","meta":{"_acf_changed":false,"om_disable_all_campaigns":false,"rs_blank_template":"","rs_page_bg_color":"","slide_template_v7":"","inline_featured_image":false,"_monsterinsights_skip_tracking":false,"_monsterinsights_sitenote_active":false,"_monsterinsights_sitenote_note":"","_monsterinsights_sitenote_category":0},"product_brand":[],"product_cat":[162,436],"product_tag":[],"class_list":{"0":"post-988924","1":"product","2":"type-product","3":"status-publish","4":"has-post-thumbnail","6":"product_cat-economica-i-politica","7":"product_cat-economica-y-politica","9":"first","10":"instock","11":"taxable","12":"shipping-taxable","13":"purchasable","14":"product-type-simple"},"acf":{"autor":"GINZBERG, SIEGMUND","codart":"841291252","libros-coleccion":"Ensayo","ediciones":"1","encuadernacion":"R\u00fastica","fecha_de_publicacion":"01\/11\/2024","novedad":"1","paginas":"220","subtitulo":"","orden":"0","portada":"0","idioma":"spa","editorial":[{"ID":148200,"post_author":"3","post_date":"2022-10-14 11:56:24","post_date_gmt":"2022-10-14 09:56:24","post_content":"","post_title":"GATOPARDO EDICIONES","post_excerpt":"","post_status":"publish","comment_status":"closed","ping_status":"closed","post_password":"","post_name":"gatopardo-ediciones","to_ping":"","pinged":"","post_modified":"2022-10-14 11:56:24","post_modified_gmt":"2022-10-14 09:56:24","post_content_filtered":"","post_parent":0,"guid":"http:\/\/dev.claret.cat\/editorial\/gatopardo-ediciones\/","menu_order":0,"post_type":"editorial","post_mime_type":"","comment_count":"0","filter":"raw"}],"booktrailer":"","resenas":""},"aioseo_notices":[],"_links":{"self":[{"href":"https:\/\/www.claret.cat\/es\/wp-json\/wp\/v2\/product\/988924","targetHints":{"allow":["GET"]}}],"collection":[{"href":"https:\/\/www.claret.cat\/es\/wp-json\/wp\/v2\/product"}],"about":[{"href":"https:\/\/www.claret.cat\/es\/wp-json\/wp\/v2\/types\/product"}],"wp:featuredmedia":[{"embeddable":true,"href":"https:\/\/www.claret.cat\/es\/wp-json\/wp\/v2\/media\/989385"}],"wp:attachment":[{"href":"https:\/\/www.claret.cat\/es\/wp-json\/wp\/v2\/media?parent=988924"}],"wp:term":[{"taxonomy":"product_brand","embeddable":true,"href":"https:\/\/www.claret.cat\/es\/wp-json\/wp\/v2\/product_brand?post=988924"},{"taxonomy":"product_cat","embeddable":true,"href":"https:\/\/www.claret.cat\/es\/wp-json\/wp\/v2\/product_cat?post=988924"},{"taxonomy":"product_tag","embeddable":true,"href":"https:\/\/www.claret.cat\/es\/wp-json\/wp\/v2\/product_tag?post=988924"}],"curies":[{"name":"wp","href":"https:\/\/api.w.org\/{rel}","templated":true}]}}