{"id":988927,"date":"2024-10-30T17:15:30","date_gmt":"2024-10-30T16:15:30","guid":{"rendered":"https:\/\/www.claret.cat\/llibre\/gotico-botanico-9788419581761\/"},"modified":"2024-11-25T17:30:49","modified_gmt":"2024-11-25T16:30:49","slug":"gotico-botanico-9788419581761","status":"publish","type":"product","link":"https:\/\/www.claret.cat\/es\/libro\/gotico-botanico-9788419581761\/","title":{"rendered":"G\u00d3TICO BOT\u00c1NICO"},"content":{"rendered":"<p>Una selecci\u00f3n de relatos de horror que muestra lo m\u00e1s oscuro del mundo vegetal. Una antolog\u00eda que re\u00fane a nombres como Roald Dahl, Eudora Welty o H.P. Lovecraft.<br \/> Orqu\u00eddeas sanguinarias, bosques enteros que se rebelan contra quienes los masacraron, setas tan bellas como venenosas, robles majestuosos que se convierten en la reencarnaci\u00f3n del hombre de la casa, maravillosas enredaderas que reviven espantosos fantasmas del pasado, m\u00e1quinas rudimentarias que permiten registrar el terrible sufrimiento de las plantas maltratadas, \u00e1rboles solitarios que se\u00f1alan el mism\u00edsimo umbral a un mundo pesadillesco&#x2026; Un verdor siniestro recorre la literatura de los siglos XIX y XX y nos recuerda que las plantas, seres fascinantes y misteriosos, ben\u00e9ficos y letales a la vez, encarnan la otredad en forma de monstruo silencioso, al tiempo que padecen los efectos de la avaricia que lleva al ser humano a usurpar y destruir sin compasi\u00f3n aquellas formas de vida que, reducidas a materia prima, pueden generar riqueza.<br \/> G\u00f3tico bot\u00e1nico es un cat\u00e1logo de historias del mundo vegetal m\u00e1s fant\u00e1stico, que incluye a autores tan destacados como M.R. James, Richmal Crompton, H. P. Lovecraft o Roald Dahl, y que permite, adem\u00e1s, descubrir las inquietantes creaciones de escritoras pulp como Mary Elizabeth Counselman, Maria Moravsky o Eli Colter. A partir de ahora, el verde ser\u00e1 el nuevo negro.<br \/> CR\u00cdTICA<br \/> \u00abYa sea como eficaces s\u00edmbolos de temas universales, en forma de remotos miedos victorianos y de personajes h\u00edbridos, peligrosos o sedientos de venganza, los vegetales ofrecen una fascinante variedad literaria, consecuencia l\u00f3gica de su casi infinita y perturbadora cantidad de espec\u00edmenes y de todo lo que nos queda por descubrir sobre ellos.\u00bb &#x2014;Patricia Esteban Erl\u00e9s<\/p>\n","protected":false},"excerpt":{"rendered":"<p>HAWTHORNE, NATHANIEL \/ DAUDET, ALPHONSE \/ GILMAN, CHARLOTTE PERKINS \/ F. M., WH<\/p>\n","protected":false},"featured_media":993616,"template":"","meta":{"_acf_changed":false,"om_disable_all_campaigns":false,"rs_blank_template":"","rs_page_bg_color":"","slide_template_v7":"","inline_featured_image":false,"_monsterinsights_skip_tracking":false,"_monsterinsights_sitenote_active":false,"_monsterinsights_sitenote_note":"","_monsterinsights_sitenote_category":0},"product_brand":[],"product_cat":[354,123,127,357],"product_tag":[],"class_list":{"0":"post-988927","1":"product","2":"type-product","3":"status-publish","4":"has-post-thumbnail","6":"product_cat-clasica","7":"product_cat-classica","8":"product_cat-novella-contemporania","9":"product_cat-novela-contemporanea","11":"first","12":"instock","13":"taxable","14":"shipping-taxable","15":"purchasable","16":"product-type-simple"},"acf":{"autor":"HAWTHORNE, NATHANIEL \/ DAUDET, ALPHONSE \/ GILMAN, CHARLOTTE PERKINS \/ F. M., WH","codart":"841958176","libros-coleccion":"Impedimenta","ediciones":"1","encuadernacion":"Carton\u00e9","fecha_de_publicacion":"01\/10\/2024","novedad":"1","paginas":"387","subtitulo":"CUENTOS DE UN VERDOR PERVERSO","orden":"0","portada":"1","idioma":"spa","editorial":[{"ID":262191,"post_author":"3","post_date":"2022-10-24 11:21:08","post_date_gmt":"2022-10-24 09:21:08","post_content":"","post_title":"IMPEDIMENTA, EDITORIAL","post_excerpt":"","post_status":"publish","comment_status":"closed","ping_status":"closed","post_password":"","post_name":"impedimenta-editorial-2","to_ping":"","pinged":"","post_modified":"2022-10-24 11:21:08","post_modified_gmt":"2022-10-24 09:21:08","post_content_filtered":"","post_parent":0,"guid":"http:\/\/dev.claret.cat\/editorial\/impedimenta-editorial-2\/","menu_order":0,"post_type":"editorial","post_mime_type":"","comment_count":"0","filter":"raw"}]},"aioseo_notices":[],"_links":{"self":[{"href":"https:\/\/www.claret.cat\/es\/wp-json\/wp\/v2\/product\/988927","targetHints":{"allow":["GET"]}}],"collection":[{"href":"https:\/\/www.claret.cat\/es\/wp-json\/wp\/v2\/product"}],"about":[{"href":"https:\/\/www.claret.cat\/es\/wp-json\/wp\/v2\/types\/product"}],"wp:featuredmedia":[{"embeddable":true,"href":"https:\/\/www.claret.cat\/es\/wp-json\/wp\/v2\/media\/993616"}],"wp:attachment":[{"href":"https:\/\/www.claret.cat\/es\/wp-json\/wp\/v2\/media?parent=988927"}],"wp:term":[{"taxonomy":"product_brand","embeddable":true,"href":"https:\/\/www.claret.cat\/es\/wp-json\/wp\/v2\/product_brand?post=988927"},{"taxonomy":"product_cat","embeddable":true,"href":"https:\/\/www.claret.cat\/es\/wp-json\/wp\/v2\/product_cat?post=988927"},{"taxonomy":"product_tag","embeddable":true,"href":"https:\/\/www.claret.cat\/es\/wp-json\/wp\/v2\/product_tag?post=988927"}],"curies":[{"name":"wp","href":"https:\/\/api.w.org\/{rel}","templated":true}]}}