{"id":989450,"date":"2024-11-04T12:20:19","date_gmt":"2024-11-04T11:20:19","guid":{"rendered":"https:\/\/www.claret.cat\/llibre\/lectio-divina-para-tiempos-fuertes-adviento-y-navidad-2024-9788479668037\/"},"modified":"2025-01-02T18:00:15","modified_gmt":"2025-01-02T17:00:15","slug":"lectio-divina-para-tiempos-fuertes-adviento-y-navidad-2024-9788479668037","status":"publish","type":"product","link":"https:\/\/www.claret.cat\/es\/libro\/lectio-divina-para-tiempos-fuertes-adviento-y-navidad-2024-9788479668037\/","title":{"rendered":"LECTIO DIVINA PARA TIEMPOS FUERTES : ADVIENTO Y NAVIDAD 2024"},"content":{"rendered":"<p>Adviento y Navidad son tiempos muy propicios para meditar y dejar que la Palabra de Dios inspire nuestras vidas. La \u00ablectura orante\u00bb del Evangelio de cada d\u00eda para estos tiempos lit\u00fargicos tan importantes nos llega de la mano de Pablo Largo Dom\u00ednguez.<\/p>\n","protected":false},"excerpt":{"rendered":"<p>LARGO DOM\u00cdNGUEZ, PABLO <\/p>\n","protected":false},"featured_media":989451,"template":"","meta":{"_acf_changed":false,"om_disable_all_campaigns":false,"rs_blank_template":"","rs_page_bg_color":"","slide_template_v7":"","inline_featured_image":false,"_monsterinsights_skip_tracking":false,"_monsterinsights_sitenote_active":false,"_monsterinsights_sitenote_note":"","_monsterinsights_sitenote_category":0},"product_brand":[],"product_cat":[92,542],"product_tag":[],"class_list":{"0":"post-989450","1":"product","2":"type-product","3":"status-publish","4":"has-post-thumbnail","6":"product_cat-vida-religiosa","7":"product_cat-vida-religiosa-1_espiritualidad-spa","9":"first","10":"instock","11":"taxable","12":"shipping-taxable","13":"purchasable","14":"product-type-simple"},"acf":{"autor":"LARGO DOM\u00cdNGUEZ, PABLO ","codart":"847966803","libros-coleccion":"FUERA DE COLECCI\u00d3N","ediciones":"1","encuadernacion":"R\u00fastica","fecha_de_publicacion":"04\/11\/2024","novedad":"1","paginas":"112","subtitulo":"LA ALEGR\u00cdA DE LA ESPERA ","orden":"0","portada":"0","idioma":"spa","editorial":[{"ID":6337,"post_author":"3","post_date":"2022-07-28 17:50:01","post_date_gmt":"2022-07-28 15:50:01","post_content":"","post_title":"Publicaciones Claretianas","post_excerpt":"","post_status":"publish","comment_status":"closed","ping_status":"closed","post_password":"","post_name":"publicaciones-claretianas","to_ping":"","pinged":"","post_modified":"2022-07-28 17:50:01","post_modified_gmt":"2022-07-28 15:50:01","post_content_filtered":"","post_parent":0,"guid":"http:\/\/dev.claret.cat\/editorial\/publicaciones-claretianas\/","menu_order":0,"post_type":"editorial","post_mime_type":"","comment_count":"0","filter":"raw"}]},"aioseo_notices":[],"_links":{"self":[{"href":"https:\/\/www.claret.cat\/es\/wp-json\/wp\/v2\/product\/989450","targetHints":{"allow":["GET"]}}],"collection":[{"href":"https:\/\/www.claret.cat\/es\/wp-json\/wp\/v2\/product"}],"about":[{"href":"https:\/\/www.claret.cat\/es\/wp-json\/wp\/v2\/types\/product"}],"wp:featuredmedia":[{"embeddable":true,"href":"https:\/\/www.claret.cat\/es\/wp-json\/wp\/v2\/media\/989451"}],"wp:attachment":[{"href":"https:\/\/www.claret.cat\/es\/wp-json\/wp\/v2\/media?parent=989450"}],"wp:term":[{"taxonomy":"product_brand","embeddable":true,"href":"https:\/\/www.claret.cat\/es\/wp-json\/wp\/v2\/product_brand?post=989450"},{"taxonomy":"product_cat","embeddable":true,"href":"https:\/\/www.claret.cat\/es\/wp-json\/wp\/v2\/product_cat?post=989450"},{"taxonomy":"product_tag","embeddable":true,"href":"https:\/\/www.claret.cat\/es\/wp-json\/wp\/v2\/product_tag?post=989450"}],"curies":[{"name":"wp","href":"https:\/\/api.w.org\/{rel}","templated":true}]}}