{"id":989482,"date":"2024-11-04T13:01:49","date_gmt":"2024-11-04T12:01:49","guid":{"rendered":"https:\/\/www.claret.cat\/llibre\/el-purgatorio-historia-y-geografia-de-sus-moradas-9788419979544\/"},"modified":"2025-05-29T16:40:13","modified_gmt":"2025-05-29T14:40:13","slug":"el-purgatorio-historia-y-geografia-de-sus-moradas-9788419979544","status":"publish","type":"product","link":"https:\/\/www.claret.cat\/es\/libro\/el-purgatorio-historia-y-geografia-de-sus-moradas-9788419979544\/","title":{"rendered":"EL PURGATORIO. HISTORIA Y GEOGRAF\u00cdA DE SUS MORADAS"},"content":{"rendered":"<p>El padre Jos\u00e9 Antonio Fortea ofrece una exploraci\u00f3n exhaustiva y minuciosa del concepto teol\u00f3gico del purgatorio, abordando su naturaleza, historia, geograf\u00eda y las implicaciones espirituales para las almas que lo transitan. A lo largo de cuatro partes profundamente desarrolladas, se examinan diversos aspectos del purgatorio, brindando una visi\u00f3n completa y esclarecedora de esta doctrina cristiana.<br \/> Esta obra traza una historia del purgatorio, mostrando la evoluci\u00f3n del concepto desde sus or\u00edgenes antes de la redenci\u00f3n hasta su formulaci\u00f3n en la teolog\u00eda cristiana. Examina con detalle el papel del libre albedr\u00edo en el purgatorio, la mejora accidental del grado de gloria y el descenso de Cristo a las regiones inferiores.<br \/> Uno de los cap\u00edtulos m\u00e1s destacados es el dedicado a la \u00abgeograf\u00eda del purgatorio\u00bb, que seguramente captar\u00e1 la atenci\u00f3n del lector. Se aborda en profundidad el sufrimiento de esas almas y su relaci\u00f3n con la teolog\u00eda de la resurrecci\u00f3n.<br \/> Finalmente, el padre Fortea cierra el texto con el apartado \u00ab\u00faltimas consideraciones sobre el purgatorio\u00bb, donde ofrece reflexiones finales sobre las fases temporales de la expiaci\u00f3n y la forma en que podemos imaginar a las almas que transitan por este proceso de purificaci\u00f3n.<br \/> Este Libro desarrolla una visi\u00f3n panor\u00e1mica del purgatorio, exponiendo las nociones generales sobre este estado de purificaci\u00f3n. Se destaca su brevedad relativa y se explora la relaci\u00f3n entre el tiempo terrenal y el tiempo de purificaci\u00f3n. Adem\u00e1s, se analizan diversas experiencias, subrayando la importancia de la sanaci\u00f3n espiritual para poder acceder al cielo.<\/p>\n","protected":false},"excerpt":{"rendered":"<p>JOS\u00c9 ANTONIO FORTEA<\/p>\n","protected":false},"featured_media":989493,"template":"","meta":{"_acf_changed":false,"om_disable_all_campaigns":false,"rs_blank_template":"","rs_page_bg_color":"","slide_template_v7":"","inline_featured_image":false,"_monsterinsights_skip_tracking":false,"_monsterinsights_sitenote_active":false,"_monsterinsights_sitenote_note":"","_monsterinsights_sitenote_category":0},"product_brand":[],"product_cat":[281,416],"product_tag":[],"class_list":{"0":"post-989482","1":"product","2":"type-product","3":"status-publish","4":"has-post-thumbnail","6":"product_cat-escatologia","7":"product_cat-escatologia-teologia-1_espiritualidad","9":"first","10":"instock","11":"taxable","12":"shipping-taxable","13":"purchasable","14":"product-type-simple"},"acf":{"autor":"JOS\u00c9 ANTONIO FORTEA","codart":"841997954","libros-coleccion":"FORA DE COL.LECCI\u00d3","ediciones":"1","encuadernacion":"R\u00fastica","fecha_de_publicacion":"01\/11\/2024","novedad":"1","paginas":"156","subtitulo":"TRATADO ACERCA DE LA NATURALEZA DE LA ESCATOLOG\u00cdA INTERMEDIA Y DE LA VARIEDAD DE","orden":"0","portada":"0","idioma":"spa","editorial":[{"ID":6120,"post_author":"3","post_date":"2022-07-28 17:45:19","post_date_gmt":"2022-07-28 15:45:19","post_content":"","post_title":"ALMUZARA","post_excerpt":"","post_status":"publish","comment_status":"closed","ping_status":"closed","post_password":"","post_name":"almuzara","to_ping":"","pinged":"","post_modified":"2022-07-28 17:45:19","post_modified_gmt":"2022-07-28 15:45:19","post_content_filtered":"","post_parent":0,"guid":"http:\/\/dev.claret.cat\/editorial\/almuzara\/","menu_order":0,"post_type":"editorial","post_mime_type":"","comment_count":"0","filter":"raw"}],"booktrailer":"","resenas":""},"aioseo_notices":[],"_links":{"self":[{"href":"https:\/\/www.claret.cat\/es\/wp-json\/wp\/v2\/product\/989482","targetHints":{"allow":["GET"]}}],"collection":[{"href":"https:\/\/www.claret.cat\/es\/wp-json\/wp\/v2\/product"}],"about":[{"href":"https:\/\/www.claret.cat\/es\/wp-json\/wp\/v2\/types\/product"}],"wp:featuredmedia":[{"embeddable":true,"href":"https:\/\/www.claret.cat\/es\/wp-json\/wp\/v2\/media\/989493"}],"wp:attachment":[{"href":"https:\/\/www.claret.cat\/es\/wp-json\/wp\/v2\/media?parent=989482"}],"wp:term":[{"taxonomy":"product_brand","embeddable":true,"href":"https:\/\/www.claret.cat\/es\/wp-json\/wp\/v2\/product_brand?post=989482"},{"taxonomy":"product_cat","embeddable":true,"href":"https:\/\/www.claret.cat\/es\/wp-json\/wp\/v2\/product_cat?post=989482"},{"taxonomy":"product_tag","embeddable":true,"href":"https:\/\/www.claret.cat\/es\/wp-json\/wp\/v2\/product_tag?post=989482"}],"curies":[{"name":"wp","href":"https:\/\/api.w.org\/{rel}","templated":true}]}}