{"id":989514,"date":"2024-11-04T13:26:22","date_gmt":"2024-11-04T12:26:22","guid":{"rendered":"https:\/\/www.claret.cat\/llibre\/ona-lestrella-del-pop-9788410050549\/"},"modified":"2025-04-22T16:20:31","modified_gmt":"2025-04-22T14:20:31","slug":"ona-lestrella-del-pop-9788410050549","status":"publish","type":"product","link":"https:\/\/www.claret.cat\/es\/libro\/ona-lestrella-del-pop-9788410050549\/","title":{"rendered":"ONA, L&#8217;ESTRELLA DEL POP"},"content":{"rendered":"<p>Aquesta \u00e9s la hist\u00f2ria de l&#8221;Ona, l&#8221;estrella del pop; una hist\u00f2ria que tamb\u00e9 \u00e9s una can\u00e7\u00f3. L&#x2019;Ona est\u00e0 preparada pel concert m\u00e9s gran de l&#x2019;any, per\u00f2 la banda submarina ha desaparegut! Sense els seus amics no podr\u00e0 tocar, aix\u00ed que haur\u00e0 d&#x2019;anar-los a buscar! Un llibre ple d&#8221;emocions amb el qual els m\u00e9s petits de la casa donaran les primeres passes al m\u00f3n de la lectura mentres juguen, canten i ballen amb El Pot Petit! El m\u00f3n de les can\u00e7ons de El Pot Petit \u00e9s l&#8221;univers dels m\u00e9s petits, que ara podran gaudir de totes les seves hist\u00f2ries amb un llibre il\u00b7lustrat a tot color. Amb les aventures dels seus personatges m\u00e9s estimats, Ona, l&#8221;estrella del pop presenta una nova manera de treballar les emocions i destaca el valor de l&#8221;amistat i la cura dels nostres mars i oceans en un format l\u00fadic. Descobreix els contes d&#8221;El Pot Petit!<\/p>\n","protected":false},"excerpt":{"rendered":"<p>EL POT PETIT<\/p>\n","protected":false},"featured_media":989515,"template":"","meta":{"_acf_changed":false,"om_disable_all_campaigns":false,"rs_blank_template":"","rs_page_bg_color":"","slide_template_v7":"","inline_featured_image":false,"_monsterinsights_skip_tracking":false,"_monsterinsights_sitenote_active":false,"_monsterinsights_sitenote_note":"","_monsterinsights_sitenote_category":0},"product_brand":[],"product_cat":[131,361],"product_tag":[],"class_list":{"0":"post-989514","1":"product","2":"type-product","3":"status-publish","4":"has-post-thumbnail","6":"product_cat-contes-per-infants-0-6-anys","7":"product_cat-cuentos-para-ninos-0-6-anos","9":"first","10":"instock","11":"taxable","12":"shipping-taxable","13":"purchasable","14":"product-type-simple"},"acf":{"autor":"EL POT PETIT","codart":"841005054","libros-coleccion":"Montena","ediciones":"1","encuadernacion":"Carton\u00e9","fecha_de_publicacion":"01\/11\/2024","novedad":"1","paginas":"45","subtitulo":"","orden":"0","portada":"0","idioma":"cat","editorial":[{"ID":6310,"post_author":"3","post_date":"2022-07-28 17:49:26","post_date_gmt":"2022-07-28 15:49:26","post_content":"","post_title":"MONTENA","post_excerpt":"","post_status":"publish","comment_status":"closed","ping_status":"closed","post_password":"","post_name":"montena","to_ping":"","pinged":"","post_modified":"2022-07-28 17:49:26","post_modified_gmt":"2022-07-28 15:49:26","post_content_filtered":"","post_parent":0,"guid":"http:\/\/dev.claret.cat\/editorial\/montena\/","menu_order":0,"post_type":"editorial","post_mime_type":"","comment_count":"0","filter":"raw"}],"booktrailer":"","resenas":""},"aioseo_notices":[],"_links":{"self":[{"href":"https:\/\/www.claret.cat\/es\/wp-json\/wp\/v2\/product\/989514","targetHints":{"allow":["GET"]}}],"collection":[{"href":"https:\/\/www.claret.cat\/es\/wp-json\/wp\/v2\/product"}],"about":[{"href":"https:\/\/www.claret.cat\/es\/wp-json\/wp\/v2\/types\/product"}],"wp:featuredmedia":[{"embeddable":true,"href":"https:\/\/www.claret.cat\/es\/wp-json\/wp\/v2\/media\/989515"}],"wp:attachment":[{"href":"https:\/\/www.claret.cat\/es\/wp-json\/wp\/v2\/media?parent=989514"}],"wp:term":[{"taxonomy":"product_brand","embeddable":true,"href":"https:\/\/www.claret.cat\/es\/wp-json\/wp\/v2\/product_brand?post=989514"},{"taxonomy":"product_cat","embeddable":true,"href":"https:\/\/www.claret.cat\/es\/wp-json\/wp\/v2\/product_cat?post=989514"},{"taxonomy":"product_tag","embeddable":true,"href":"https:\/\/www.claret.cat\/es\/wp-json\/wp\/v2\/product_tag?post=989514"}],"curies":[{"name":"wp","href":"https:\/\/api.w.org\/{rel}","templated":true}]}}