{"id":989560,"date":"2024-11-04T14:05:02","date_gmt":"2024-11-04T13:05:02","guid":{"rendered":"https:\/\/www.claret.cat\/llibre\/querida-rebelde-9780241709238\/"},"modified":"2024-11-04T15:50:06","modified_gmt":"2024-11-04T14:50:06","slug":"querida-rebelde-9780241709238","status":"publish","type":"product","link":"https:\/\/www.claret.cat\/es\/libro\/querida-rebelde-9780241709238\/","title":{"rendered":"QUERIDA REBELDE&#8230;"},"content":{"rendered":"<p>60 mujeres extraordinarias comparten sus experiencias, sus consejos y los secretos de su \u00e9xito A trav\u00e9s de cartas, poemas, ensayos, autorretratos y mucho m\u00e1s, 60 mujeres excepcionales abordan temas como superar obst\u00e1culos, descubrir lo que realmente te gusta y so\u00f1ar a lo grande. Descubre c\u00f3mo la actriz de Ms. Marvel, Iman Vellani, conect\u00f3 con sus propias ra\u00edces a trav\u00e9s del personaje que le dio fama y acompa\u00f1a a la monta\u00f1ista Carla P\u00e9rez en los \u00faltimos 100 metros hasta la cima del Everest. Esta valiosa colecci\u00f3n de historias en primera persona tiene algo para todas, inspirando a las j\u00f3venes lectoras a probar cosas nuevas, a vencer sus miedos y a ser ellas mismas. Querida rebelde ofrece herramientas de empoderamiento para la generaci\u00f3n actual. Con las voces de 60 mujeres de alto perfil (incluidas Drew Barrymore, Iman Vellani Allyson Felix y Joan Jett) de m\u00e1s de 15 pa\u00edses y profesiones variadas. Un libro ideal para compartir madres e hijas.<\/p>\n","protected":false},"excerpt":{"rendered":"<p>DK<\/p>\n","protected":false},"featured_media":989561,"template":"","meta":{"_acf_changed":false,"om_disable_all_campaigns":false,"rs_blank_template":"","rs_page_bg_color":"","slide_template_v7":"","inline_featured_image":false,"_monsterinsights_skip_tracking":false,"_monsterinsights_sitenote_active":false,"_monsterinsights_sitenote_note":"","_monsterinsights_sitenote_category":0},"product_brand":[],"product_cat":[132,362],"product_tag":[],"class_list":{"0":"post-989560","1":"product","2":"type-product","3":"status-publish","4":"has-post-thumbnail","6":"product_cat-lectures-per-preadolescents-6-12-anys","7":"product_cat-libros-preadolescentes-6-12-anos","9":"first","10":"instock","11":"taxable","12":"shipping-taxable","13":"purchasable","14":"product-type-simple"},"acf":{"autor":"DK","codart":"024170923","libros-coleccion":"FORA DE COL.LECCI\u00d3","ediciones":"1","encuadernacion":"Carton\u00e9","fecha_de_publicacion":"01\/11\/2024","novedad":"1","paginas":"191","subtitulo":"60 MUJERES INCRE\u00cdBLES TE CUENTAN SUS SECRETOS PARA LOGRAR TODO LO QUE TE PROPONG","orden":"0","portada":"0","idioma":"spa","editorial":[{"ID":6186,"post_author":"3","post_date":"2022-07-28 17:46:45","post_date_gmt":"2022-07-28 15:46:45","post_content":"","post_title":"DK","post_excerpt":"","post_status":"publish","comment_status":"closed","ping_status":"closed","post_password":"","post_name":"dk","to_ping":"","pinged":"","post_modified":"2022-07-28 17:46:45","post_modified_gmt":"2022-07-28 15:46:45","post_content_filtered":"","post_parent":0,"guid":"http:\/\/dev.claret.cat\/editorial\/dk\/","menu_order":0,"post_type":"editorial","post_mime_type":"","comment_count":"0","filter":"raw"}]},"aioseo_notices":[],"_links":{"self":[{"href":"https:\/\/www.claret.cat\/es\/wp-json\/wp\/v2\/product\/989560","targetHints":{"allow":["GET"]}}],"collection":[{"href":"https:\/\/www.claret.cat\/es\/wp-json\/wp\/v2\/product"}],"about":[{"href":"https:\/\/www.claret.cat\/es\/wp-json\/wp\/v2\/types\/product"}],"wp:featuredmedia":[{"embeddable":true,"href":"https:\/\/www.claret.cat\/es\/wp-json\/wp\/v2\/media\/989561"}],"wp:attachment":[{"href":"https:\/\/www.claret.cat\/es\/wp-json\/wp\/v2\/media?parent=989560"}],"wp:term":[{"taxonomy":"product_brand","embeddable":true,"href":"https:\/\/www.claret.cat\/es\/wp-json\/wp\/v2\/product_brand?post=989560"},{"taxonomy":"product_cat","embeddable":true,"href":"https:\/\/www.claret.cat\/es\/wp-json\/wp\/v2\/product_cat?post=989560"},{"taxonomy":"product_tag","embeddable":true,"href":"https:\/\/www.claret.cat\/es\/wp-json\/wp\/v2\/product_tag?post=989560"}],"curies":[{"name":"wp","href":"https:\/\/api.w.org\/{rel}","templated":true}]}}