{"id":989896,"date":"2024-11-05T13:36:17","date_gmt":"2024-11-05T12:36:17","guid":{"rendered":"https:\/\/www.claret.cat\/llibre\/guia-illustrada-de-les-tragedies-de-cada-dia-9788412863154\/"},"modified":"2024-11-06T16:30:32","modified_gmt":"2024-11-06T15:30:32","slug":"guia-illustrada-de-les-tragedies-de-cada-dia-9788412863154","status":"publish","type":"product","link":"https:\/\/www.claret.cat\/es\/libro\/guia-illustrada-de-les-tragedies-de-cada-dia-9788412863154\/","title":{"rendered":"GUIA IL\u00b7LUSTRADA DE LES TRAG\u00c8DIES DE CADA DIA"},"content":{"rendered":"<p>La cinta adhesiva tendeix a enredar-se de forma enganxosa, la llet pot vessar-se i les torrades a vegades es cremen. Al xiclet li agrada esmunyir-se fins a l&#x2019;est\u00f3mac, la tinta del retolador sovint travessa el paper i taca la taula, les canyes es neguen al got de suc, el gelat es fon i als mitjons els agrada explorar la part posterior de la rentadora. Passa que et conviden a un aniversari i t&#x2019;oblides el regal, el paper higi\u00e8nic s&#x2019;acaba quan m\u00e9s el necessites, el perruquer s&#x2019;excedeix amb la tallada de cabells, comen\u00e7a a ploure i no tens paraigua&#x2026;<\/p>\n<p> Tots vivim trag\u00e8dies similars. Aquesta guia, la primera de dos volums que han venut m\u00e9s de mig mili\u00f3 d&#x2019;exemplars al Jap\u00f3 i que ara comencen a traduir-se a Occident, les classifica segons el nivell de perillositat i la freq\u00fc\u00e8ncia, i ofereix estrat\u00e8gies per superar-les amb \u00e8xit i una rialla. Es pot memoritzar, i els lectors m\u00e9s aprensius poden tenir-la sempre a m\u00e0. En qualsevol cas, ja podem despreocupar-nos de les petites mis\u00e8ries quotidianes.<\/p>\n","protected":false},"excerpt":{"rendered":"<p>SUZUKI, NORITAKE<\/p>\n","protected":false},"featured_media":990231,"template":"","meta":{"_acf_changed":false,"om_disable_all_campaigns":false,"rs_blank_template":"","rs_page_bg_color":"","slide_template_v7":"","inline_featured_image":false,"_monsterinsights_skip_tracking":false,"_monsterinsights_sitenote_active":false,"_monsterinsights_sitenote_note":"","_monsterinsights_sitenote_category":0},"product_brand":[],"product_cat":[131,361],"product_tag":[],"class_list":{"0":"post-989896","1":"product","2":"type-product","3":"status-publish","4":"has-post-thumbnail","6":"product_cat-contes-per-infants-0-6-anys","7":"product_cat-cuentos-para-ninos-0-6-anos","9":"first","10":"instock","11":"taxable","12":"shipping-taxable","13":"purchasable","14":"product-type-simple"},"acf":{"autor":"SUZUKI, NORITAKE","codart":"841286315","libros-coleccion":"\u00c1lbumes ilustrados","ediciones":"1","encuadernacion":"Carton\u00e9","fecha_de_publicacion":"01\/11\/2024","novedad":"1","paginas":"47","subtitulo":"","orden":"0","portada":"0","idioma":"cat","editorial":[{"ID":148435,"post_author":"3","post_date":"2022-10-14 11:58:13","post_date_gmt":"2022-10-14 09:58:13","post_content":"","post_title":"LIBROS DEL ZORRO ROJO","post_excerpt":"","post_status":"publish","comment_status":"closed","ping_status":"closed","post_password":"","post_name":"libros-del-zorro-rojo","to_ping":"","pinged":"","post_modified":"2022-10-14 11:58:13","post_modified_gmt":"2022-10-14 09:58:13","post_content_filtered":"","post_parent":0,"guid":"http:\/\/dev.claret.cat\/editorial\/libros-del-zorro-rojo\/","menu_order":0,"post_type":"editorial","post_mime_type":"","comment_count":"0","filter":"raw"}]},"aioseo_notices":[],"_links":{"self":[{"href":"https:\/\/www.claret.cat\/es\/wp-json\/wp\/v2\/product\/989896","targetHints":{"allow":["GET"]}}],"collection":[{"href":"https:\/\/www.claret.cat\/es\/wp-json\/wp\/v2\/product"}],"about":[{"href":"https:\/\/www.claret.cat\/es\/wp-json\/wp\/v2\/types\/product"}],"wp:featuredmedia":[{"embeddable":true,"href":"https:\/\/www.claret.cat\/es\/wp-json\/wp\/v2\/media\/990231"}],"wp:attachment":[{"href":"https:\/\/www.claret.cat\/es\/wp-json\/wp\/v2\/media?parent=989896"}],"wp:term":[{"taxonomy":"product_brand","embeddable":true,"href":"https:\/\/www.claret.cat\/es\/wp-json\/wp\/v2\/product_brand?post=989896"},{"taxonomy":"product_cat","embeddable":true,"href":"https:\/\/www.claret.cat\/es\/wp-json\/wp\/v2\/product_cat?post=989896"},{"taxonomy":"product_tag","embeddable":true,"href":"https:\/\/www.claret.cat\/es\/wp-json\/wp\/v2\/product_tag?post=989896"}],"curies":[{"name":"wp","href":"https:\/\/api.w.org\/{rel}","templated":true}]}}