{"id":989962,"date":"2024-11-05T16:25:18","date_gmt":"2024-11-05T15:25:18","guid":{"rendered":"https:\/\/www.claret.cat\/llibre\/ayla-el-clan-del-oso-cavernario-9788410260306\/"},"modified":"2025-03-31T17:51:12","modified_gmt":"2025-03-31T15:51:12","slug":"ayla-el-clan-del-oso-cavernario-9788410260306","status":"publish","type":"product","link":"https:\/\/www.claret.cat\/es\/libro\/ayla-el-clan-del-oso-cavernario-9788410260306\/","title":{"rendered":"AYLA. EL CLAN DEL OSO CAVERNARIO"},"content":{"rendered":"<p>LA ADAPTACI\u00d3N A NOVELA GR\u00c1FICA DE EL CLAN DEL OSO CAVERNARIOEntre el grupo de hombres, mujeres y ni\u00f1os que forman el Clan, destaca una ni\u00f1a. Sus rasgos son diferentes a los de los dem\u00e1s, es m\u00e1s alta y delgada que los ni\u00f1os de su edad y habla una lengua extra\u00f1a.Esta ni\u00f1a es Ayla. Encontrada enferma tras el ataque de un le\u00f3n cavernario, adoptada por la curandera del Clan. Algunos dicen que traer\u00e1 la ira de los esp\u00edritus, otros terminar\u00e1n acept\u00e1ndola y ver\u00e1n en ella la chispa de un fuego nuevo. El futuro de esta ni\u00f1a croma\u00f1\u00f3n se ver\u00e1 marcado para siempre.Con la singular historia de Ayla nos sumergimos con una nueva mirada en la saga bestseller mundial LOS HIJOS DE LA TIERRA\u00ae de Jean M. Auel.<\/p>\n","protected":false},"excerpt":{"rendered":"<p>MOOG, CAMILLE \/ TODESCHINI, MARTA<\/p>\n","protected":false},"featured_media":990467,"template":"","meta":{"_acf_changed":false,"om_disable_all_campaigns":false,"rs_blank_template":"","rs_page_bg_color":"","slide_template_v7":"","inline_featured_image":false,"_monsterinsights_skip_tracking":false,"_monsterinsights_sitenote_active":false,"_monsterinsights_sitenote_note":"","_monsterinsights_sitenote_category":0},"product_brand":[],"product_cat":[90,558,108,117,566,540],"product_tag":[],"class_list":{"0":"post-989962","1":"product","2":"type-product","3":"status-publish","4":"has-post-thumbnail","6":"product_cat-altres","7":"product_cat-comic-3_infantil-juvenil-spa-spa","8":"product_cat-comic","9":"product_cat-juvenil","10":"product_cat-juvenil-3_infantil-juvenil-spa-spa","11":"product_cat-otros","13":"first","14":"instock","15":"taxable","16":"shipping-taxable","17":"purchasable","18":"product-type-simple"},"acf":{"autor":"MOOG, CAMILLE \/ TODESCHINI, MARTA","codart":"841026030","libros-coleccion":"FORA DE COL.LECCI\u00d3","ediciones":"1","encuadernacion":"Carton\u00e9","fecha_de_publicacion":"01\/11\/2024","novedad":"1","paginas":"138","subtitulo":"","orden":"0","portada":"0","idioma":"spa","editorial":[{"ID":6297,"post_author":"3","post_date":"2022-07-28 17:49:10","post_date_gmt":"2022-07-28 15:49:10","post_content":"","post_title":"Maeva Ediciones","post_excerpt":"","post_status":"publish","comment_status":"closed","ping_status":"closed","post_password":"","post_name":"maeva-ediciones","to_ping":"","pinged":"","post_modified":"2022-07-28 17:49:10","post_modified_gmt":"2022-07-28 15:49:10","post_content_filtered":"","post_parent":0,"guid":"http:\/\/dev.claret.cat\/editorial\/maeva-ediciones\/","menu_order":0,"post_type":"editorial","post_mime_type":"","comment_count":"0","filter":"raw"}]},"aioseo_notices":[],"_links":{"self":[{"href":"https:\/\/www.claret.cat\/es\/wp-json\/wp\/v2\/product\/989962","targetHints":{"allow":["GET"]}}],"collection":[{"href":"https:\/\/www.claret.cat\/es\/wp-json\/wp\/v2\/product"}],"about":[{"href":"https:\/\/www.claret.cat\/es\/wp-json\/wp\/v2\/types\/product"}],"wp:featuredmedia":[{"embeddable":true,"href":"https:\/\/www.claret.cat\/es\/wp-json\/wp\/v2\/media\/990467"}],"wp:attachment":[{"href":"https:\/\/www.claret.cat\/es\/wp-json\/wp\/v2\/media?parent=989962"}],"wp:term":[{"taxonomy":"product_brand","embeddable":true,"href":"https:\/\/www.claret.cat\/es\/wp-json\/wp\/v2\/product_brand?post=989962"},{"taxonomy":"product_cat","embeddable":true,"href":"https:\/\/www.claret.cat\/es\/wp-json\/wp\/v2\/product_cat?post=989962"},{"taxonomy":"product_tag","embeddable":true,"href":"https:\/\/www.claret.cat\/es\/wp-json\/wp\/v2\/product_tag?post=989962"}],"curies":[{"name":"wp","href":"https:\/\/api.w.org\/{rel}","templated":true}]}}