{"id":990028,"date":"2024-11-05T17:52:32","date_gmt":"2024-11-05T16:52:32","guid":{"rendered":"https:\/\/www.claret.cat\/llibre\/laudato-si-9788491365532\/"},"modified":"2025-12-27T13:45:42","modified_gmt":"2025-12-27T12:45:42","slug":"laudato-si-9788491365532","status":"publish","type":"product","link":"https:\/\/www.claret.cat\/es\/libro\/laudato-si-9788491365532\/","title":{"rendered":"LAUDATO SI&#8217;"},"content":{"rendered":"<p>En el marc del projecte <strong>Parr\u00f2quies Ecosolid\u00e0ries<\/strong>, neix la iniciativa <strong>Laudato si\u2019. Reflexions per a les celebracions dominicals<\/strong>, una obra que proposa una profunda connexi\u00f3 entre l\u2019<strong>Evangeli dominical<\/strong> i les ensenyances de l\u2019enc\u00edclica <strong>Laudato si\u2019<\/strong> del Papa Francesc. Aquest llibre ofereix suggeriments per aprofundir en el text evang\u00e8lic de cada diumenge del <strong>Cicle C<\/strong>, amb una cita relacionada de l\u2019enc\u00edclica, un comentari reflexiu, preguntes per a la meditaci\u00f3 i una breu preg\u00e0ria.<\/p>\n<p>Ideal per preparar <strong>celebracions lit\u00fargiques<\/strong>, <strong>hom\u00edlies<\/strong>, <strong>preg\u00e0ries<\/strong> o <strong>revisi\u00f3 de vida<\/strong>, aquest recull tamb\u00e9 \u00e9s \u00fatil per a la <strong>catequesi d\u2019adults<\/strong>, <strong>estudi de l\u2019Evangeli<\/strong> en petit grup o com a eina de <strong>meditaci\u00f3 personal<\/strong>. Cada reflexi\u00f3 connecta els ensenyaments socials i ecol\u00f2gics de l\u2019enc\u00edclica amb el missatge del <strong>Crist<\/strong> en els textos dominicals, fomentant una <strong>fe compromesa amb la cura de la Creaci\u00f3<\/strong>.<\/p>\n<p><em>*Aquest llibre ha estat impr\u00e8s amb <\/em><a href='https:\/\/www.claret.cat\/ecoedicio\/' rel='noopener noreferrer' target='_blank'><strong><em>paper certificat <\/em><\/strong><\/a><em>pel Forest Stewardship Council (FSC), que compleix amb els principis de gesti\u00f3 econ\u00f2mica, social i ambiental sostenibles.<\/em><\/p>\n<p><\/p>\n","protected":false},"excerpt":{"rendered":"<p>En el marc del projecte Parr\u00f2quies Ecosolid\u00e0ries, neix la iniciativa Laudato si\u2019. Reflexions per a les celebracions dominicals, una obra que proposa una profunda connexi\u00f3 entre l\u2019Evangeli dominical i les ensenyances de l\u2019enc\u00edclica Laudato si\u2019 del Papa Francesc. Aquest llibre ofereix suggeriments per aprofundir en el text evang\u00e8lic de cada diumenge del Cicle C, amb [&hellip;]<\/p>\n","protected":false},"featured_media":1003379,"template":"","meta":{"_acf_changed":false,"om_disable_all_campaigns":false,"rs_blank_template":"","rs_page_bg_color":"","slide_template_v7":"","inline_featured_image":false,"_monsterinsights_skip_tracking":false,"_monsterinsights_sitenote_active":false,"_monsterinsights_sitenote_note":"","_monsterinsights_sitenote_category":0},"product_brand":[],"product_cat":[253,399,581],"product_tag":[],"class_list":{"0":"post-990028","1":"product","2":"type-product","3":"status-publish","4":"has-post-thumbnail","6":"product_cat-any-liturgic","7":"product_cat-any-liturgic-liturgia-1_espiritualidad","8":"product_cat-editorial-claret","10":"first","11":"instock","12":"taxable","13":"shipping-taxable","14":"purchasable","15":"product-type-simple"},"acf":{"autor":"","codart":"849136553","libros-coleccion":"FORA DE COL.LECCI\u00d3","ediciones":"1","encuadernacion":"R\u00fastica","fecha_de_publicacion":"19\/11\/2024","novedad":"1","paginas":"310","subtitulo":"REFLEXIONS PER A LES CELEBRACIONS DOMINICALS. CICLE C","orden":"0","portada":"1","idioma":"cat","editorial":[{"ID":6158,"post_author":"3","post_date":"2022-07-28 17:46:08","post_date_gmt":"2022-07-28 15:46:08","post_content":"","post_title":"CLARET","post_excerpt":"","post_status":"publish","comment_status":"closed","ping_status":"closed","post_password":"","post_name":"claret","to_ping":"","pinged":"","post_modified":"2022-07-28 17:46:08","post_modified_gmt":"2022-07-28 15:46:08","post_content_filtered":"","post_parent":0,"guid":"http:\/\/dev.claret.cat\/editorial\/claret\/","menu_order":0,"post_type":"editorial","post_mime_type":"","comment_count":"0","filter":"raw"}],"autores-libros":[{"ID":158582,"post_author":"3","post_date":"2022-10-14 15:37:59","post_date_gmt":"2022-10-14 13:37:59","post_content":"Moss\u00e8n Jaume Duch Fumad\u00f3 va n\u00e9ixer a Sant Vicen\u00e7 dels Horts el 1934. Va ser ordenat prevere de la di\u00f2cesi de Barcelona l\u2019any1959 i ha exercit el seu servei pastoral durant cinquanta anys en diverses parr\u00f2quies de la ciutat de Barcelona i en altres comunitats del territori dioces\u00e0. Actualment jubilat, col\u00b7labora amb JP participant en el grup de treball que impulsa el projecte ECOPARR\u00d2QUIA.","post_title":"JAUME DUC FUMAD\u00d3","post_excerpt":"","post_status":"publish","comment_status":"closed","ping_status":"closed","post_password":"","post_name":"jaume-duc-fumado","to_ping":"","pinged":"","post_modified":"2024-12-12 09:46:23","post_modified_gmt":"2024-12-12 08:46:23","post_content_filtered":"","post_parent":0,"guid":"http:\/\/dev.claret.cat\/autor\/jaume-duc-fumado\/","menu_order":0,"post_type":"autor","post_mime_type":"","comment_count":"0","filter":"raw"},{"ID":163534,"post_author":"3","post_date":"2022-10-14 17:39:48","post_date_gmt":"2022-10-14 15:39:48","post_content":"Maria Bargall\u00f3 Castell\u00f3n va n\u00e9ixer a Molins de Rei l\u2019any 1955. Est\u00e0 casada, t\u00e9 quatre filles i deu nets. \u00c9s llicenciada en biologia i ha dedicat la major part de la seva vida professional a l\u2019educaci\u00f3. Vinculada als Moviments d\u2019Acci\u00f3 Cat\u00f2lica Obrera des de l\u2019any 1977, ha estat consili\u00e0ria de grups de la JOBAC, de la JOC i d\u2019ACO. Actualment \u00e9s vicepresidenta de JP i coordina el grup de treball que impulsa el projecte ECOPARR\u00d2QUIA.","post_title":"MARIA BARGALL\u00d3 CASTELL\u00d3N","post_excerpt":"","post_status":"publish","comment_status":"closed","ping_status":"closed","post_password":"","post_name":"maria-bargallo-castellon","to_ping":"","pinged":"","post_modified":"2024-12-12 09:51:30","post_modified_gmt":"2024-12-12 08:51:30","post_content_filtered":"","post_parent":0,"guid":"http:\/\/dev.claret.cat\/autor\/maria-bargallo-castellon\/","menu_order":0,"post_type":"autor","post_mime_type":"","comment_count":"0","filter":"raw"}],"booktrailer":"","linkebook":"","ficha":"849136553_1732103607.pdf","muestra":"","precioebook":"0","presentacion":"","resenas":"<p>Catalunya Religi\u00f3, 19\/11\/2024<\/p>\n<p><a href=\"https:\/\/www.catalunyareligio.cat\/ca\/blog\/llibres-recomanats\/laudato-si-reflexions-celebracions-dominicals-316587\" rel=\"noopener noreferrer\" target=\"_blank\">https:\/\/www.catalunyareligio.cat\/ca\/blog\/llibres-recomanats\/laudato-si-reflexions-celebracions-dominicals-316587<\/a><\/p>\n<p><\/p>\n<p>Ag\u00e8ncia Flama, 01\/12\/2024<\/p>\n<p><a href=\"https:\/\/www.agenciaflama.cat\/leditorial-claret-publica-un-llibre-dhomilies-del-sacerdot-claretia-jaume-sidera\/\" rel=\"noopener noreferrer\" target=\"_blank\">https:\/\/www.agenciaflama.cat\/leditorial-claret-publica-un-llibre-dhomilies-del-sacerdot-claretia-jaume-sidera\/<\/a><\/p>\n"},"aioseo_notices":[],"_links":{"self":[{"href":"https:\/\/www.claret.cat\/es\/wp-json\/wp\/v2\/product\/990028","targetHints":{"allow":["GET"]}}],"collection":[{"href":"https:\/\/www.claret.cat\/es\/wp-json\/wp\/v2\/product"}],"about":[{"href":"https:\/\/www.claret.cat\/es\/wp-json\/wp\/v2\/types\/product"}],"wp:featuredmedia":[{"embeddable":true,"href":"https:\/\/www.claret.cat\/es\/wp-json\/wp\/v2\/media\/1003379"}],"wp:attachment":[{"href":"https:\/\/www.claret.cat\/es\/wp-json\/wp\/v2\/media?parent=990028"}],"wp:term":[{"taxonomy":"product_brand","embeddable":true,"href":"https:\/\/www.claret.cat\/es\/wp-json\/wp\/v2\/product_brand?post=990028"},{"taxonomy":"product_cat","embeddable":true,"href":"https:\/\/www.claret.cat\/es\/wp-json\/wp\/v2\/product_cat?post=990028"},{"taxonomy":"product_tag","embeddable":true,"href":"https:\/\/www.claret.cat\/es\/wp-json\/wp\/v2\/product_tag?post=990028"}],"curies":[{"name":"wp","href":"https:\/\/api.w.org\/{rel}","templated":true}]}}