{"id":990302,"date":"2024-11-06T19:10:02","date_gmt":"2024-11-06T18:10:02","guid":{"rendered":"https:\/\/www.claret.cat\/llibre\/vull-jugar-tot-el-dia-9788418696435\/"},"modified":"2026-02-27T18:45:25","modified_gmt":"2026-02-27T17:45:25","slug":"vull-jugar-tot-el-dia-9788418696435","status":"publish","type":"product","link":"https:\/\/www.claret.cat\/es\/libro\/vull-jugar-tot-el-dia-9788418696435\/","title":{"rendered":"VULL JUGAR TOT EL DIA"},"content":{"rendered":"<p>Un bon dia en Jim Panz\u00e9 es lleva decidit a passar-se tot el dia jugant. No<br \/> ordenar\u00e0 la seva branca, no anir\u00e0 a buscar pl\u00e0tans per dinar i ni tan sols parar\u00e0<br \/> un moment per fer pip\u00ed. No. Jugar\u00e0 tot el dia. Com molts nens, en Jim intenta<br \/> estalviar-se fer les feines que li toquen i ser responsable amb els h\u00e0bits que li<br \/> corresponen. En lloc d&#x2019;aix\u00f2, en Jim es vol passar el dia gronxant-se amb els<br \/> micos, cantant amb els ocells o passejant amb les zebres. Per\u00f2 al cap del dia,<br \/> quan en Jim est\u00e0 brut, t\u00e9 picor per tot arreu i t\u00e9 gana, en Norman, el seu millor<br \/> amic li diu: &#x201C; B\u00e9, massa de cada cosa pot ser, efectivament, massa&#x201D;.<\/p>\n","protected":false},"excerpt":{"rendered":"<p>MAX, LANG<\/p>\n","protected":false},"featured_media":990303,"template":"","meta":{"_acf_changed":false,"om_disable_all_campaigns":false,"rs_blank_template":"","rs_page_bg_color":"","slide_template_v7":"","inline_featured_image":false,"_monsterinsights_skip_tracking":false,"_monsterinsights_sitenote_active":false,"_monsterinsights_sitenote_note":"","_monsterinsights_sitenote_category":0},"product_brand":[],"product_cat":[131,361],"product_tag":[],"class_list":{"0":"post-990302","1":"product","2":"type-product","3":"status-publish","4":"has-post-thumbnail","6":"product_cat-contes-per-infants-0-6-anys","7":"product_cat-cuentos-para-ninos-0-6-anos","9":"first","10":"instock","11":"taxable","12":"shipping-taxable","13":"purchasable","14":"product-type-simple"},"acf":{"autor":"MAX, LANG","codart":"841869643","libros-coleccion":"SIMBOLET","ediciones":"1","encuadernacion":"Carton\u00e9","fecha_de_publicacion":"01\/11\/2024","novedad":"1","paginas":"36","subtitulo":"","orden":"0","portada":"0","idioma":"cat","editorial":[{"ID":148821,"post_author":"3","post_date":"2022-10-14 12:01:15","post_date_gmt":"2022-10-14 10:01:15","post_content":"","post_title":"SIMBOL EDITORS","post_excerpt":"","post_status":"publish","comment_status":"closed","ping_status":"closed","post_password":"","post_name":"simbol-editors","to_ping":"","pinged":"","post_modified":"2022-10-14 12:01:15","post_modified_gmt":"2022-10-14 10:01:15","post_content_filtered":"","post_parent":0,"guid":"http:\/\/dev.claret.cat\/editorial\/simbol-editors\/","menu_order":0,"post_type":"editorial","post_mime_type":"","comment_count":"0","filter":"raw"}],"booktrailer":"","resenas":""},"aioseo_notices":[],"_links":{"self":[{"href":"https:\/\/www.claret.cat\/es\/wp-json\/wp\/v2\/product\/990302","targetHints":{"allow":["GET"]}}],"collection":[{"href":"https:\/\/www.claret.cat\/es\/wp-json\/wp\/v2\/product"}],"about":[{"href":"https:\/\/www.claret.cat\/es\/wp-json\/wp\/v2\/types\/product"}],"wp:featuredmedia":[{"embeddable":true,"href":"https:\/\/www.claret.cat\/es\/wp-json\/wp\/v2\/media\/990303"}],"wp:attachment":[{"href":"https:\/\/www.claret.cat\/es\/wp-json\/wp\/v2\/media?parent=990302"}],"wp:term":[{"taxonomy":"product_brand","embeddable":true,"href":"https:\/\/www.claret.cat\/es\/wp-json\/wp\/v2\/product_brand?post=990302"},{"taxonomy":"product_cat","embeddable":true,"href":"https:\/\/www.claret.cat\/es\/wp-json\/wp\/v2\/product_cat?post=990302"},{"taxonomy":"product_tag","embeddable":true,"href":"https:\/\/www.claret.cat\/es\/wp-json\/wp\/v2\/product_tag?post=990302"}],"curies":[{"name":"wp","href":"https:\/\/api.w.org\/{rel}","templated":true}]}}