{"id":990373,"date":"2024-11-07T11:51:24","date_gmt":"2024-11-07T10:51:24","guid":{"rendered":"https:\/\/www.claret.cat\/llibre\/bosquescuela-9788428217804\/"},"modified":"2024-11-07T12:00:32","modified_gmt":"2024-11-07T11:00:32","slug":"bosquescuela-9788428217804","status":"publish","type":"product","link":"https:\/\/www.claret.cat\/es\/libro\/bosquescuela-9788428217804\/","title":{"rendered":"BOSQUESCUELA"},"content":{"rendered":"<p>Gu\u00eda para la educaci\u00f3n infantil al aire libre  En Bosquescuela los ni\u00f1os y las ni\u00f1as pasan todo el curso escolar en contacto con la naturaleza. El curr\u00edculum se ense\u00f1a de forma global y en situaciones reales de aprendizaje. En la naturaleza respiran aire fresco, corren, trepan, inventan juegos, aprenden, se relacionan y crecen: La Naturaleza es el Aula.    La educaci\u00f3n infantil al aire libre es desde hace a\u00f1os una alternativa educativa consolidada con \u00e9xito a nivel internacional. Desde el a\u00f1o 2010 se impulsa en Espa\u00f1a la Iniciativa Bosquescuela. El curso 2015-2016 abri\u00f3 sus puertas el primer centro Bosquescuela en el municipio de Cerceda. Un centro homologado y autorizado por la Consejer\u00eda de Educaci\u00f3n, Juventud y Deportes de la Comunidad de Madrid.    Este libro pretende dar a conocer las principales caracter\u00edsticas de este modelo educativo que propone una nueva forma de educar, primando el respeto por los ni\u00f1os y por las ni\u00f1as y su proceso de crecimiento y aprendizaje. Esperamos que sirva de gu\u00eda tanto para los educadores y las educadoras como para las familias que deseen reforzar el vinculo de los ni\u00f1os<\/p>\n","protected":false},"excerpt":{"rendered":"<p>PHILIP BRUCHNER<\/p>\n","protected":false},"featured_media":990382,"template":"","meta":{"_acf_changed":false,"om_disable_all_campaigns":false,"rs_blank_template":"","rs_page_bg_color":"","slide_template_v7":"","inline_featured_image":false,"_monsterinsights_skip_tracking":false,"_monsterinsights_sitenote_active":false,"_monsterinsights_sitenote_note":"","_monsterinsights_sitenote_category":0},"product_brand":[],"product_cat":[188,381],"product_tag":[],"class_list":{"0":"post-990373","1":"product","2":"type-product","3":"status-publish","4":"has-post-thumbnail","6":"product_cat-psicopedagogia","7":"product_cat-psicopedagogia-pedagogia-2_humanidades","9":"first","10":"instock","11":"taxable","12":"shipping-taxable","13":"purchasable","14":"product-type-simple"},"acf":{"autor":"PHILIP BRUCHNER","codart":"842821780","libros-coleccion":"GUIAS DEL NATURALISTA","ediciones":"1","encuadernacion":"Carpeta","fecha_de_publicacion":"01\/09\/2024","novedad":"1","paginas":"136","subtitulo":"","orden":"0","portada":"0","idioma":"spa","editorial":[{"ID":147841,"post_author":"3","post_date":"2022-10-14 11:53:37","post_date_gmt":"2022-10-14 09:53:37","post_content":"","post_title":"EDICIONES OMEGA","post_excerpt":"","post_status":"publish","comment_status":"closed","ping_status":"closed","post_password":"","post_name":"ediciones-omega","to_ping":"","pinged":"","post_modified":"2022-10-14 11:53:37","post_modified_gmt":"2022-10-14 09:53:37","post_content_filtered":"","post_parent":0,"guid":"http:\/\/dev.claret.cat\/editorial\/ediciones-omega\/","menu_order":0,"post_type":"editorial","post_mime_type":"","comment_count":"0","filter":"raw"}]},"aioseo_notices":[],"_links":{"self":[{"href":"https:\/\/www.claret.cat\/es\/wp-json\/wp\/v2\/product\/990373","targetHints":{"allow":["GET"]}}],"collection":[{"href":"https:\/\/www.claret.cat\/es\/wp-json\/wp\/v2\/product"}],"about":[{"href":"https:\/\/www.claret.cat\/es\/wp-json\/wp\/v2\/types\/product"}],"wp:featuredmedia":[{"embeddable":true,"href":"https:\/\/www.claret.cat\/es\/wp-json\/wp\/v2\/media\/990382"}],"wp:attachment":[{"href":"https:\/\/www.claret.cat\/es\/wp-json\/wp\/v2\/media?parent=990373"}],"wp:term":[{"taxonomy":"product_brand","embeddable":true,"href":"https:\/\/www.claret.cat\/es\/wp-json\/wp\/v2\/product_brand?post=990373"},{"taxonomy":"product_cat","embeddable":true,"href":"https:\/\/www.claret.cat\/es\/wp-json\/wp\/v2\/product_cat?post=990373"},{"taxonomy":"product_tag","embeddable":true,"href":"https:\/\/www.claret.cat\/es\/wp-json\/wp\/v2\/product_tag?post=990373"}],"curies":[{"name":"wp","href":"https:\/\/api.w.org\/{rel}","templated":true}]}}