{"id":990435,"date":"2024-11-07T14:10:40","date_gmt":"2024-11-07T13:10:40","guid":{"rendered":"https:\/\/www.claret.cat\/llibre\/polican-12-el-pestazo-escarlata-9788411823944\/"},"modified":"2026-03-27T17:55:50","modified_gmt":"2026-03-27T16:55:50","slug":"polican-12-el-pestazo-escarlata-9788411823944","status":"publish","type":"product","link":"https:\/\/www.claret.cat\/es\/libro\/polican-12-el-pestazo-escarlata-9788411823944\/","title":{"rendered":"POLIC\u00c1N 12: EL PESTAZO ESCARLATA"},"content":{"rendered":"<p>Polic\u00e1n ha tenido un encontronazo con una mofeta&#8230; \u00a1Puaf! Tras sumergirlo en zumo de tomate, el hedor desaparece, pero nuestro h\u00e9roe queda te\u00f1ido de rojo&#8230; y marcado ante los ojos de los ciudadanos. \u00bfLograr\u00e1 rehabilitar su buen nombre? \u00bfVolver\u00e1 Perico a la delincuencia con tal de ayudarle? \u00bfY qui\u00e9n salvar\u00e1 a todo el mundo cuando un nuevo villano desate un ej\u00e9rcito de robots con inteligencia artificial?<\/p>\n","protected":false},"excerpt":{"rendered":"<p>PILKEY, DAV<\/p>\n","protected":false},"featured_media":990436,"template":"","meta":{"_acf_changed":false,"om_disable_all_campaigns":false,"rs_blank_template":"","rs_page_bg_color":"","slide_template_v7":"","inline_featured_image":false,"_monsterinsights_skip_tracking":false,"_monsterinsights_sitenote_active":false,"_monsterinsights_sitenote_note":"","_monsterinsights_sitenote_category":0},"product_brand":[],"product_cat":[132,362],"product_tag":[],"class_list":{"0":"post-990435","1":"product","2":"type-product","3":"status-publish","4":"has-post-thumbnail","6":"product_cat-lectures-per-preadolescents-6-12-anys","7":"product_cat-libros-preadolescentes-6-12-anos","9":"first","10":"instock","11":"taxable","12":"shipping-taxable","13":"purchasable","14":"product-type-simple"},"acf":{"autor":"PILKEY, DAV","codart":"841182394","libros-coleccion":"FORA DE COL.LECCI\u00d3","ediciones":"1","encuadernacion":"Carton\u00e9","fecha_de_publicacion":"01\/11\/2024","novedad":"1","paginas":"224","subtitulo":"","orden":"0","portada":"0","idioma":"spa","editorial":[{"ID":951118,"post_author":"3","post_date":"2024-02-08 13:48:06","post_date_gmt":"2024-02-08 12:48:06","post_content":"","post_title":"SM EDICIONES","post_excerpt":"","post_status":"publish","comment_status":"closed","ping_status":"closed","post_password":"","post_name":"sm-ediciones","to_ping":"","pinged":"","post_modified":"2024-02-08 13:48:06","post_modified_gmt":"2024-02-08 12:48:06","post_content_filtered":"","post_parent":0,"guid":"https:\/\/www.claret.cat\/editorial\/sm-ediciones\/","menu_order":0,"post_type":"editorial","post_mime_type":"","comment_count":"0","filter":"raw"}],"booktrailer":"","resenas":""},"aioseo_notices":[],"_links":{"self":[{"href":"https:\/\/www.claret.cat\/es\/wp-json\/wp\/v2\/product\/990435","targetHints":{"allow":["GET"]}}],"collection":[{"href":"https:\/\/www.claret.cat\/es\/wp-json\/wp\/v2\/product"}],"about":[{"href":"https:\/\/www.claret.cat\/es\/wp-json\/wp\/v2\/types\/product"}],"wp:featuredmedia":[{"embeddable":true,"href":"https:\/\/www.claret.cat\/es\/wp-json\/wp\/v2\/media\/990436"}],"wp:attachment":[{"href":"https:\/\/www.claret.cat\/es\/wp-json\/wp\/v2\/media?parent=990435"}],"wp:term":[{"taxonomy":"product_brand","embeddable":true,"href":"https:\/\/www.claret.cat\/es\/wp-json\/wp\/v2\/product_brand?post=990435"},{"taxonomy":"product_cat","embeddable":true,"href":"https:\/\/www.claret.cat\/es\/wp-json\/wp\/v2\/product_cat?post=990435"},{"taxonomy":"product_tag","embeddable":true,"href":"https:\/\/www.claret.cat\/es\/wp-json\/wp\/v2\/product_tag?post=990435"}],"curies":[{"name":"wp","href":"https:\/\/api.w.org\/{rel}","templated":true}]}}