{"id":990660,"date":"2024-11-08T17:05:27","date_gmt":"2024-11-08T16:05:27","guid":{"rendered":"https:\/\/www.claret.cat\/llibre\/el-destronamiento-de-la-verdad-9788432168529\/"},"modified":"2026-02-26T18:00:53","modified_gmt":"2026-02-26T17:00:53","slug":"el-destronamiento-de-la-verdad-9788432168529","status":"publish","type":"product","link":"https:\/\/www.claret.cat\/es\/libro\/el-destronamiento-de-la-verdad-9788432168529\/","title":{"rendered":"EL DESTRONAMIENTO DE LA VERDAD"},"content":{"rendered":"<p>\u00bfC\u00f3mo restaurar la verdad y colocarla en el lugar que le corresponde, en el trono de la raz\u00f3n? En estos ensayos, Von Hildebrand desmantela los diversos movimientos intelectuales y pol\u00edticos que han trabajado para socavar la verdad durante el siglo pasado : relativismo , escepticismo, materialismo, historicismo, psicologismo, comunismo y nazismo. Muestra la absoluta insuficiencia de sus argumentos y detecta en ellos una ra\u00edz com\u00fan: la negaci\u00f3n de Dios y el empe\u00f1o de algunos en ocupar su lugar. A quien mire el mundo moderno y se pregunte c\u00f3mo hemos llegado hasta aqu\u00ed, y c\u00f3mo salimos, este libro le mostrar\u00e1 el camino.&nbsp;<\/p>\n","protected":false},"excerpt":{"rendered":"<p>VON HILDEBRAND, DIETRICH<\/p>\n","protected":false},"featured_media":1086819,"template":"","meta":{"_acf_changed":false,"om_disable_all_campaigns":false,"rs_blank_template":"","rs_page_bg_color":"","slide_template_v7":"","inline_featured_image":false,"_monsterinsights_skip_tracking":false,"_monsterinsights_sitenote_active":false,"_monsterinsights_sitenote_note":"","_monsterinsights_sitenote_category":0},"product_brand":[],"product_cat":[485,232],"product_tag":[],"class_list":{"0":"post-990660","1":"product","2":"type-product","3":"status-publish","4":"has-post-thumbnail","6":"product_cat-autores-espiritualidad-1_espiritualidad","7":"product_cat-autors-espiritualitat","9":"first","10":"instock","11":"taxable","12":"shipping-taxable","13":"purchasable","14":"product-type-simple"},"acf":{"autor":"VON HILDEBRAND, DIETRICH","codart":"843216852","libros-coleccion":"Bolsillo Rialp","ediciones":"1","encuadernacion":"R\u00fastica","fecha_de_publicacion":"30\/10\/2024","novedad":"1","paginas":"114","subtitulo":"ENSAYOS SOBRE LA POSVERDAD","orden":"0","portada":"0","idioma":"spa","editorial":[{"ID":6348,"post_author":"3","post_date":"2022-07-28 17:50:16","post_date_gmt":"2022-07-28 15:50:16","post_content":"","post_title":"Rialp","post_excerpt":"","post_status":"publish","comment_status":"closed","ping_status":"closed","post_password":"","post_name":"rialp","to_ping":"","pinged":"","post_modified":"2022-07-28 17:50:16","post_modified_gmt":"2022-07-28 15:50:16","post_content_filtered":"","post_parent":0,"guid":"http:\/\/dev.claret.cat\/editorial\/rialp\/","menu_order":0,"post_type":"editorial","post_mime_type":"","comment_count":"0","filter":"raw"}],"booktrailer":"","resenas":""},"aioseo_notices":[],"_links":{"self":[{"href":"https:\/\/www.claret.cat\/es\/wp-json\/wp\/v2\/product\/990660","targetHints":{"allow":["GET"]}}],"collection":[{"href":"https:\/\/www.claret.cat\/es\/wp-json\/wp\/v2\/product"}],"about":[{"href":"https:\/\/www.claret.cat\/es\/wp-json\/wp\/v2\/types\/product"}],"wp:featuredmedia":[{"embeddable":true,"href":"https:\/\/www.claret.cat\/es\/wp-json\/wp\/v2\/media\/1086819"}],"wp:attachment":[{"href":"https:\/\/www.claret.cat\/es\/wp-json\/wp\/v2\/media?parent=990660"}],"wp:term":[{"taxonomy":"product_brand","embeddable":true,"href":"https:\/\/www.claret.cat\/es\/wp-json\/wp\/v2\/product_brand?post=990660"},{"taxonomy":"product_cat","embeddable":true,"href":"https:\/\/www.claret.cat\/es\/wp-json\/wp\/v2\/product_cat?post=990660"},{"taxonomy":"product_tag","embeddable":true,"href":"https:\/\/www.claret.cat\/es\/wp-json\/wp\/v2\/product_tag?post=990660"}],"curies":[{"name":"wp","href":"https:\/\/api.w.org\/{rel}","templated":true}]}}