{"id":990779,"date":"2024-11-09T12:00:13","date_gmt":"2024-11-09T11:00:13","guid":{"rendered":"https:\/\/www.claret.cat\/llibre\/dilexit-nos-ens-va-estimar-9788491365815\/"},"modified":"2026-04-14T17:45:37","modified_gmt":"2026-04-14T15:45:37","slug":"dilexit-nos-ens-va-estimar-9788491365815","status":"publish","type":"product","link":"https:\/\/www.claret.cat\/es\/libro\/dilexit-nos-ens-va-estimar-9788491365815\/","title":{"rendered":"DILEXIT NOS. \u00abENS VA ESTIMAR\u00bb"},"content":{"rendered":"<p>L&#8217;enc\u00edclica <em>Dilexit nos<\/em> se centra en la rellev\u00e0ncia de la devoci\u00f3 al <strong>Sagrat Cor de Jes\u00fas<\/strong> al m\u00f3n actual. A trav\u00e9s d&#8217;una <strong>an\u00e0lisi profunda de l\u2019Escriptura<\/strong>, la hist\u00f2ria de l&#8217;espiritualitat i el magisteri, presenta el cor com a centre de l\u2019\u00e9sser hum\u00e0, on convergeixen ment, cos i esperit.<\/p>\n<p><\/p>\n<p>El<strong> <\/strong><a href='https:\/\/www.claret.cat\/cataleg\/?a=361202' rel='noopener noreferrer' target='_blank'><strong>Papa Francesc<\/strong> <\/a>subratlla l\u2019amor de D\u00e9u revelat al <strong>Cor de Jesucrist<\/strong>, que sempre \u00e9s font de vida i consol. \u00c9s una invitaci\u00f3 a redescobrir la riquesa d&#8217;aquesta devoci\u00f3, a viure-la amb alegria i a compartir el seu missatge com una for\u00e7a transformadora per a un <strong>m\u00f3n m\u00e9s fratern i just<\/strong>.<\/p>\n<p><em>*Aquest llibre ha estat impr\u00e8s amb <\/em><a href='https:\/\/www.claret.cat\/ecoedicio\/' rel='noopener noreferrer' target='_blank'><strong><em>paper certificat <\/em><\/strong><\/a><em>pel Forest Stewardship Council (FSC), que compleix amb els principis de gesti\u00f3 econ\u00f2mica, social i ambiental sostenibles.<\/em><\/p>\n<p><\/p>\n<p><a href='https:\/\/www.claret.cat\/cataleg\/?b=papa+francesc' rel='noopener noreferrer' target='_blank'><strong>Descobreix aqu\u00ed tots els llibres del Papa Francesc<\/strong><\/a><\/p>\n","protected":false},"excerpt":{"rendered":"<p>PAPA FRANCESC<\/p>\n","protected":false},"featured_media":1057169,"template":"","meta":{"_acf_changed":false,"om_disable_all_campaigns":false,"rs_blank_template":"","rs_page_bg_color":"","slide_template_v7":"","inline_featured_image":false,"_monsterinsights_skip_tracking":false,"_monsterinsights_sitenote_active":false,"_monsterinsights_sitenote_note":"","_monsterinsights_sitenote_category":0},"product_brand":[],"product_cat":[307,581,468,207],"product_tag":[635,636,630,614,637],"class_list":{"0":"post-990779","1":"product","2":"type-product","3":"status-publish","4":"has-post-thumbnail","6":"product_cat-catala","7":"product_cat-editorial-claret","8":"product_cat-epistolas-catolicas","9":"product_cat-epistoles-catoliques","10":"product_tag-dilexit-nos","11":"product_tag-enciclica","12":"product_tag-papa-francesc","13":"product_tag-papa-francisco","14":"product_tag-vaticano","16":"first","17":"instock","18":"taxable","19":"shipping-taxable","20":"purchasable","21":"product-type-simple"},"acf":{"autor":"PAPA FRANCESC","codart":"849136581","libros-coleccion":"DOCUMENTS DEL MAGISTERI","ediciones":"1","encuadernacion":"R\u00fastica","fecha_de_publicacion":"14\/11\/2024","novedad":"1","paginas":"140","subtitulo":"CARTA ENC\u00cdCLICA DEL SANT PARE FRANCESC SOBRE L''AMOR HUM\u00c0 I DIV\u00cd DEL COR DE JESUC","orden":"7","portada":"1","idioma":"cat","editorial":[{"ID":6158,"post_author":"3","post_date":"2022-07-28 17:46:08","post_date_gmt":"2022-07-28 15:46:08","post_content":"","post_title":"CLARET","post_excerpt":"","post_status":"publish","comment_status":"closed","ping_status":"closed","post_password":"","post_name":"claret","to_ping":"","pinged":"","post_modified":"2022-07-28 17:46:08","post_modified_gmt":"2022-07-28 15:46:08","post_content_filtered":"","post_parent":0,"guid":"http:\/\/dev.claret.cat\/editorial\/claret\/","menu_order":0,"post_type":"editorial","post_mime_type":"","comment_count":"0","filter":"raw"}],"autores-libros":[{"ID":361202,"post_author":"3","post_date":"2023-01-15 07:18:00","post_date_gmt":"2023-01-15 06:18:00","post_content":"El <strong>Papa Francesc<\/strong>, Jorge Mario Bergoglio (Buenos Aires, 17 de desembre de 1936),<strong>\u00a0<\/strong>\u00e9s el m\u00e0xim representant de l'Esgl\u00e9sia Cat\u00f2lica, sent el primer pont\u00edfex americ\u00e0 i el primer Papa no europeu des de l'any 741. Va entrar al noviciat de l'orde jesu\u00efta de Santiago de Xile, on es llicenci\u00e0 en humanitats. Ordenat sacerdot l'any 1969, va tenir una llarga traject\u00f2ria dins l'orde religi\u00f3s, arribant a ser provincial. Abans d'arribar al Vatic\u00e0 com a cardenal, va ser arquebisbe de Buenos Aires.\r\n\r\nEl 13 de mar\u00e7 de 2013 va resultar elegit pont\u00edfex despr\u00e9s de la ren\u00fancia al c\u00e0rrec de Benet XVI, pels cardenals que van votar en el conclave.\r\n\r\nCom a pont\u00edfex, el Papa Francesc ha redactat les enc\u00edcliques <strong><a href=\"https:\/\/www.editorialclaret.cat\/producte\/la-llum-de-la-fe-lumen-fidei-9788498467796\/?c\"><em>Lumen Fidei<\/em><\/a><\/strong> (2013),<em> <a href=\"https:\/\/www.editorialclaret.cat\/producte\/lloat-sigueu-laudato-si-enciclica-9788498469417\/?c\"><strong>Laudato si<\/strong><\/a> (<\/em>2015) i <em><a href=\"https:\/\/www.editorialclaret.cat\/producte\/fratelli-tutti-germans-tots-9788491363101\/?c\"><strong>Fratelli Tutti<\/strong><\/a><\/em> (2020). Tamb\u00e9 ha escrit diverses constitucions i exhortacions apost\u00f2liques com<a href=\"https:\/\/www.editorialclaret.cat\/producte\/la-joia-de-levangeli-evangelii-gaudium-9788498468281\/?c\"><em><strong>\u00a0Evangelii Gaudium<\/strong><\/em><\/a> (2013), <em><a href=\"https:\/\/www.claret.cat\/llibre\/amoris-laetitia-9788490732397\/?c=\"><strong>Amoris Laetitia<\/strong><\/a><\/em> (2016), <a href=\"https:\/\/www.claret.cat\/llibre\/constitucio-apostolica-vultum-dei-quaerere-sobre-la-vida-contemplativa-femenina-9788498465471\/?c=\"><strong><em>Vultum Dei quaerere<\/em><\/strong><\/a> (2016), Gaudete et exultate (2018), <a href=\"https:\/\/www.claret.cat\/llibre\/veritatis-gaudium-la-alegria-de-la-verdad-9788428554800\/?c=\"><em><strong>Veritatis gaudium<\/strong><\/em><\/a> (2018) o <a href=\"https:\/\/www.claret.cat\/llibre\/praedicate-evangelium-predicad-el-evangelio-9788428567060\/?c=\"><em><strong>Praedicate Evangelium<\/strong><\/em><\/a> (2022).","post_title":"PAPA FRANCESC","post_excerpt":"","post_status":"publish","comment_status":"closed","ping_status":"closed","post_password":"","post_name":"papa-francesc-3","to_ping":"","pinged":"","post_modified":"2024-07-05 10:25:59","post_modified_gmt":"2024-07-05 08:25:59","post_content_filtered":"","post_parent":0,"guid":"https:\/\/www.claret.cat\/autor\/papa-francesc-3\/","menu_order":0,"post_type":"autor","post_mime_type":"","comment_count":"0","filter":"raw"}],"booktrailer":"","linkebook":"","ficha":"","muestra":"","precioebook":"0","presentacion":"","resenas":"<p>Ag\u00e8ncia Flama, 16\/11\/24<\/p>\n<p><a href=\"https:\/\/www.agenciaflama.cat\/disponible-en-catala-la-quarta-enciclica-del-papa-francesc\/\" rel=\"noopener noreferrer\" target=\"_blank\">https:\/\/www.agenciaflama.cat\/disponible-en-catala-la-quarta-enciclica-del-papa-francesc\/<\/a><\/p>\n<p><\/p>\n<p>Catalunya Cristiana, 15\/11\/2024<\/p>\n<p><a href=\"https:\/\/www.catalunyacristiana.cat\/dilexit-nos-nova-crida-a-una-esglesia-en-sortida\/\" rel=\"noopener noreferrer\" target=\"_blank\">https:\/\/www.catalunyacristiana.cat\/dilexit-nos-nova-crida-a-una-esglesia-en-sortida\/<\/a><\/p>\n<p><\/p>\n<p>Catalunya Religi\u00f3, 15\/11\/2024<\/p>\n<p><a href=\"https:\/\/www.catalunyareligio.cat\/ca\/blog\/llibres-recomanats\/dilexit-nos-ens-va-estimar-316460\" rel=\"noopener noreferrer\" target=\"_blank\">https:\/\/www.catalunyareligio.cat\/ca\/blog\/llibres-recomanats\/dilexit-nos-ens-va-estimar-316460<\/a><\/p>\n<p><\/p>\n<p>Catalunya Religi\u00f3, 19\/11\/2024<\/p>\n<p><a href=\"https:\/\/www.catalunyareligio.cat\/ca\/dilexit-nos-crida-transformacio-personal\" rel=\"noopener noreferrer\" target=\"_blank\">https:\/\/www.catalunyareligio.cat\/ca\/dilexit-nos-crida-transformacio-personal<\/a><\/p>\n<p><\/p>\n<p>Catalunya Cristiana (castell\u00e0), 15\/12\/2024<\/p>\n<p><a href=\"https:\/\/drive.google.com\/file\/d\/1Mo0jBdOYzpLHhDnppkb6PtfaDbe4KcZ8\/view?usp=sharing\" rel=\"noopener noreferrer\" target=\"_blank\">https:\/\/drive.google.com\/file\/d\/1Mo0jBdOYzpLHhDnppkb6PtfaDbe4KcZ8\/view?usp=sharing<\/a><\/p>\n<p><\/p>\n<p>Catalunya Cristiana (catal\u00e0), 15\/12\/2024<\/p>\n<p><a href=\"https:\/\/drive.google.com\/file\/d\/12P22d21Uo-vHkGsqap7HkxqWIX2lAksw\/view?usp=sharing\" rel=\"noopener noreferrer\" target=\"_blank\">https:\/\/drive.google.com\/file\/d\/12P22d21Uo-vHkGsqap7HkxqWIX2lAksw\/view?usp=sharing<\/a><\/p>\n","traductores-libros":"","ilustradores-libros":"","formato":"","ebookportada":false,"recomendamos":"","mas_vendido":""},"aioseo_notices":[],"_links":{"self":[{"href":"https:\/\/www.claret.cat\/es\/wp-json\/wp\/v2\/product\/990779","targetHints":{"allow":["GET"]}}],"collection":[{"href":"https:\/\/www.claret.cat\/es\/wp-json\/wp\/v2\/product"}],"about":[{"href":"https:\/\/www.claret.cat\/es\/wp-json\/wp\/v2\/types\/product"}],"wp:featuredmedia":[{"embeddable":true,"href":"https:\/\/www.claret.cat\/es\/wp-json\/wp\/v2\/media\/1057169"}],"wp:attachment":[{"href":"https:\/\/www.claret.cat\/es\/wp-json\/wp\/v2\/media?parent=990779"}],"wp:term":[{"taxonomy":"product_brand","embeddable":true,"href":"https:\/\/www.claret.cat\/es\/wp-json\/wp\/v2\/product_brand?post=990779"},{"taxonomy":"product_cat","embeddable":true,"href":"https:\/\/www.claret.cat\/es\/wp-json\/wp\/v2\/product_cat?post=990779"},{"taxonomy":"product_tag","embeddable":true,"href":"https:\/\/www.claret.cat\/es\/wp-json\/wp\/v2\/product_tag?post=990779"}],"curies":[{"name":"wp","href":"https:\/\/api.w.org\/{rel}","templated":true}]}}