{"id":990824,"date":"2024-11-11T11:20:03","date_gmt":"2024-11-11T10:20:03","guid":{"rendered":"https:\/\/www.claret.cat\/llibre\/san-tito-brandsma-y-los-sacerdotes-martires-de-dachau-9788413392110\/"},"modified":"2025-01-30T20:51:53","modified_gmt":"2025-01-30T19:51:53","slug":"san-tito-brandsma-y-los-sacerdotes-martires-de-dachau-9788413392110","status":"publish","type":"product","link":"https:\/\/www.claret.cat\/es\/libro\/san-tito-brandsma-y-los-sacerdotes-martires-de-dachau-9788413392110\/","title":{"rendered":"SAN TITO BRANDSMA Y LOS SACERDOTES M\u00c1RTIRES DE DACHAU"},"content":{"rendered":"<p>En Dachau, cerca de M\u00fanich, Hitler construy\u00f3 el primer campo de concentraci\u00f3n, de los muchos donde intern\u00f3 a sus adversarios pol\u00edticos, pero tambi\u00e9n jud\u00edos, gitanos, homosexuales y otros grupos de \u00abhombres inferiores\u00bb. Por ese Lager pasaron unos 206.206 prisioneros, de los que m\u00e1s de 40.000 perdieron la vida.&lt;br\/&gt;2.652 sacerdotes y religiosos cat\u00f3licos sufrieron cautiverio en Dachau. De ellos, fueron asesinados o murieron a causa de las penalidades unos 1.800, de los cuales, 1.106 polacos. El carmelita holand\u00e9s Tito Brandsma ha sido ya canonizado y 57 m\u00e1s, beatificados.&lt;br\/&gt; Con la gu\u00eda de la figura de san Tito, su hermano en religi\u00f3n, Fernando Mill\u00e1n Romeral traza con maestr\u00eda el admirable cuadro de aquel santuario del martirio del siglo XX.  ***+++*** 2.652 sacerdotes y religiosos cat\u00f3licos sufrieron cautiverio en Dachau. De ellos, fueron asesinados o murieron a causa de las penalidades unos 1.800, de los cuales, 1.106 polacos. El carmelita holand\u00e9s Tito Brandsma ha sido ya canonizado y 57 m\u00e1s, beatificados.&lt;br\/&gt; Con la gu\u00eda de la figura de san Tito, su hermano en religi\u00f3n, Fernando Mill<\/p>\n","protected":false},"excerpt":{"rendered":"<p>MILL\u00c1N ROMERAL, FERNANDO<\/p>\n","protected":false},"featured_media":990825,"template":"","meta":{"_acf_changed":false,"om_disable_all_campaigns":false,"rs_blank_template":"","rs_page_bg_color":"","slide_template_v7":"","inline_featured_image":false,"_monsterinsights_skip_tracking":false,"_monsterinsights_sitenote_active":false,"_monsterinsights_sitenote_note":"","_monsterinsights_sitenote_category":0},"product_brand":[],"product_cat":[92,542],"product_tag":[],"class_list":{"0":"post-990824","1":"product","2":"type-product","3":"status-publish","4":"has-post-thumbnail","6":"product_cat-vida-religiosa","7":"product_cat-vida-religiosa-1_espiritualidad-spa","9":"first","10":"instock","11":"taxable","12":"shipping-taxable","13":"purchasable","14":"product-type-simple"},"acf":{"autor":"MILL\u00c1N ROMERAL, FERNANDO","codart":"841339211","libros-coleccion":"100XUNO","ediciones":"1","encuadernacion":"R\u00fastica","fecha_de_publicacion":"01\/10\/2024","novedad":"1","paginas":"154","subtitulo":"","orden":"0","portada":"0","idioma":"spa","editorial":[{"ID":6201,"post_author":"3","post_date":"2022-07-28 17:47:01","post_date_gmt":"2022-07-28 15:47:01","post_content":"","post_title":"Ediciones Encuentro","post_excerpt":"","post_status":"publish","comment_status":"closed","ping_status":"closed","post_password":"","post_name":"ediciones-encuentro","to_ping":"","pinged":"","post_modified":"2022-07-28 17:47:01","post_modified_gmt":"2022-07-28 15:47:01","post_content_filtered":"","post_parent":0,"guid":"http:\/\/dev.claret.cat\/editorial\/ediciones-encuentro\/","menu_order":0,"post_type":"editorial","post_mime_type":"","comment_count":"0","filter":"raw"}]},"aioseo_notices":[],"_links":{"self":[{"href":"https:\/\/www.claret.cat\/es\/wp-json\/wp\/v2\/product\/990824","targetHints":{"allow":["GET"]}}],"collection":[{"href":"https:\/\/www.claret.cat\/es\/wp-json\/wp\/v2\/product"}],"about":[{"href":"https:\/\/www.claret.cat\/es\/wp-json\/wp\/v2\/types\/product"}],"wp:featuredmedia":[{"embeddable":true,"href":"https:\/\/www.claret.cat\/es\/wp-json\/wp\/v2\/media\/990825"}],"wp:attachment":[{"href":"https:\/\/www.claret.cat\/es\/wp-json\/wp\/v2\/media?parent=990824"}],"wp:term":[{"taxonomy":"product_brand","embeddable":true,"href":"https:\/\/www.claret.cat\/es\/wp-json\/wp\/v2\/product_brand?post=990824"},{"taxonomy":"product_cat","embeddable":true,"href":"https:\/\/www.claret.cat\/es\/wp-json\/wp\/v2\/product_cat?post=990824"},{"taxonomy":"product_tag","embeddable":true,"href":"https:\/\/www.claret.cat\/es\/wp-json\/wp\/v2\/product_tag?post=990824"}],"curies":[{"name":"wp","href":"https:\/\/api.w.org\/{rel}","templated":true}]}}