{"id":990990,"date":"2024-11-11T13:00:42","date_gmt":"2024-11-11T12:00:42","guid":{"rendered":"https:\/\/www.claret.cat\/llibre\/gracias-profes-9788466679732\/"},"modified":"2024-12-30T10:25:56","modified_gmt":"2024-12-30T09:25:56","slug":"gracias-profes-9788466679732","status":"publish","type":"product","link":"https:\/\/www.claret.cat\/es\/libro\/gracias-profes-9788466679732\/","title":{"rendered":"\u00a1GRACIAS, PROFES!"},"content":{"rendered":"<p>Maestra de pueblo pone el broche de oro a una serie m\u00edtica que ha conquistado el coraz\u00f3n de 100.000 lectores. UN FINAL DE LEYENDA UN HOMENAJE A QUIENES EDUCAN Mar\u00eda ha logrado lo imposible: tener una vida tranquila. Hasta que, en un giro caprichoso del destino, la nombran directora de su escuela. Su paz se esfuma y su d\u00eda a d\u00eda se convierte en una serie de \u00abaventuras\u00bb que nunca pidi\u00f3: alba\u00f1iles invadiendo los pasillos, familias con la virtud de aparecer en el peor momento, una pila de papeleo que desaf\u00eda las leyes de la f\u00edsica y una nueva profe con muchas (\u00bfdemasiadas?) ideas innovadoras. Mar\u00eda se ve obligada a retroceder en el tiempo, pues cuando el caos alcanza niveles \u00e9picos, la \u00fanica salida es recordar por qu\u00e9 &#x2014;y por qui\u00e9n&#x2014; un d\u00eda decidi\u00f3 convertirse en maestra. *** Con su caracter\u00edstico humor \u00e1cido y una dosis extra de ternura y nostalgia, Maestra de pueblo se despide de Mar\u00eda rindiendo homenaje a esos profes que no solo nos acompa\u00f1aron, sino que nos desafiaron a ser la mejor versi\u00f3n de nosotros mismos y nos ense\u00f1aron el significado de la palabra \u00abvocaci\u00f3n\u00bb.  Este libro es tambi\u00e9n un agradecimiento a todos los que, d\u00eda tras d\u00eda, se dejan la piel en las aulas para construir un futuro mejor. \u00a1Nadie sale por la puerta hasta que hayamos terminado todos!Rese\u00f1as:<br \/>\u00abObligatorio para los del gremio. M\u00e1s real que la realidad. Enhorabuena, profe\u00bb.<br \/>El Hematocr\u00edtico \u00abMaestra de pueblo esconde bajo ese nombre mucha vocaci\u00f3n por su profesi\u00f3n y tambi\u00e9n sentido del humor\u00bb.<br \/>La Vanguardia<\/p>\n","protected":false},"excerpt":{"rendered":"<p>MAESTRA DE PUEBLO \/ PICAZO, CRISTINA<\/p>\n","protected":false},"featured_media":997006,"template":"","meta":{"_acf_changed":false,"om_disable_all_campaigns":false,"rs_blank_template":"","rs_page_bg_color":"","slide_template_v7":"","inline_featured_image":false,"_monsterinsights_skip_tracking":false,"_monsterinsights_sitenote_active":false,"_monsterinsights_sitenote_note":"","_monsterinsights_sitenote_category":0},"product_brand":[],"product_cat":[108,558,114,563],"product_tag":[],"class_list":{"0":"post-990990","1":"product","2":"type-product","3":"status-publish","4":"has-post-thumbnail","6":"product_cat-comic","7":"product_cat-comic-3_infantil-juvenil-spa-spa","8":"product_cat-humor-grafic","9":"product_cat-humor-grafico","11":"first","12":"instock","13":"taxable","14":"shipping-taxable","15":"purchasable","16":"product-type-simple"},"acf":{"autor":"MAESTRA DE PUEBLO \/ PICAZO, CRISTINA","codart":"846667973","libros-coleccion":"FORA DE COL.LECCI\u00d3","ediciones":"1","encuadernacion":"R\u00fastica","fecha_de_publicacion":"01\/11\/2024","novedad":"1","paginas":"109","subtitulo":"","orden":"0","portada":"0","idioma":"spa","editorial":[{"ID":6200,"post_author":"3","post_date":"2022-07-28 17:47:00","post_date_gmt":"2022-07-28 15:47:00","post_content":"","post_title":"EDICIONES B","post_excerpt":"","post_status":"publish","comment_status":"closed","ping_status":"closed","post_password":"","post_name":"ediciones-b","to_ping":"","pinged":"","post_modified":"2022-07-28 17:47:00","post_modified_gmt":"2022-07-28 15:47:00","post_content_filtered":"","post_parent":0,"guid":"http:\/\/dev.claret.cat\/editorial\/ediciones-b\/","menu_order":0,"post_type":"editorial","post_mime_type":"","comment_count":"0","filter":"raw"}]},"aioseo_notices":[],"_links":{"self":[{"href":"https:\/\/www.claret.cat\/es\/wp-json\/wp\/v2\/product\/990990","targetHints":{"allow":["GET"]}}],"collection":[{"href":"https:\/\/www.claret.cat\/es\/wp-json\/wp\/v2\/product"}],"about":[{"href":"https:\/\/www.claret.cat\/es\/wp-json\/wp\/v2\/types\/product"}],"wp:featuredmedia":[{"embeddable":true,"href":"https:\/\/www.claret.cat\/es\/wp-json\/wp\/v2\/media\/997006"}],"wp:attachment":[{"href":"https:\/\/www.claret.cat\/es\/wp-json\/wp\/v2\/media?parent=990990"}],"wp:term":[{"taxonomy":"product_brand","embeddable":true,"href":"https:\/\/www.claret.cat\/es\/wp-json\/wp\/v2\/product_brand?post=990990"},{"taxonomy":"product_cat","embeddable":true,"href":"https:\/\/www.claret.cat\/es\/wp-json\/wp\/v2\/product_cat?post=990990"},{"taxonomy":"product_tag","embeddable":true,"href":"https:\/\/www.claret.cat\/es\/wp-json\/wp\/v2\/product_tag?post=990990"}],"curies":[{"name":"wp","href":"https:\/\/api.w.org\/{rel}","templated":true}]}}