{"id":991299,"date":"2024-11-12T17:15:25","date_gmt":"2024-11-12T16:15:25","guid":{"rendered":"https:\/\/www.claret.cat\/llibre\/la-pitjor-colla-de-la-historia-aventura-entre-dinosaures-9788419747099\/"},"modified":"2026-04-23T18:55:35","modified_gmt":"2026-04-23T16:55:35","slug":"la-pitjor-colla-de-la-historia-aventura-entre-dinosaures-9788419747099","status":"publish","type":"product","link":"https:\/\/www.claret.cat\/es\/libro\/la-pitjor-colla-de-la-historia-aventura-entre-dinosaures-9788419747099\/","title":{"rendered":"LA PITJOR COLLA DE LA HIST\u00d2RIA. AVENTURA ENTRE DINOSAURES"},"content":{"rendered":"<p>Una aventura divertida de la pitjor colla de la hist\u00f2ria on coneixerem els seus personatges i descobrirem el seu secret: una pilota m\u00e0gica, de segona m\u00e0, els portar\u00e0 de viatge en el temps.<\/p>\n","protected":false},"excerpt":{"rendered":"<p>ACOSTA, ALICIA<\/p>\n","protected":false},"featured_media":1088680,"template":"","meta":{"_acf_changed":false,"om_disable_all_campaigns":false,"rs_blank_template":"","rs_page_bg_color":"","slide_template_v7":"","inline_featured_image":false,"_monsterinsights_skip_tracking":false,"_monsterinsights_sitenote_active":false,"_monsterinsights_sitenote_note":"","_monsterinsights_sitenote_category":0},"product_brand":[],"product_cat":[90,540],"product_tag":[],"class_list":{"0":"post-991299","1":"product","2":"type-product","3":"status-publish","4":"has-post-thumbnail","6":"product_cat-altres","7":"product_cat-otros","9":"first","10":"instock","11":"taxable","12":"shipping-taxable","13":"purchasable","14":"product-type-simple"},"acf":{"autor":"ACOSTA, ALICIA","codart":"841974709","libros-coleccion":"FORA DE COL.LECCI\u00d3","ediciones":"1","encuadernacion":"R\u00fastica","fecha_de_publicacion":"01\/07\/2023","novedad":"1","paginas":"0","subtitulo":"","orden":"0","portada":"0","idioma":"cat","editorial":[{"ID":148063,"post_author":"3","post_date":"2022-10-14 11:55:21","post_date_gmt":"2022-10-14 09:55:21","post_content":"","post_title":"EL CEP I LA NANSA EDICIONS","post_excerpt":"","post_status":"publish","comment_status":"closed","ping_status":"closed","post_password":"","post_name":"el-cep-i-la-nansa-edicions","to_ping":"","pinged":"","post_modified":"2022-10-14 11:55:21","post_modified_gmt":"2022-10-14 09:55:21","post_content_filtered":"","post_parent":0,"guid":"http:\/\/dev.claret.cat\/editorial\/el-cep-i-la-nansa-edicions\/","menu_order":0,"post_type":"editorial","post_mime_type":"","comment_count":"0","filter":"raw"}],"booktrailer":"","resenas":""},"aioseo_notices":[],"_links":{"self":[{"href":"https:\/\/www.claret.cat\/es\/wp-json\/wp\/v2\/product\/991299","targetHints":{"allow":["GET"]}}],"collection":[{"href":"https:\/\/www.claret.cat\/es\/wp-json\/wp\/v2\/product"}],"about":[{"href":"https:\/\/www.claret.cat\/es\/wp-json\/wp\/v2\/types\/product"}],"wp:featuredmedia":[{"embeddable":true,"href":"https:\/\/www.claret.cat\/es\/wp-json\/wp\/v2\/media\/1088680"}],"wp:attachment":[{"href":"https:\/\/www.claret.cat\/es\/wp-json\/wp\/v2\/media?parent=991299"}],"wp:term":[{"taxonomy":"product_brand","embeddable":true,"href":"https:\/\/www.claret.cat\/es\/wp-json\/wp\/v2\/product_brand?post=991299"},{"taxonomy":"product_cat","embeddable":true,"href":"https:\/\/www.claret.cat\/es\/wp-json\/wp\/v2\/product_cat?post=991299"},{"taxonomy":"product_tag","embeddable":true,"href":"https:\/\/www.claret.cat\/es\/wp-json\/wp\/v2\/product_tag?post=991299"}],"curies":[{"name":"wp","href":"https:\/\/api.w.org\/{rel}","templated":true}]}}