{"id":991376,"date":"2024-11-13T12:26:21","date_gmt":"2024-11-13T11:26:21","guid":{"rendered":"https:\/\/www.claret.cat\/llibre\/musica-moderna-a-catalunya-9788410267732\/"},"modified":"2024-11-13T12:41:46","modified_gmt":"2024-11-13T11:41:46","slug":"musica-moderna-a-catalunya-9788410267732","status":"publish","type":"product","link":"https:\/\/www.claret.cat\/es\/libro\/musica-moderna-a-catalunya-9788410267732\/","title":{"rendered":"M\u00daSICA MODERNA A CATALUNYA"},"content":{"rendered":"<p>Aquest llibre \u00e9s un viatge en l&#x2019;espai i el temps cap a una \u00e8poca musical poc valorada malgrat la seva import\u00e0ncia. Es tracta d&#x2019;un exercici de mem\u00f2ria per rescatar m\u00fasiques i m\u00fasics, comunicadors, aventurers, diletants, de temps en qu\u00e8 fer m\u00fasica no era tan f\u00e0cil com semblava. Es tracta tamb\u00e9 de recordar com unes generacions que van abra\u00e7ar l&#x2019;energia del rock and roll es van llan\u00e7ar a donar llum i color a un pa\u00eds massa gris i trist, dominat pel silenci i la mediocritat d&#x2019;un r\u00e8gim fratricida que no va saber entendre els canvis, les difer\u00e8ncies i, ni de bon tros, la m\u00fasica popular. Tot aix\u00f2 vist des de Catalunya, aquell petit pa\u00eds des del qual es mirava (i escoltava) Europa buscant sortides, amarant-se de novetats i d&#x2019;esperances amb qu\u00e8 construir un futur millor. En aquest primer volum, es reconstrueix la hist\u00f2ria de la m\u00fasica popular a Catalunya, en totes les seves expressions, des de l&#x2019;impacte del rock and roll fins a la bogeria ie-ie, des de les caves de jazz i can\u00e7\u00f3 fins als envelats de festa major. Tot amb la intenci\u00f3 de reconstruir la mem\u00f2ria, que tantes vegades s&#x2019;ha fragmentat i ocultat, perqu\u00e8 aquells que treguin el cap a aquestes p\u00e0gines puguin, potser, trobar aquelles peces que es van quedar pel cam\u00ed i que avui poden ajudar a entendre millor el nostre paisatge musical.<\/p>\n","protected":false},"excerpt":{"rendered":"<p>TURT\u00d3S, JORDI<\/p>\n","protected":false},"featured_media":991377,"template":"","meta":{"_acf_changed":false,"om_disable_all_campaigns":false,"rs_blank_template":"","rs_page_bg_color":"","slide_template_v7":"","inline_featured_image":false,"_monsterinsights_skip_tracking":false,"_monsterinsights_sitenote_active":false,"_monsterinsights_sitenote_note":"","_monsterinsights_sitenote_category":0},"product_brand":[],"product_cat":[90,540],"product_tag":[],"class_list":{"0":"post-991376","1":"product","2":"type-product","3":"status-publish","4":"has-post-thumbnail","6":"product_cat-altres","7":"product_cat-otros","9":"first","10":"instock","11":"taxable","12":"shipping-taxable","13":"purchasable","14":"product-type-simple"},"acf":{"autor":"TURT\u00d3S, JORDI","codart":"841026773","libros-coleccion":"FORA DE COL.LECCI\u00d3","ediciones":"1","encuadernacion":"R\u00fastica","fecha_de_publicacion":"01\/10\/2024","novedad":"1","paginas":"351","subtitulo":"1955-1968, VOL 1","orden":"0","portada":"0","idioma":"cat","editorial":[{"ID":148818,"post_author":"3","post_date":"2022-10-14 12:01:14","post_date_gmt":"2022-10-14 10:01:14","post_content":"","post_title":"S\u00cdLEX EDICIONES","post_excerpt":"","post_status":"publish","comment_status":"closed","ping_status":"closed","post_password":"","post_name":"silex-ediciones","to_ping":"","pinged":"","post_modified":"2022-10-14 12:01:14","post_modified_gmt":"2022-10-14 10:01:14","post_content_filtered":"","post_parent":0,"guid":"http:\/\/dev.claret.cat\/editorial\/silex-ediciones\/","menu_order":0,"post_type":"editorial","post_mime_type":"","comment_count":"0","filter":"raw"}]},"aioseo_notices":[],"_links":{"self":[{"href":"https:\/\/www.claret.cat\/es\/wp-json\/wp\/v2\/product\/991376","targetHints":{"allow":["GET"]}}],"collection":[{"href":"https:\/\/www.claret.cat\/es\/wp-json\/wp\/v2\/product"}],"about":[{"href":"https:\/\/www.claret.cat\/es\/wp-json\/wp\/v2\/types\/product"}],"wp:featuredmedia":[{"embeddable":true,"href":"https:\/\/www.claret.cat\/es\/wp-json\/wp\/v2\/media\/991377"}],"wp:attachment":[{"href":"https:\/\/www.claret.cat\/es\/wp-json\/wp\/v2\/media?parent=991376"}],"wp:term":[{"taxonomy":"product_brand","embeddable":true,"href":"https:\/\/www.claret.cat\/es\/wp-json\/wp\/v2\/product_brand?post=991376"},{"taxonomy":"product_cat","embeddable":true,"href":"https:\/\/www.claret.cat\/es\/wp-json\/wp\/v2\/product_cat?post=991376"},{"taxonomy":"product_tag","embeddable":true,"href":"https:\/\/www.claret.cat\/es\/wp-json\/wp\/v2\/product_tag?post=991376"}],"curies":[{"name":"wp","href":"https:\/\/api.w.org\/{rel}","templated":true}]}}