{"id":991515,"date":"2024-11-13T13:00:02","date_gmt":"2024-11-13T12:00:02","guid":{"rendered":"https:\/\/www.claret.cat\/llibre\/cuanto-pesa-tu-mochila-9788410313255\/"},"modified":"2024-11-13T13:55:34","modified_gmt":"2024-11-13T12:55:34","slug":"cuanto-pesa-tu-mochila-9788410313255","status":"publish","type":"product","link":"https:\/\/www.claret.cat\/es\/libro\/cuanto-pesa-tu-mochila-9788410313255\/","title":{"rendered":"\u00bfCU\u00c1NTO PESA TU MOCHILA?"},"content":{"rendered":"<p>Or\u00edgenes, consecuencias e integraci\u00f3n del trauma.<br \/> Un recorrido por el camino de la ruptura, la resiliencia<br \/> y la socializaci\u00f3n.<\/p>\n<p> La palabra trauma no exist\u00eda hasta hace poco m\u00e1s<br \/> de un siglo. Sin embargo, el trauma es una experiencia<br \/> humana mucho m\u00e1s frecuente y cotidiana de lo que<br \/> la mayor\u00eda cree. En un mundo donde cada uno parece<br \/> tener que gestionar sus problemas por su cuenta,<br \/> es importante saber cu\u00e1les son las consecuencias<br \/> de las vivencias a las que nos vamos enfrentando.<br \/> \u00bfQu\u00e9 sucede por dentro y por fuera cuando se nos<br \/> atraganta un acontecimiento, cuando empezamos<br \/> a ver que no hemos digerido bien lo sucedido?<br \/> Con un estilo cercano y divulgativo, la doctora<br \/> Alicia \u00c1lvarez, directora asistencial y de investigaci\u00f3n<br \/> en la Unidad de Trauma, Crisis y Conflictos<br \/> de Barcelona, ofrece en este libro definiciones<br \/> y ejemplos pr\u00e1cticos sobre todos los conceptos<br \/> y las consecuencias del trauma. Tambi\u00e9n describe<br \/> c\u00f3mo vamos acumulando esos traumas, guard\u00e1ndolos<br \/> en nuestra mochila, qu\u00e9 efectos tiene ese peso en<br \/> nuestra manera de vivir y c\u00f3mo sanar para avanzar<br \/> con mayor confianza en la vida.<\/p>\n<p> \u00abEste libro, esclarecedor y necesario, posibilita<br \/> la sanaci\u00f3n de esas heridas emocionales que<br \/> condicionan toda una vida\u00bb. Xavier Guix, psic\u00f3logo<br \/> y autor de El problema de ser demasiado bueno<\/p>\n","protected":false},"excerpt":{"rendered":"<p>\u00c1LVAREZ, ALICIA<\/p>\n","protected":false},"featured_media":991607,"template":"","meta":{"_acf_changed":false,"om_disable_all_campaigns":false,"rs_blank_template":"","rs_page_bg_color":"","slide_template_v7":"","inline_featured_image":false,"_monsterinsights_skip_tracking":false,"_monsterinsights_sitenote_active":false,"_monsterinsights_sitenote_note":"","_monsterinsights_sitenote_category":0},"product_brand":[],"product_cat":[179,377],"product_tag":[],"class_list":{"0":"post-991515","1":"product","2":"type-product","3":"status-publish","4":"has-post-thumbnail","6":"product_cat-autoajuda-i-salut-mental","7":"product_cat-autoayuda-y-salud-mental","9":"first","10":"instock","11":"taxable","12":"shipping-taxable","13":"purchasable","14":"product-type-simple"},"acf":{"autor":"\u00c1LVAREZ, ALICIA","codart":"841031325","libros-coleccion":"Psicolog\u00eda","ediciones":"1","encuadernacion":"R\u00fastica","fecha_de_publicacion":"01\/11\/2024","novedad":"1","paginas":"224","subtitulo":"","orden":"0","portada":"0","idioma":"spa","editorial":[{"ID":6127,"post_author":"3","post_date":"2022-07-28 17:45:28","post_date_gmt":"2022-07-28 15:45:28","post_content":"","post_title":"ARPA EDITORES","post_excerpt":"","post_status":"publish","comment_status":"closed","ping_status":"closed","post_password":"","post_name":"arpa-editores","to_ping":"","pinged":"","post_modified":"2022-07-28 17:45:28","post_modified_gmt":"2022-07-28 15:45:28","post_content_filtered":"","post_parent":0,"guid":"http:\/\/dev.claret.cat\/editorial\/arpa-editores\/","menu_order":0,"post_type":"editorial","post_mime_type":"","comment_count":"0","filter":"raw"}]},"aioseo_notices":[],"_links":{"self":[{"href":"https:\/\/www.claret.cat\/es\/wp-json\/wp\/v2\/product\/991515","targetHints":{"allow":["GET"]}}],"collection":[{"href":"https:\/\/www.claret.cat\/es\/wp-json\/wp\/v2\/product"}],"about":[{"href":"https:\/\/www.claret.cat\/es\/wp-json\/wp\/v2\/types\/product"}],"wp:featuredmedia":[{"embeddable":true,"href":"https:\/\/www.claret.cat\/es\/wp-json\/wp\/v2\/media\/991607"}],"wp:attachment":[{"href":"https:\/\/www.claret.cat\/es\/wp-json\/wp\/v2\/media?parent=991515"}],"wp:term":[{"taxonomy":"product_brand","embeddable":true,"href":"https:\/\/www.claret.cat\/es\/wp-json\/wp\/v2\/product_brand?post=991515"},{"taxonomy":"product_cat","embeddable":true,"href":"https:\/\/www.claret.cat\/es\/wp-json\/wp\/v2\/product_cat?post=991515"},{"taxonomy":"product_tag","embeddable":true,"href":"https:\/\/www.claret.cat\/es\/wp-json\/wp\/v2\/product_tag?post=991515"}],"curies":[{"name":"wp","href":"https:\/\/api.w.org\/{rel}","templated":true}]}}