{"id":991615,"date":"2024-11-13T14:05:09","date_gmt":"2024-11-13T13:05:09","guid":{"rendered":"https:\/\/www.claret.cat\/llibre\/la-catedral-de-notredame-de-paris-9781949845396\/"},"modified":"2024-11-14T10:36:57","modified_gmt":"2024-11-14T09:36:57","slug":"la-catedral-de-notredame-de-paris-9781949845396","status":"publish","type":"product","link":"https:\/\/www.claret.cat\/es\/libro\/la-catedral-de-notredame-de-paris-9781949845396\/","title":{"rendered":"LA CATEDRAL DE NOTRE-DAME DE PAR\u00cdS"},"content":{"rendered":"<p>El libro demuestra que, a pesar de que se ha evolucionado a lo largo de muchos siglos, la Catedral de Notre-Dame ha persistido como una piedra de toque para parisinos y cristianos en todas partes, y como un emblema del car\u00e1cter franc\u00e9s a lo largo de la historia de la naci\u00f3n. Sus per\u00edodos de construcci\u00f3n, destrucci\u00f3n, abandono y restauraci\u00f3n se describen aqu\u00ed en t\u00e9rminos accesibles. La restauraci\u00f3n decisiva del edificio a mediados del siglo XIX por los arquitectos E.E. Viollet-le-Duc y J.-B Lassus -que le dieron al edificio su aguja caracter\u00edstica- hace evidente que contribuy\u00f3, en gran parte, a dotar a  Notre-Dame de su forma medieval familiar, tr\u00e1gicamente da\u00f1ada en el incendio del 15 de abril de 2019.<\/p>\n","protected":false},"excerpt":{"rendered":"<p>MURPHY, KEVIN D.<\/p>\n","protected":false},"featured_media":991772,"template":"","meta":{"_acf_changed":false,"om_disable_all_campaigns":false,"rs_blank_template":"","rs_page_bg_color":"","slide_template_v7":"","inline_featured_image":false,"_monsterinsights_skip_tracking":false,"_monsterinsights_sitenote_active":false,"_monsterinsights_sitenote_note":"","_monsterinsights_sitenote_category":0},"product_brand":[],"product_cat":[90,540],"product_tag":[],"class_list":{"0":"post-991615","1":"product","2":"type-product","3":"status-publish","4":"has-post-thumbnail","6":"product_cat-altres","7":"product_cat-otros","9":"first","10":"instock","11":"taxable","12":"shipping-taxable","13":"purchasable","14":"product-type-simple"},"acf":{"autor":"MURPHY, KEVIN D.","codart":"194984539","libros-coleccion":"UNA INMERSI\u00d3N R\u00c1PIDA","ediciones":"1","encuadernacion":"R\u00fastica","fecha_de_publicacion":"01\/11\/2024","novedad":"1","paginas":"194","subtitulo":"UNA INMERSI\u00d3N R\u00c1PIDA","orden":"0","portada":"0","idioma":"spa","editorial":[{"ID":991670,"post_author":"3","post_date":"2024-11-13 15:45:01","post_date_gmt":"2024-11-13 14:45:01","post_content":"","post_title":"Tibidabo Publishing, Inc.","post_excerpt":"","post_status":"publish","comment_status":"closed","ping_status":"closed","post_password":"","post_name":"tibidabo-publishing-inc","to_ping":"","pinged":"","post_modified":"2024-11-13 15:45:01","post_modified_gmt":"2024-11-13 14:45:01","post_content_filtered":"","post_parent":0,"guid":"https:\/\/www.claret.cat\/editorial\/tibidabo-publishing-inc\/","menu_order":0,"post_type":"editorial","post_mime_type":"","comment_count":"0","filter":"raw"}]},"aioseo_notices":[],"_links":{"self":[{"href":"https:\/\/www.claret.cat\/es\/wp-json\/wp\/v2\/product\/991615","targetHints":{"allow":["GET"]}}],"collection":[{"href":"https:\/\/www.claret.cat\/es\/wp-json\/wp\/v2\/product"}],"about":[{"href":"https:\/\/www.claret.cat\/es\/wp-json\/wp\/v2\/types\/product"}],"wp:featuredmedia":[{"embeddable":true,"href":"https:\/\/www.claret.cat\/es\/wp-json\/wp\/v2\/media\/991772"}],"wp:attachment":[{"href":"https:\/\/www.claret.cat\/es\/wp-json\/wp\/v2\/media?parent=991615"}],"wp:term":[{"taxonomy":"product_brand","embeddable":true,"href":"https:\/\/www.claret.cat\/es\/wp-json\/wp\/v2\/product_brand?post=991615"},{"taxonomy":"product_cat","embeddable":true,"href":"https:\/\/www.claret.cat\/es\/wp-json\/wp\/v2\/product_cat?post=991615"},{"taxonomy":"product_tag","embeddable":true,"href":"https:\/\/www.claret.cat\/es\/wp-json\/wp\/v2\/product_tag?post=991615"}],"curies":[{"name":"wp","href":"https:\/\/api.w.org\/{rel}","templated":true}]}}