{"id":991627,"date":"2024-11-13T14:10:32","date_gmt":"2024-11-13T13:10:32","guid":{"rendered":"https:\/\/www.claret.cat\/llibre\/alianca-educativa-entre-pares-i-professors-9788426738875\/"},"modified":"2024-11-14T10:30:30","modified_gmt":"2024-11-14T09:30:30","slug":"alianca-educativa-entre-pares-i-professors-9788426738875","status":"publish","type":"product","link":"https:\/\/www.claret.cat\/es\/libro\/alianca-educativa-entre-pares-i-professors-9788426738875\/","title":{"rendered":"ALIAN\u00c7A EDUCATIVA ENTRE PARES I PROFESSORS"},"content":{"rendered":"<p>Corren temps complicats per a l&#8221;educaci\u00f3. La celeritat d&#8221;una societat canviant, els nous aven\u00e7os en tecnologies, l&#8221;esbojarrat ritme de vida dels adults, entre moltes altres coses, estan provocant que deixem de banda un dels pilars primordials de qualsevol societat que s&#8221;apreci\u00ef: l&#8221;educaci\u00f3.    Nous tecnicismes, com la neuroeducaci\u00f3 o el cibersassetjament, han arribat a les llars per quedar-s?hi i, amb ells, una amalgama d&#8221;estrat\u00e8gies i condicionants que influeixen en la nova educaci\u00f3. Termes com ara \u00abescolta activa\u00bb, \u00abcortisol\u00bb o \u00absegrest de l&#8221;am\u00edgdala\u00bb s\u00f3n a l&#8221;ordre del dia, conceptes que es desconeixien fa relativament poc i que han canviat la manera d&#8221;ensenyar, d&#8221;educar.   Davant d?aquesta magnitud de canvis, es requereix una alian\u00e7a educativa entre pares i docents que permeti con\u00e8ixer els nous mecanismes educatius. Tanmateix, \u00e9s un proc\u00e9s complicat, delimitat per l&#8221;accelerat ritme de vida dels progenitors i el desconeixement per part seva sobre com abordar aquestes noves problem\u00e0tiques. A m\u00e9s, aquest proc\u00e9s est\u00e0 determinat per la \u00abinjusta\u00bb funci\u00f3 que ha estat atribu\u00efda a molts docents a l&#8221;hora d&#8221;abordar situacions per a les quals no han estat instru\u00efts.  Francisco Cid aplega en aquest llibre els millors docents i especialistes del pa\u00eds per abordar les consultes m\u00e9s habituals de fam\u00edlies i mestres que reben di\u00e0riament al llarg de la vida educativa dels petits.  Com aconseguir que els nens deixin el xumet o el biber\u00f3? Qu\u00e8 cal fer davant un nen que no menja? Com actuar quan al teu fill el peguen a l&#8221;escola? Quins s\u00f3n els perills de les noves tecnologies? Aquestes s\u00f3n algunes de les m\u00e9s de 20 q\u00fcestions que s&#8221;aborden en aquest llibre d&#8221;una manera clara, amena i professional, i que us ajudaran a afrontar els nous reptes educatius del segle xxi. No espereu m\u00e9s per estar al dia de la nova alian\u00e7a educativa entre pares i professors.<\/p>\n","protected":false},"excerpt":{"rendered":"<p>CID FORNELL, FRANCISCO<\/p>\n","protected":false},"featured_media":991758,"template":"","meta":{"_acf_changed":false,"om_disable_all_campaigns":false,"rs_blank_template":"","rs_page_bg_color":"","slide_template_v7":"","inline_featured_image":false,"_monsterinsights_skip_tracking":false,"_monsterinsights_sitenote_active":false,"_monsterinsights_sitenote_note":"","_monsterinsights_sitenote_category":0},"product_brand":[],"product_cat":[188,381],"product_tag":[],"class_list":{"0":"post-991627","1":"product","2":"type-product","3":"status-publish","4":"has-post-thumbnail","6":"product_cat-psicopedagogia","7":"product_cat-psicopedagogia-pedagogia-2_humanidades","9":"first","10":"instock","11":"taxable","12":"shipping-taxable","13":"purchasable","14":"product-type-simple"},"acf":{"autor":"CID FORNELL, FRANCISCO","codart":"842673887","libros-coleccion":"FORA DE COL.LECCI\u00d3","ediciones":"1","encuadernacion":"R\u00fastica","fecha_de_publicacion":"01\/11\/2024","novedad":"1","paginas":"327","subtitulo":"","orden":"0","portada":"0","idioma":"cat","editorial":[{"ID":6301,"post_author":"3","post_date":"2022-07-28 17:49:15","post_date_gmt":"2022-07-28 15:49:15","post_content":"","post_title":"Marcombo","post_excerpt":"","post_status":"publish","comment_status":"closed","ping_status":"closed","post_password":"","post_name":"marcombo","to_ping":"","pinged":"","post_modified":"2022-07-28 17:49:15","post_modified_gmt":"2022-07-28 15:49:15","post_content_filtered":"","post_parent":0,"guid":"http:\/\/dev.claret.cat\/editorial\/marcombo\/","menu_order":0,"post_type":"editorial","post_mime_type":"","comment_count":"0","filter":"raw"}]},"aioseo_notices":[],"_links":{"self":[{"href":"https:\/\/www.claret.cat\/es\/wp-json\/wp\/v2\/product\/991627","targetHints":{"allow":["GET"]}}],"collection":[{"href":"https:\/\/www.claret.cat\/es\/wp-json\/wp\/v2\/product"}],"about":[{"href":"https:\/\/www.claret.cat\/es\/wp-json\/wp\/v2\/types\/product"}],"wp:featuredmedia":[{"embeddable":true,"href":"https:\/\/www.claret.cat\/es\/wp-json\/wp\/v2\/media\/991758"}],"wp:attachment":[{"href":"https:\/\/www.claret.cat\/es\/wp-json\/wp\/v2\/media?parent=991627"}],"wp:term":[{"taxonomy":"product_brand","embeddable":true,"href":"https:\/\/www.claret.cat\/es\/wp-json\/wp\/v2\/product_brand?post=991627"},{"taxonomy":"product_cat","embeddable":true,"href":"https:\/\/www.claret.cat\/es\/wp-json\/wp\/v2\/product_cat?post=991627"},{"taxonomy":"product_tag","embeddable":true,"href":"https:\/\/www.claret.cat\/es\/wp-json\/wp\/v2\/product_tag?post=991627"}],"curies":[{"name":"wp","href":"https:\/\/api.w.org\/{rel}","templated":true}]}}