{"id":991698,"date":"2024-11-13T16:25:47","date_gmt":"2024-11-13T15:25:47","guid":{"rendered":"https:\/\/www.claret.cat\/llibre\/pack-caligrafia-creativa-1-2-y-3-9788418964978\/"},"modified":"2024-11-14T09:40:34","modified_gmt":"2024-11-14T08:40:34","slug":"pack-caligrafia-creativa-1-2-y-3-9788418964978","status":"publish","type":"product","link":"https:\/\/www.claret.cat\/es\/libro\/pack-caligrafia-creativa-1-2-y-3-9788418964978\/","title":{"rendered":"PACK CALIGRAF\u00cdA CREATIVA 1, 2, Y 3"},"content":{"rendered":"<p> En RUBIO siempre nos ha gustado la caligraf\u00eda. Con nosotros mucha gente ha aprendido a leer y, c\u00f3mo no, a escribir; pero a escribir con buena letra. <br \/>  Ahora nos volvemos a encontrar en estos libros para seguir creciendo juntos. <br \/>  Empieza con Caligraf\u00eda creativa 1, y el paso a paso del lettering; contin\u00faa con Caligraf\u00eda creativa 2, donde vas a aprender m\u00e1s trucos y subir un poco el nivel; y termina con Caligraf\u00eda creativa 3 para practicar la preciosa cursiva inglesa. Adem\u00e1s, podr\u00e1s acceder a nuestro curso online de Iniciaci\u00f3n al Lettering RUBIO con pr\u00e1cticos tutoriales y descargables. <br \/>  Estos libros no son para expertos, sino para enamorados de la escritura con ganas de pasar un buen rato. Y es que escribir a mano es, tambi\u00e9n, un excelente entrenamiento para nuestro cerebro, as\u00ed que&#8230; \u00a1manos a las letras!<\/p>\n","protected":false},"excerpt":{"rendered":"<p>VV.AA.3<\/p>\n","protected":false},"featured_media":991752,"template":"","meta":{"_acf_changed":false,"om_disable_all_campaigns":false,"rs_blank_template":"","rs_page_bg_color":"","slide_template_v7":"","inline_featured_image":false,"_monsterinsights_skip_tracking":false,"_monsterinsights_sitenote_active":false,"_monsterinsights_sitenote_note":"","_monsterinsights_sitenote_category":0},"product_brand":[],"product_cat":[551,101,105,555],"product_tag":[],"class_list":{"0":"post-991698","1":"product","2":"type-product","3":"status-publish","4":"has-post-thumbnail","6":"product_cat-manualidades","7":"product_cat-manualitats","8":"product_cat-regal","9":"product_cat-regalo","11":"first","12":"instock","13":"taxable","14":"shipping-taxable","15":"purchasable","16":"product-type-simple"},"acf":{"autor":"VV.AA.3","codart":"841896497","libros-coleccion":"FORA DE COL.LECCI\u00d3","ediciones":"1","encuadernacion":"Carton\u00e9","fecha_de_publicacion":"01\/10\/2024","novedad":"1","paginas":"0","subtitulo":"","orden":"0","portada":"0","idioma":"spa","editorial":[{"ID":268831,"post_author":"3","post_date":"2022-12-01 18:22:03","post_date_gmt":"2022-12-01 17:22:03","post_content":"","post_title":"Editorial Rubio","post_excerpt":"","post_status":"publish","comment_status":"closed","ping_status":"closed","post_password":"","post_name":"editorial-rubio","to_ping":"","pinged":"","post_modified":"2022-12-01 18:22:03","post_modified_gmt":"2022-12-01 17:22:03","post_content_filtered":"","post_parent":0,"guid":"http:\/\/dev.claret.cat\/editorial\/editorial-rubio\/","menu_order":0,"post_type":"editorial","post_mime_type":"","comment_count":"0","filter":"raw"}]},"aioseo_notices":[],"_links":{"self":[{"href":"https:\/\/www.claret.cat\/es\/wp-json\/wp\/v2\/product\/991698","targetHints":{"allow":["GET"]}}],"collection":[{"href":"https:\/\/www.claret.cat\/es\/wp-json\/wp\/v2\/product"}],"about":[{"href":"https:\/\/www.claret.cat\/es\/wp-json\/wp\/v2\/types\/product"}],"wp:featuredmedia":[{"embeddable":true,"href":"https:\/\/www.claret.cat\/es\/wp-json\/wp\/v2\/media\/991752"}],"wp:attachment":[{"href":"https:\/\/www.claret.cat\/es\/wp-json\/wp\/v2\/media?parent=991698"}],"wp:term":[{"taxonomy":"product_brand","embeddable":true,"href":"https:\/\/www.claret.cat\/es\/wp-json\/wp\/v2\/product_brand?post=991698"},{"taxonomy":"product_cat","embeddable":true,"href":"https:\/\/www.claret.cat\/es\/wp-json\/wp\/v2\/product_cat?post=991698"},{"taxonomy":"product_tag","embeddable":true,"href":"https:\/\/www.claret.cat\/es\/wp-json\/wp\/v2\/product_tag?post=991698"}],"curies":[{"name":"wp","href":"https:\/\/api.w.org\/{rel}","templated":true}]}}