{"id":9917,"date":"2022-09-30T19:45:37","date_gmt":"2022-09-30T17:45:37","guid":{"rendered":"http:\/\/dev.claret.cat\/producte\/el-eneagrama-infantil\/"},"modified":"2025-09-19T16:46:44","modified_gmt":"2025-09-19T14:46:44","slug":"el-eneagrama-infantil-9788433030436","status":"publish","type":"product","link":"https:\/\/www.claret.cat\/es\/libro\/el-eneagrama-infantil-9788433030436\/","title":{"rendered":"EL ENEAGRAMA INFANTIL"},"content":{"rendered":"<p>\u00bfQu\u00e9 es el car\u00e1cter, c\u00f3mo se describe, acaso tiene forma en el inconsciente? Imag\u00ednese que llega a un peaje en la autopista, tras el cual surgen 9 carreteras y algo en usted, a\u00fan no sabe qu\u00e9, le induce a escoger una de las nueve opciones. Todas tienen el mismo destino, pero cada una encierra parte de una clave que necesita para llegar al final de su trayecto.<br \/>Sea cual sea la que haya escogido, parece que una corriente m\u00edstica muy antigua en la historia, el sufismo, ya se ocup\u00f3 de categorizar al car\u00e1cter en 9 tipos de expresi\u00f3n seg\u00fan sus necesidades, miedos y modos de expresi\u00f3n, el Eneagrama. Dichos modos parecen darse tanto en el comportamiento como en la expresi\u00f3n f\u00edsica del individuo.<br \/>Pero la cuesti\u00f3n clave es si conocer el car\u00e1cter de nuestros hijos e hijas nos otorga la posibilidad de conocerlos m\u00e1s profundamente y de colocarnos en una actitud de apoyo m\u00e1s coherente con su maduraci\u00f3n.<br \/>\u00bfC\u00f3mo es nuestro hijo? \u00bfEs conciliador, pasivo o defensor? \u00bfTiende a ser delgado o gordito?&#8230; Si nuestro ni\u00f1o tiene un eneatipo, describir\u00e1 un conjunto multidimensional de expresiones que podr\u00e1n ser fortalecidas o empobrecidas por otro eneatipo, conduciendo su crecimiento hacia una integraci\u00f3n sana o alej\u00e1ndolo de ella.<br \/>Todas estas cuestiones, y muchas otras, son las que abordaremos aqu\u00ed y esperamos de coraz\u00f3n que resulten de utilidad, sin olvidar nunca que bucear en el universo espiritual del ser humano no deja de ser una aventura ciertamente desconcertante.<\/p>\n","protected":false},"excerpt":{"rendered":"<p>ARRIBAS, LUIS<\/p>\n","protected":false},"featured_media":347107,"template":"","meta":{"_acf_changed":false,"om_disable_all_campaigns":false,"rs_blank_template":"","rs_page_bg_color":"","slide_template_v7":"","inline_featured_image":false,"_monsterinsights_skip_tracking":false,"_monsterinsights_sitenote_active":false,"_monsterinsights_sitenote_note":"","_monsterinsights_sitenote_category":0},"product_brand":[],"product_cat":[81,347],"product_tag":[],"class_list":{"0":"post-9917","1":"product","2":"type-product","3":"status-publish","4":"has-post-thumbnail","6":"product_cat-psicologia","7":"product_cat-psicologia-2_humanidades","9":"first","10":"instock","11":"taxable","12":"shipping-taxable","13":"purchasable","14":"product-type-simple"},"acf":{"autor":"ARRIBAS, LUIS","codart":"843303043","libros-coleccion":"","ediciones":"1","encuadernacion":"R\u00fastica","fecha_de_publicacion":"14\/05\/2019","novedad":"1","paginas":"120","subtitulo":"AMAR SU CAMBIO, APOYAR SU PROCESO, COMPRENDER SU CAR\u00c1CTER","orden":"0","portada":"0","idioma":"spa","editorial":[{"ID":6179,"post_author":"3","post_date":"2022-07-28 17:46:36","post_date_gmt":"2022-07-28 15:46:36","post_content":"","post_title":"DESCLEE DE BROUWER","post_excerpt":"","post_status":"publish","comment_status":"closed","ping_status":"closed","post_password":"","post_name":"desclee-de-brouwer","to_ping":"","pinged":"","post_modified":"2022-07-28 17:46:36","post_modified_gmt":"2022-07-28 15:46:36","post_content_filtered":"","post_parent":0,"guid":"http:\/\/dev.claret.cat\/editorial\/desclee-de-brouwer\/","menu_order":0,"post_type":"editorial","post_mime_type":"","comment_count":"0","filter":"raw"}],"autores-libros":[{"ID":162681,"post_author":"3","post_date":"2022-10-14 17:32:57","post_date_gmt":"2022-10-14 15:32:57","post_content":"","post_title":"LUIS ARRIBAS","post_excerpt":"","post_status":"publish","comment_status":"closed","ping_status":"closed","post_password":"","post_name":"luis-arribas","to_ping":"","pinged":"","post_modified":"2022-10-14 17:32:57","post_modified_gmt":"2022-10-14 15:32:57","post_content_filtered":"","post_parent":0,"guid":"http:\/\/dev.claret.cat\/autor\/luis-arribas\/","menu_order":0,"post_type":"autor","post_mime_type":"","comment_count":"0","filter":"raw"}],"booktrailer":"","resenas":""},"aioseo_notices":[],"_links":{"self":[{"href":"https:\/\/www.claret.cat\/es\/wp-json\/wp\/v2\/product\/9917","targetHints":{"allow":["GET"]}}],"collection":[{"href":"https:\/\/www.claret.cat\/es\/wp-json\/wp\/v2\/product"}],"about":[{"href":"https:\/\/www.claret.cat\/es\/wp-json\/wp\/v2\/types\/product"}],"wp:featuredmedia":[{"embeddable":true,"href":"https:\/\/www.claret.cat\/es\/wp-json\/wp\/v2\/media\/347107"}],"wp:attachment":[{"href":"https:\/\/www.claret.cat\/es\/wp-json\/wp\/v2\/media?parent=9917"}],"wp:term":[{"taxonomy":"product_brand","embeddable":true,"href":"https:\/\/www.claret.cat\/es\/wp-json\/wp\/v2\/product_brand?post=9917"},{"taxonomy":"product_cat","embeddable":true,"href":"https:\/\/www.claret.cat\/es\/wp-json\/wp\/v2\/product_cat?post=9917"},{"taxonomy":"product_tag","embeddable":true,"href":"https:\/\/www.claret.cat\/es\/wp-json\/wp\/v2\/product_tag?post=9917"}],"curies":[{"name":"wp","href":"https:\/\/api.w.org\/{rel}","templated":true}]}}