{"id":991786,"date":"2024-11-14T10:55:15","date_gmt":"2024-11-14T09:55:15","guid":{"rendered":"https:\/\/www.claret.cat\/llibre\/dios-de-la-esperanza-y-del-consuelo-tiempo-ordinario-y-cuaresma-ciclo-c-19-de-enero-al-6-de-abril-de-2025-9788410630710\/"},"modified":"2024-11-27T12:00:13","modified_gmt":"2024-11-27T11:00:13","slug":"dios-de-la-esperanza-y-del-consuelo-tiempo-ordinario-y-cuaresma-ciclo-c-19-de-enero-al-6-de-abril-de-2025-9788410630710","status":"publish","type":"product","link":"https:\/\/www.claret.cat\/es\/libro\/dios-de-la-esperanza-y-del-consuelo-tiempo-ordinario-y-cuaresma-ciclo-c-19-de-enero-al-6-de-abril-de-2025-9788410630710\/","title":{"rendered":"DIOS DE LA ESPERANZA Y DEL CONSUELO : TIEMPO ORDINARIO Y CUARESMA. CICLO C \/ 19 DE ENERO AL 6 DE ABRIL de 2025"},"content":{"rendered":"<p><span style='color: black'>Recursos pastorales para facilitar las celebraciones eucar\u00edsticas de Tiempo ordinario y Cuaresma (Ciclo C \/ 19 de enero al 6 de abril): lecturas y ex\u00e9gesis, homil\u00edas, lectura familiar del evangelio, moniciones, oraciones\u2026 Adem\u00e1s, se incluye una secci\u00f3n de recursos pastorales con esquemas de reuniones de formaci\u00f3n (Lectio divina, Iniciaci\u00f3n en la fe, Documentos eclesiales, Doctrina social de la Iglesia) y tambi\u00e9n una propuesta de oraci\u00f3n o retiro para grupos.<\/span><\/p>\n","protected":false},"excerpt":{"rendered":"<p>EQUIPO EUCARIST\u00cdA<\/p>\n","protected":false},"featured_media":991787,"template":"","meta":{"_acf_changed":false,"om_disable_all_campaigns":false,"rs_blank_template":"","rs_page_bg_color":"","slide_template_v7":"","inline_featured_image":false,"_monsterinsights_skip_tracking":false,"_monsterinsights_sitenote_active":false,"_monsterinsights_sitenote_note":"","_monsterinsights_sitenote_category":0},"product_brand":[],"product_cat":[399,253],"product_tag":[],"class_list":{"0":"post-991786","1":"product","2":"type-product","3":"status-publish","4":"has-post-thumbnail","6":"product_cat-any-liturgic-liturgia-1_espiritualidad","7":"product_cat-any-liturgic","9":"first","10":"instock","11":"taxable","12":"shipping-taxable","13":"purchasable","14":"product-type-simple"},"acf":{"autor":"EQUIPO EUCARIST\u00cdA","codart":"841063071","libros-coleccion":"","ediciones":"1","encuadernacion":"R\u00fastica","fecha_de_publicacion":"13\/11\/2024","novedad":"1","paginas":"220","subtitulo":"","orden":"0","portada":"0","idioma":"spa","editorial":[{"ID":6390,"post_author":"3","post_date":"2022-07-28 17:51:08","post_date_gmt":"2022-07-28 15:51:08","post_content":"","post_title":"VERBO DIVINO","post_excerpt":"","post_status":"publish","comment_status":"closed","ping_status":"closed","post_password":"","post_name":"verbo-divino","to_ping":"","pinged":"","post_modified":"2022-07-28 17:51:08","post_modified_gmt":"2022-07-28 15:51:08","post_content_filtered":"","post_parent":0,"guid":"http:\/\/dev.claret.cat\/editorial\/verbo-divino\/","menu_order":0,"post_type":"editorial","post_mime_type":"","comment_count":"0","filter":"raw"}]},"aioseo_notices":[],"_links":{"self":[{"href":"https:\/\/www.claret.cat\/es\/wp-json\/wp\/v2\/product\/991786","targetHints":{"allow":["GET"]}}],"collection":[{"href":"https:\/\/www.claret.cat\/es\/wp-json\/wp\/v2\/product"}],"about":[{"href":"https:\/\/www.claret.cat\/es\/wp-json\/wp\/v2\/types\/product"}],"wp:featuredmedia":[{"embeddable":true,"href":"https:\/\/www.claret.cat\/es\/wp-json\/wp\/v2\/media\/991787"}],"wp:attachment":[{"href":"https:\/\/www.claret.cat\/es\/wp-json\/wp\/v2\/media?parent=991786"}],"wp:term":[{"taxonomy":"product_brand","embeddable":true,"href":"https:\/\/www.claret.cat\/es\/wp-json\/wp\/v2\/product_brand?post=991786"},{"taxonomy":"product_cat","embeddable":true,"href":"https:\/\/www.claret.cat\/es\/wp-json\/wp\/v2\/product_cat?post=991786"},{"taxonomy":"product_tag","embeddable":true,"href":"https:\/\/www.claret.cat\/es\/wp-json\/wp\/v2\/product_tag?post=991786"}],"curies":[{"name":"wp","href":"https:\/\/api.w.org\/{rel}","templated":true}]}}