{"id":992278,"date":"2024-11-18T13:11:36","date_gmt":"2024-11-18T12:11:36","guid":{"rendered":"https:\/\/www.claret.cat\/llibre\/el-capita-barbamec-i-el-pingui-bandarra-9788419912244\/"},"modified":"2025-04-22T18:35:44","modified_gmt":"2025-04-22T16:35:44","slug":"el-capita-barbamec-i-el-pingui-bandarra-9788419912244","status":"publish","type":"product","link":"https:\/\/www.claret.cat\/es\/libro\/el-capita-barbamec-i-el-pingui-bandarra-9788419912244\/","title":{"rendered":"EL CAPIT\u00c0 BARBAMEC I EL PING\u00dc\u00cd BANDARRA"},"content":{"rendered":"<p>El capit\u00e0 Barbamec i el ping\u00fc\u00ed bandarra \u00e9s un conte d&#x2019;all\u00f2 m\u00e9s esbojarrat recomanat per a nens i nenes a partir de 7 anys. El text, que combina una narraci\u00f3 senzilla amb molt de\u00a0di\u00e0leg i bafarades de c\u00f2mic, est\u00e0 acompanyat d&#x2019;unes il\u00b7lustracions fant\u00e0stiques a tot color.\u00a0\u00a0<br \/> \u00a0<br \/> \u00c9s un conte superdivertit que, a m\u00e9s, permet treballar totes les mat\u00e8ries d&#x2019;un trimestre de tercer de prim\u00e0ria competencialment amb el material que s&#x2019;ofereix gratu\u00eftament al final del llibre.\u00a0\u00a0<br \/> \u00a0<br \/> El capit\u00e0 Barbamec, un llop de mar d&#x2019;all\u00f2 m\u00e9s viatjat, retorna del seu \u00faltim viatge amb uns quants records: una estatueta d&#x2019;una tribu africana, esp\u00e8cies de l&#x2019;\u00cdndia, un barret xin\u00e8s i&#x2026; un ping\u00fc\u00ed de l&#x2019;Ant\u00e0rtida! Per\u00f2 resulta que aquest carai de ping\u00fc\u00ed nom\u00e9s t\u00e9 ganes de fer-li la guitza i, cada nit, li remena totes les cartes de navegaci\u00f3. Quin bandarra!\u00a0\u00a0<br \/> Qu\u00e8 podr\u00e0 fer el capit\u00e0 per solucionar aquest gran embolic?\u00a0<br \/> \u00a0<br \/> Altres llibres d&#x2019;humor d&#x2019;Edicions del Pirata:<br \/> &#8211; Els b\u00e0squet prodigis 1: El torneig dels somnis<br \/> &#8211; Els b\u00e0squet prodigis 2: El misteri dels Joves d&#x2019;Or<br \/> &#8211; Poca broma amb la xocolata!<br \/> &#8211; Poca broma amb les vacances!<br \/> &#8211; Poca broma amb l&#x2019;escola!<\/p>\n","protected":false},"excerpt":{"rendered":"<p>QUELCOM, TX\u00daS<\/p>\n","protected":false},"featured_media":992438,"template":"","meta":{"_acf_changed":false,"om_disable_all_campaigns":false,"rs_blank_template":"","rs_page_bg_color":"","slide_template_v7":"","inline_featured_image":false,"_monsterinsights_skip_tracking":false,"_monsterinsights_sitenote_active":false,"_monsterinsights_sitenote_note":"","_monsterinsights_sitenote_category":0},"product_brand":[],"product_cat":[132,362],"product_tag":[],"class_list":{"0":"post-992278","1":"product","2":"type-product","3":"status-publish","4":"has-post-thumbnail","6":"product_cat-lectures-per-preadolescents-6-12-anys","7":"product_cat-libros-preadolescentes-6-12-anos","9":"first","10":"instock","11":"taxable","12":"shipping-taxable","13":"purchasable","14":"product-type-simple"},"acf":{"autor":"QUELCOM, TX\u00daS","codart":"841991224","libros-coleccion":"Tresor del Pirata","ediciones":"1","encuadernacion":"R\u00fastica","fecha_de_publicacion":"01\/11\/2024","novedad":"1","paginas":"100","subtitulo":"LLIBRE INFANTIL EN CATALP\u00c0 PER A 7 ANYS. MOLT DIVERTIT!","orden":"0","portada":"0","idioma":"cat","editorial":[{"ID":147881,"post_author":"3","post_date":"2022-10-14 11:53:55","post_date_gmt":"2022-10-14 09:53:55","post_content":"","post_title":"EDICIONS DEL PIRATA","post_excerpt":"","post_status":"publish","comment_status":"closed","ping_status":"closed","post_password":"","post_name":"edicions-del-pirata","to_ping":"","pinged":"","post_modified":"2022-10-14 11:53:55","post_modified_gmt":"2022-10-14 09:53:55","post_content_filtered":"","post_parent":0,"guid":"http:\/\/dev.claret.cat\/editorial\/edicions-del-pirata\/","menu_order":0,"post_type":"editorial","post_mime_type":"","comment_count":"0","filter":"raw"}],"booktrailer":"","resenas":""},"aioseo_notices":[],"_links":{"self":[{"href":"https:\/\/www.claret.cat\/es\/wp-json\/wp\/v2\/product\/992278","targetHints":{"allow":["GET"]}}],"collection":[{"href":"https:\/\/www.claret.cat\/es\/wp-json\/wp\/v2\/product"}],"about":[{"href":"https:\/\/www.claret.cat\/es\/wp-json\/wp\/v2\/types\/product"}],"wp:featuredmedia":[{"embeddable":true,"href":"https:\/\/www.claret.cat\/es\/wp-json\/wp\/v2\/media\/992438"}],"wp:attachment":[{"href":"https:\/\/www.claret.cat\/es\/wp-json\/wp\/v2\/media?parent=992278"}],"wp:term":[{"taxonomy":"product_brand","embeddable":true,"href":"https:\/\/www.claret.cat\/es\/wp-json\/wp\/v2\/product_brand?post=992278"},{"taxonomy":"product_cat","embeddable":true,"href":"https:\/\/www.claret.cat\/es\/wp-json\/wp\/v2\/product_cat?post=992278"},{"taxonomy":"product_tag","embeddable":true,"href":"https:\/\/www.claret.cat\/es\/wp-json\/wp\/v2\/product_tag?post=992278"}],"curies":[{"name":"wp","href":"https:\/\/api.w.org\/{rel}","templated":true}]}}